{"id":94229,"date":"2025-11-19T16:13:50","date_gmt":"2025-11-19T21:13:50","guid":{"rendered":"https:\/\/www.centraide-mtl.org\/?page_id=94229"},"modified":"2026-02-03T15:25:31","modified_gmt":"2026-02-03T20:25:31","slug":"mrc-de-marguerite-dyouville","status":"publish","type":"page","link":"https:\/\/www.centraide-mtl.org\/en\/neighbourhood-profiles\/south-shore\/mrc-de-marguerite-dyouville\/","title":{"rendered":"MRC de Marguerite-D\u2019Youville"},"content":{"rendered":"\n<h2 class=\"block-stylised-title theme-block aligndefault\" id=\"block_e031a298f96a4e731cdc7172f1238dc1\" style=\"text-align: center\">                            <span class=\"block-stylised-title__line block-stylised-title__line--big-thin\">Snapshot of the<\/span>\n                            <br>\n                  <span class=\"block-stylised-title__line block-stylised-title__line--big-bold\">MRC de Marguerite-D\u2019Youville<\/span>\n      <\/h2>\n\n\n\n<p class=\"has-text-align-center\">(Calixa-Lavall\u00e9e, Contrec\u0153ur, Saint-Amable, Sainte-Julie, Varennes and Verch\u00e8res)<\/p>\n\n\n\n<div style=\"height:45px\" aria-hidden=\"true\" class=\"wp-block-spacer\"><\/div>\n\n\n\n<h3 class=\"wp-block-heading has-text-align-left is-style-little-title\"><strong><strong>Discover key facts<\/strong><\/strong><\/h3>\n\n\n\n<div style=\"height:19px\" aria-hidden=\"true\" class=\"wp-block-spacer\"><\/div>\n\n\n\n<p class=\"has-white-background-color has-background\"><strong>\ud83d\udccd <strong><strong><strong><strong><strong><strong><strong><strong><strong><strong>Population \u2013 strong growth and high proportion of families<\/strong><\/strong><\/strong><\/strong><\/strong><\/strong><\/strong><\/strong><\/strong><\/strong><\/strong><br><br>Between 2016 and 2021, Saint-Amable&nbsp;(+10%) and Contrec\u0153ur&nbsp;(+20%) experienced strong population growth, above that of the MRC overall&nbsp;(+4%) and the South Shore average&nbsp;(+6%). The MRC de Marguerite-D\u2019Youville also has a high share of families&nbsp;(41%, compared with 37% for the South Shore).<\/p>\n\n\n\n<p class=\"has-white-background-color has-background\"><strong><strong>\ud83c\udfda\ufe0f<\/strong> <strong><strong><strong>Poverty \u2013&nbsp;low<\/strong><\/strong><\/strong><\/strong><br><br>Only 3%&nbsp;of the population, or 2,050&nbsp;people, live on a&nbsp;low income, slightly below the South Shore average&nbsp;(5%) and the lowest among all Centraide MRCs. Median household income is&nbsp;$82,000, well above the South Shore average&nbsp;($72,000).<\/p>\n\n\n\n<p class=\"has-white-background-color has-background\"><strong><strong><strong><strong>\u270f\ufe0f<\/strong><\/strong><\/strong> <strong><strong><strong><strong><strong><strong><strong><strong><strong><strong><strong>Low educational attainment&nbsp;(without a high school diploma) \u2013 pronounced in Saint-Amable<\/strong><\/strong><\/strong><\/strong><\/strong><\/strong><\/strong><\/strong><\/strong><\/strong><\/strong><\/strong><br><br>Ten percent of adults aged 25\u201364&nbsp;(2,995&nbsp;people) do not have a high school diploma, the same share as the South Shore average&nbsp;(10%). Rates vary strongly across municipalities: 6% in Sainte-Julie and up to 19% in Saint-Amable, which also has the largest number of adults without a high school diploma&nbsp;(1,430&nbsp;people).<\/p>\n\n\n\n<p class=\"has-white-background-color has-background\"><strong><strong><strong><strong>\ud83c\udf0e<\/strong><\/strong><\/strong> <strong><strong><strong><strong><strong><strong><strong><strong><strong><strong><strong><strong>Diversity and immigration \u2013&nbsp;low but growing<\/strong><\/strong><\/strong><\/strong><\/strong><\/strong><\/strong><\/strong><\/strong><\/strong><\/strong><\/strong><\/strong><br><br>The MRC has a small share of immigrants&nbsp;(5%) and visible minority residents&nbsp;(5%) compared with the South Shore overall&nbsp;(15% and 16%). Between 2016 and 2021, the immigrant population grew by 47% and the population belonging to visible minority groups grew by 72%.<\/p>\n\n\n\n<div class=\"wp-block-group\"><div class=\"wp-block-group__inner-container is-layout-flow wp-block-group-is-layout-flow\">\n<div style=\"height:15px\" aria-hidden=\"true\" class=\"wp-block-spacer\"><\/div>\n\n\n<div class=\"wp-block-image\">\n<figure class=\"aligncenter size-full is-resized\"><img decoding=\"async\" width=\"609\" height=\"85\" src=\"https:\/\/www.centraide-mtl.org\/wp-content\/uploads\/2022\/05\/Separateur_corpo_1-1.png\" alt=\"\" class=\"wp-image-44527\" style=\"object-fit:cover;width:386px;height:auto\" srcset=\"https:\/\/www.centraide-mtl.org\/wp-content\/uploads\/2022\/05\/Separateur_corpo_1-1.png 609w, https:\/\/www.centraide-mtl.org\/wp-content\/uploads\/2022\/05\/Separateur_corpo_1-1-300x42.png 300w\" sizes=\"(max-width: 609px) 100vw, 609px\" \/><\/figure>\n<\/div><\/div><\/div>\n\n\n\n<h3 class=\"wp-block-heading has-text-align-center is-style-little-title\"><strong><strong>Dashboard<\/strong><\/strong><\/h3>\n\n\n\n<p>Consult this dashboard to access a wide range of demographic, socio-cultural\/economic, and living-condition data.<\/p>\n\n\n\n<div style=\"height:15px\" aria-hidden=\"true\" class=\"wp-block-spacer\"><\/div>\n\n\n\n<div class=\"wp-block-buttons is-content-justification-center is-layout-flex wp-container-core-buttons-is-layout-16018d1d wp-block-buttons-is-layout-flex\">\n<div class=\"wp-block-button\"><a class=\"wp-block-button__link has-orange-background-color has-background wp-element-button\" href=\"https:\/\/app.powerbi.com\/view?r=eyJrIjoiOWZlMjg2ZmMtNzgxOS00ODNhLWJiZjQtYWYzOGI1MzQxOWJjIiwidCI6IjUwOTZmZGRlLWNhYTUtNDdmZS04MzM3LTVmYjJhYTE2ZmYwYyJ9\" target=\"_blank\" rel=\"noreferrer noopener\">Consult the dashboard (Only in French)<\/a><\/div>\n<\/div>\n\n\n\n<div style=\"height:31px\" aria-hidden=\"true\" class=\"wp-block-spacer\"><\/div>\n\n\n\n<figure class=\"wp-block-image size-full\"><a href=\"https:\/\/app.powerbi.com\/view?r=eyJrIjoiOWZlMjg2ZmMtNzgxOS00ODNhLWJiZjQtYWYzOGI1MzQxOWJjIiwidCI6IjUwOTZmZGRlLWNhYTUtNDdmZS04MzM3LTVmYjJhYTE2ZmYwYyJ9\" target=\"_blank\" rel=\" noreferrer noopener\"><img decoding=\"async\" width=\"1024\" height=\"512\" src=\"https:\/\/www.centraide-mtl.org\/wp-content\/uploads\/2025\/10\/Ecran-PowerBI-1-1024x512-1.png\" alt=\"\" class=\"wp-image-91444\" srcset=\"https:\/\/www.centraide-mtl.org\/wp-content\/uploads\/2025\/10\/Ecran-PowerBI-1-1024x512-1.png 1024w, https:\/\/www.centraide-mtl.org\/wp-content\/uploads\/2025\/10\/Ecran-PowerBI-1-1024x512-1-300x150.png 300w, https:\/\/www.centraide-mtl.org\/wp-content\/uploads\/2025\/10\/Ecran-PowerBI-1-1024x512-1-768x384.png 768w\" sizes=\"(max-width: 1024px) 100vw, 1024px\" \/><\/a><\/figure>\n\n\n\n<div style=\"height:19px\" aria-hidden=\"true\" class=\"wp-block-spacer\"><\/div>\n\n\n\n<iframe loading=\"lazy\" src=\"https:\/\/www.google.com\/maps\/d\/embed?mid=1KJyIlTYWUP5LhxDAVP3qoYCi4DvmOyU&#038;ehbc=2E312F\" width=\"640\" height=\"480\"><\/iframe>\n\n\n\n<p><\/p>\n","protected":false},"excerpt":{"rendered":"<p>(Calixa-Lavall\u00e9e, Contrec\u0153ur, Saint-Amable, Sainte-Julie, Varennes and Verch\u00e8res) Discover key facts \ud83d\udccd Population \u2013 strong growth and high proportion of families Between 2016 and 2021, Saint-Amable&nbsp;(+10%) and Contrec\u0153ur&nbsp;(+20%) experienced strong population growth, above that of the&hellip;<\/p>\n","protected":false},"author":5,"featured_media":0,"parent":90432,"menu_order":3,"comment_status":"closed","ping_status":"closed","template":"","meta":{"_acf_changed":false,"_relevanssi_hide_post":"","_relevanssi_hide_content":"","_relevanssi_pin_for_all":"","_relevanssi_pin_keywords":"","_relevanssi_unpin_keywords":"","_relevanssi_related_keywords":"","_relevanssi_related_include_ids":"","_relevanssi_related_exclude_ids":"","_relevanssi_related_no_append":"","_relevanssi_related_not_related":"","_relevanssi_related_posts":"60113,41207,71316,79580,36230,47723","_relevanssi_noindex_reason":"","footnotes":""},"class_list":["post-94229","page","type-page","status-publish","hentry"],"acf":[],"publishpress_future_workflow_manual_trigger":{"enabledWorkflows":[]},"_links":{"self":[{"href":"https:\/\/www.centraide-mtl.org\/en\/wp-json\/wp\/v2\/pages\/94229","targetHints":{"allow":["GET"]}}],"collection":[{"href":"https:\/\/www.centraide-mtl.org\/en\/wp-json\/wp\/v2\/pages"}],"about":[{"href":"https:\/\/www.centraide-mtl.org\/en\/wp-json\/wp\/v2\/types\/page"}],"author":[{"embeddable":true,"href":"https:\/\/www.centraide-mtl.org\/en\/wp-json\/wp\/v2\/users\/5"}],"replies":[{"embeddable":true,"href":"https:\/\/www.centraide-mtl.org\/en\/wp-json\/wp\/v2\/comments?post=94229"}],"version-history":[{"count":3,"href":"https:\/\/www.centraide-mtl.org\/en\/wp-json\/wp\/v2\/pages\/94229\/revisions"}],"predecessor-version":[{"id":102094,"href":"https:\/\/www.centraide-mtl.org\/en\/wp-json\/wp\/v2\/pages\/94229\/revisions\/102094"}],"up":[{"embeddable":true,"href":"https:\/\/www.centraide-mtl.org\/en\/wp-json\/wp\/v2\/pages\/90432"}],"wp:attachment":[{"href":"https:\/\/www.centraide-mtl.org\/en\/wp-json\/wp\/v2\/media?parent=94229"}],"curies":[{"name":"wp","href":"https:\/\/api.w.org\/{rel}","templated":true}]}}