{"id":871,"date":"2020-11-05T12:24:26","date_gmt":"2020-11-05T17:24:26","guid":{"rendered":"http:\/\/www.centraide-mtl.org\/?page_id=871"},"modified":"2025-09-29T14:07:49","modified_gmt":"2025-09-29T18:07:49","slug":"directory-of-agencies-and-projects","status":"publish","type":"page","link":"https:\/\/www.centraide-mtl.org\/en\/directory-of-agencies-and-projects\/","title":{"rendered":"Directory of agencies and projects supported by Centraide"},"content":{"rendered":"\n<h2 class=\"block-stylised-title theme-block aligndefault\" id=\"block_e8d75325a70e0adf05ab0e066ecf98a0\" style=\"text-align: center\">                            <span class=\"block-stylised-title__line block-stylised-title__line--big-bold\">Resources <\/span>\n                            <br>\n                  <span class=\"block-stylised-title__line block-stylised-title__line--small\">all over the greater Montreal area<\/span>\n      <\/h2>\n\n\n\n<div style=\"height:25px\" aria-hidden=\"true\" class=\"wp-block-spacer\"><\/div>\n\n\n\n<p>This directory presents all the community agencies that receive financial support from Centraide to take action against poverty and exclusion in the neighbourhoods, towns, and villages of Greater Montreal.<\/p>\n\n\n\n<p>To find agencies sort by name, territory, or area of activity or enter a postal code to list community agencies according to their proximity.<\/p>\n\n\n\n<p>Are you looking for assistance from an agency? Dial <a href=\"tel:211\" class=\"rank-math-link\">211<\/a> on your telephone. Someone will direct you to the approproriate resources.<\/p>\n\n\n<section id=\"block_52ec2e5ebdd7d42b6c238cde08117a9e\" class=\"block-organization-listing theme-block aligndefault alignwide\">\n  \n<div class=\"filter__post__dropdown mobile_filter\">\n Filters<i class=\"icon icon-arrow-down\"><\/i>\n<\/div>\n<div id=\"filters\" class=\"dropdown__filter__post-slide active\">\n <div class=\"filter__post\">\n  <div class=\"filter__post__inner\">\n   <div class=\"filter__post__wrapper_third filter-address__organization\">\n    <div class=\"facetwp-facet facetwp-facet-organization_address facetwp-type-proximity\" data-name=\"organization_address\" data-type=\"proximity\"><\/div>   <\/div>\n   <div class=\"filter__post__wrapper_third\">\n    <div class=\"facetwp-facet facetwp-facet-organization_search facetwp-type-search\" data-name=\"organization_search\" data-type=\"search\"><\/div>   <\/div>\n   <div class=\"filter__post__wrapper_third\">\n    <div class=\"facetwp-facet facetwp-facet-organization_sector facetwp-type-fselect\" data-name=\"organization_sector\" data-type=\"fselect\"><\/div>   <\/div>\n   <div class=\"filter__post__wrapper_third\">\n    <div class=\"facetwp-facet facetwp-facet-field_action facetwp-type-fselect\" data-name=\"field_action\" data-type=\"fselect\"><\/div>    <div class=\"facetwp-facet facetwp-facet-intervention_sector facetwp-type-fselect\" data-name=\"intervention_sector\" data-type=\"fselect\"><\/div>   <\/div>\n  <\/div>\n <\/div>\n <div class=\"filter__post__reset\">\n    <button class=\"reset\">\n    <span class=\"icon icon-close\"><\/span>Reset    <\/button>\n  <\/div>\n<\/div>\n\n<div class=\"filter__indication\">\n  <div class=\"filter__indication__number\">\n    <div class=\"facetwp-facet facetwp-facet-count_organization facetwp-type-pager\" data-name=\"count_organization\" data-type=\"pager\"><\/div>  <\/div>\n  <div class=\"filter__post__sort\">\n    <span>Sort by:<\/span>\n    <div class=\"facetwp-sort\"><\/div>  <\/div>\n<\/div>\n\n<script>\n \/\/ accordion filter product\n var acc = document.getElementsByClassName(\"filter__post__dropdown\");\n var i;\n\n for (i = 0; i < acc.length; i++) {\n     acc[i].onclick = function () {\n         this.classList.toggle(\"active\");\n         this.nextElementSibling.classList.toggle(\"show\");\n     };\n }\n \n(function ($) {\n\n  $(document).on('facetwp-loaded', function () {\n    $('button.reset').on('click' , function(){\n    FWP.reset();\n  });\n      \n  if ('' === FWP.buildQueryString()) {\n    $('button.reset').css('display', 'none');\n  }\n  else {\n    $('button.reset').css('display', 'block');\n  }\n    \n  });\n  \n})(jQuery);\n\n<\/script>\n  \n  <div class=\"section-organization\">\n    <div class=\"listing-organizations facetwp-template\">\n      <div class=\"listing-organizations__wrapper\">\n                  <div onclick=\"window.location='https:\/\/www.centraide-mtl.org\/en\/directory-of-agencies-and-projects\/123-go-saint-michel-femmes-relais\/'\" class=\"organization__item swiper-slide\">\n  <div class=\"organization__item__thumbnail__wrapper\">\n  <img decoding=\"async\" src=\"https:\/\/www.centraide-mtl.org\/wp-content\/uploads\/2021\/01\/FemmesRelais.png\"\/>\n  <\/div>\n  \n  <div class=\"organization__item__info\">\n          <div class=\"publication__item__terms\">\n                          <a class=\"publication__item__term__inner\" title=\"ile-de-montreal\" href=\"https:\/\/www.centraide-mtl.org\/en\/wp-json\/wp\/v2\/pages\/871?_organization_sector=ile-de-montreal#filters\">\n          \u00cele de Montr\u00e9al        <\/a>\n                          <a class=\"publication__item__term__inner\" title=\"saint-michel\" href=\"https:\/\/www.centraide-mtl.org\/en\/wp-json\/wp\/v2\/pages\/871?_organization_sector=saint-michel#filters\">\n          Saint-Michel        <\/a>\n              <\/div>\n        <div href=\"https:\/\/www.centraide-mtl.org\/en\/directory-of-agencies-and-projects\/123-go-saint-michel-femmes-relais\/\" class=\"organization__item__title\">\n      1,2,3 GO! Saint-Michel \/ Femmes-Relais    <\/div>\n      \n        \n  <\/div>\n<\/div>\n                  <div onclick=\"window.location='https:\/\/www.centraide-mtl.org\/en\/directory-of-agencies-and-projects\/abri-de-la-rive-sud\/'\" class=\"organization__item swiper-slide\">\n  <div class=\"organization__item__thumbnail__wrapper\">\n  <img decoding=\"async\" src=\"https:\/\/www.centraide-mtl.org\/wp-content\/themes\/centraide-mtl.org\/dist\/images\/defaults\/orgaization-default.jpg\"\/>\n  <\/div>\n  \n  <div class=\"organization__item__info\">\n          <div class=\"publication__item__terms\">\n                          <a class=\"publication__item__term__inner\" title=\"rive-sud\" href=\"https:\/\/www.centraide-mtl.org\/en\/wp-json\/wp\/v2\/pages\/871?_organization_sector=rive-sud#filters\">\n          Rive-Sud        <\/a>\n                          <a class=\"publication__item__term__inner\" title=\"le-vieux-longueuil\" href=\"https:\/\/www.centraide-mtl.org\/en\/wp-json\/wp\/v2\/pages\/871?_organization_sector=le-vieux-longueuil#filters\">\n          Le Vieux-Longueuil        <\/a>\n              <\/div>\n        <div href=\"https:\/\/www.centraide-mtl.org\/en\/directory-of-agencies-and-projects\/abri-de-la-rive-sud\/\" class=\"organization__item__title\">\n      Abri de la Rive-Sud    <\/div>\n      \n        \n  <\/div>\n<\/div>\n                  <div onclick=\"window.location='https:\/\/www.centraide-mtl.org\/en\/directory-of-agencies-and-projects\/acces-benevolat\/'\" class=\"organization__item swiper-slide\">\n  <div class=\"organization__item__thumbnail__wrapper\">\n  <img decoding=\"async\" src=\"https:\/\/www.centraide-mtl.org\/wp-content\/uploads\/2021\/01\/Acces_Benevolat.png\"\/>\n  <\/div>\n  \n  <div class=\"organization__item__info\">\n          <div class=\"publication__item__terms\">\n                          <a class=\"publication__item__term__inner\" title=\"rosemont\" href=\"https:\/\/www.centraide-mtl.org\/en\/wp-json\/wp\/v2\/pages\/871?_organization_sector=rosemont#filters\">\n          Rosemont        <\/a>\n              <\/div>\n        <div href=\"https:\/\/www.centraide-mtl.org\/en\/directory-of-agencies-and-projects\/acces-benevolat\/\" class=\"organization__item__title\">\n      Acc\u00e8s B\u00e9n\u00e9volat    <\/div>\n      \n        \n  <\/div>\n<\/div>\n                  <div onclick=\"window.location='https:\/\/www.centraide-mtl.org\/en\/directory-of-agencies-and-projects\/accueil-aux-immigrants-de-lest-de-montreal\/'\" class=\"organization__item swiper-slide\">\n  <div class=\"organization__item__thumbnail__wrapper\">\n  <img decoding=\"async\" src=\"https:\/\/www.centraide-mtl.org\/wp-content\/uploads\/2022\/05\/Accueil-aux-immigrants-de-lest-de-Montreal.png\"\/>\n  <\/div>\n  \n  <div class=\"organization__item__info\">\n          <div class=\"publication__item__terms\">\n                          <a class=\"publication__item__term__inner\" title=\"saint-leonard\" href=\"https:\/\/www.centraide-mtl.org\/en\/wp-json\/wp\/v2\/pages\/871?_organization_sector=saint-leonard#filters\">\n          Saint-L\u00e9onard        <\/a>\n              <\/div>\n        <div href=\"https:\/\/www.centraide-mtl.org\/en\/directory-of-agencies-and-projects\/accueil-aux-immigrants-de-lest-de-montreal\/\" class=\"organization__item__title\">\n      Accueil aux immigrants de l&#039;Est de Montr\u00e9al    <\/div>\n      \n        \n  <\/div>\n<\/div>\n                  <div onclick=\"window.location='https:\/\/www.centraide-mtl.org\/en\/directory-of-agencies-and-projects\/accueil-bonneau-inc\/'\" class=\"organization__item swiper-slide\">\n  <div class=\"organization__item__thumbnail__wrapper\">\n  <img decoding=\"async\" src=\"https:\/\/www.centraide-mtl.org\/wp-content\/themes\/centraide-mtl.org\/dist\/images\/defaults\/orgaization-default.jpg\"\/>\n  <\/div>\n  \n  <div class=\"organization__item__info\">\n          <div class=\"publication__item__terms\">\n                          <a class=\"publication__item__term__inner\" title=\"vieux-montreal\" href=\"https:\/\/www.centraide-mtl.org\/en\/wp-json\/wp\/v2\/pages\/871?_organization_sector=vieux-montreal#filters\">\n          Vieux-Montr\u00e9al        <\/a>\n              <\/div>\n        <div href=\"https:\/\/www.centraide-mtl.org\/en\/directory-of-agencies-and-projects\/accueil-bonneau-inc\/\" class=\"organization__item__title\">\n      Accueil Bonneau Inc.    <\/div>\n      \n        \n  <\/div>\n<\/div>\n                  <div onclick=\"window.location='https:\/\/www.centraide-mtl.org\/en\/directory-of-agencies-and-projects\/accueils-au-coeur-de-lenfance\/'\" class=\"organization__item swiper-slide\">\n  <div class=\"organization__item__thumbnail__wrapper\">\n  <img decoding=\"async\" src=\"https:\/\/www.centraide-mtl.org\/wp-content\/themes\/centraide-mtl.org\/dist\/images\/defaults\/orgaization-default.jpg\"\/>\n  <\/div>\n  \n  <div class=\"organization__item__info\">\n          <div class=\"publication__item__terms\">\n                          <a class=\"publication__item__term__inner\" title=\"saint-laurent\" href=\"https:\/\/www.centraide-mtl.org\/en\/wp-json\/wp\/v2\/pages\/871?_organization_sector=saint-laurent#filters\">\n          Saint-Laurent        <\/a>\n              <\/div>\n        <div href=\"https:\/\/www.centraide-mtl.org\/en\/directory-of-agencies-and-projects\/accueils-au-coeur-de-lenfance\/\" class=\"organization__item__title\">\n      Accueils Au c\u0153ur de l&#039;enfance    <\/div>\n      \n        \n  <\/div>\n<\/div>\n                  <div onclick=\"window.location='https:\/\/www.centraide-mtl.org\/en\/directory-of-agencies-and-projects\/acef-de-lest-de-montreal\/'\" class=\"organization__item swiper-slide\">\n  <div class=\"organization__item__thumbnail__wrapper\">\n  <img decoding=\"async\" src=\"https:\/\/www.centraide-mtl.org\/wp-content\/uploads\/2021\/01\/ACEF-de-lEst-de-Montreal.png\"\/>\n  <\/div>\n  \n  <div class=\"organization__item__info\">\n          <div class=\"publication__item__terms\">\n                          <a class=\"publication__item__term__inner\" title=\"mercier-ouest\" href=\"https:\/\/www.centraide-mtl.org\/en\/wp-json\/wp\/v2\/pages\/871?_organization_sector=mercier-ouest#filters\">\n          Mercier-Ouest        <\/a>\n              <\/div>\n        <div href=\"https:\/\/www.centraide-mtl.org\/en\/directory-of-agencies-and-projects\/acef-de-lest-de-montreal\/\" class=\"organization__item__title\">\n      ACEF de l&#039;Est de Montr\u00e9al    <\/div>\n      \n        \n  <\/div>\n<\/div>\n                  <div onclick=\"window.location='https:\/\/www.centraide-mtl.org\/en\/directory-of-agencies-and-projects\/acef-de-la-rive-sud\/'\" class=\"organization__item swiper-slide\">\n  <div class=\"organization__item__thumbnail__wrapper\">\n  <img decoding=\"async\" src=\"https:\/\/www.centraide-mtl.org\/wp-content\/uploads\/2020\/12\/Acef-Rive-Sud.jpg\"\/>\n  <\/div>\n  \n  <div class=\"organization__item__info\">\n          <div class=\"publication__item__terms\">\n                          <a class=\"publication__item__term__inner\" title=\"le-vieux-longueuil\" href=\"https:\/\/www.centraide-mtl.org\/en\/wp-json\/wp\/v2\/pages\/871?_organization_sector=le-vieux-longueuil#filters\">\n          Le Vieux-Longueuil        <\/a>\n              <\/div>\n        <div href=\"https:\/\/www.centraide-mtl.org\/en\/directory-of-agencies-and-projects\/acef-de-la-rive-sud\/\" class=\"organization__item__title\">\n      ACEF de la Rive-Sud    <\/div>\n      \n        \n  <\/div>\n<\/div>\n                  <div onclick=\"window.location='https:\/\/www.centraide-mtl.org\/en\/directory-of-agencies-and-projects\/acef-du-nord-de-montreal\/'\" class=\"organization__item swiper-slide\">\n  <div class=\"organization__item__thumbnail__wrapper\">\n  <img decoding=\"async\" src=\"https:\/\/www.centraide-mtl.org\/wp-content\/uploads\/2021\/01\/ACEF_Nord_de_Mtl.png\"\/>\n  <\/div>\n  \n  <div class=\"organization__item__info\">\n          <div class=\"publication__item__terms\">\n                          <a class=\"publication__item__term__inner\" title=\"villeray\" href=\"https:\/\/www.centraide-mtl.org\/en\/wp-json\/wp\/v2\/pages\/871?_organization_sector=villeray#filters\">\n          Villeray        <\/a>\n              <\/div>\n        <div href=\"https:\/\/www.centraide-mtl.org\/en\/directory-of-agencies-and-projects\/acef-du-nord-de-montreal\/\" class=\"organization__item__title\">\n      ACEF du Nord de Montr\u00e9al    <\/div>\n      \n        \n  <\/div>\n<\/div>\n                  <div onclick=\"window.location='https:\/\/www.centraide-mtl.org\/en\/directory-of-agencies-and-projects\/acef-du-sud-ouest-de-montreal\/'\" class=\"organization__item swiper-slide\">\n  <div class=\"organization__item__thumbnail__wrapper\">\n  <img decoding=\"async\" src=\"https:\/\/www.centraide-mtl.org\/wp-content\/uploads\/2021\/01\/ACEF-du-Sud-Ouest-de-Montreal.png\"\/>\n  <\/div>\n  \n  <div class=\"organization__item__info\">\n          <div class=\"publication__item__terms\">\n                          <a class=\"publication__item__term__inner\" title=\"ville-emard-cote-saint-paul\" href=\"https:\/\/www.centraide-mtl.org\/en\/wp-json\/wp\/v2\/pages\/871?_organization_sector=ville-emard-cote-saint-paul#filters\">\n          Ville-\u00c9mard\/C\u00f4te Saint-Paul        <\/a>\n              <\/div>\n        <div href=\"https:\/\/www.centraide-mtl.org\/en\/directory-of-agencies-and-projects\/acef-du-sud-ouest-de-montreal\/\" class=\"organization__item__title\">\n      ACEF du Sud-Ouest de Montr\u00e9al    <\/div>\n      \n        \n  <\/div>\n<\/div>\n                  <div onclick=\"window.location='https:\/\/www.centraide-mtl.org\/en\/directory-of-agencies-and-projects\/acef-laval\/'\" class=\"organization__item swiper-slide\">\n  <div class=\"organization__item__thumbnail__wrapper\">\n  <img decoding=\"async\" src=\"https:\/\/www.centraide-mtl.org\/wp-content\/uploads\/2022\/05\/Association-cooperative-deconomie-familiale-de-lile-Jesus.png\"\/>\n  <\/div>\n  \n  <div class=\"organization__item__info\">\n          <div class=\"publication__item__terms\">\n                          <a class=\"publication__item__term__inner\" title=\"secteur-6-vimont-et-auteuil\" href=\"https:\/\/www.centraide-mtl.org\/en\/wp-json\/wp\/v2\/pages\/871?_organization_sector=secteur-6-vimont-et-auteuil#filters\">\n          Secteur 6 - Vimont et Auteuil        <\/a>\n              <\/div>\n        <div href=\"https:\/\/www.centraide-mtl.org\/en\/directory-of-agencies-and-projects\/acef-laval\/\" class=\"organization__item__title\">\n      ACEF Laval    <\/div>\n      \n        \n  <\/div>\n<\/div>\n                  <div onclick=\"window.location='https:\/\/www.centraide-mtl.org\/en\/directory-of-agencies-and-projects\/action-autonomie-le-collectif-pour-la-defense-des-droits-en-sante-mentale-de-montreal\/'\" class=\"organization__item swiper-slide\">\n  <div class=\"organization__item__thumbnail__wrapper\">\n  <img decoding=\"async\" src=\"https:\/\/www.centraide-mtl.org\/wp-content\/uploads\/2023\/10\/ActionAutonomie.jpg\"\/>\n  <\/div>\n  \n  <div class=\"organization__item__info\">\n          <div class=\"publication__item__terms\">\n                          <a class=\"publication__item__term__inner\" title=\"rosemont\" href=\"https:\/\/www.centraide-mtl.org\/en\/wp-json\/wp\/v2\/pages\/871?_organization_sector=rosemont#filters\">\n          Rosemont        <\/a>\n              <\/div>\n        <div href=\"https:\/\/www.centraide-mtl.org\/en\/directory-of-agencies-and-projects\/action-autonomie-le-collectif-pour-la-defense-des-droits-en-sante-mentale-de-montreal\/\" class=\"organization__item__title\">\n      Action Autonomie le collectif pour la d\u00e9fense des droits en sant\u00e9 mentale de Montr\u00e9al    <\/div>\n      \n        \n  <\/div>\n<\/div>\n              <\/div>\n    <\/div>\n  <\/div>\n          \n  <div class=\"button__load-more\">\n    <div class=\"facetwp-facet facetwp-facet-load_more_organization facetwp-type-pager\" data-name=\"load_more_organization\" data-type=\"pager\"><\/div>  <\/div>\n  <\/section>\n\n\n\n<section id=\"block_c192c73968ec32a3904dbb544c5a5f93\"  class=\"block-banner alignwide\">\n  <div class=\"banner__wrapper\">\n    <div class=\"banner__back\"style=\"background-image:url(https:\/\/www.centraide-mtl.org\/wp-content\/uploads\/2021\/03\/logo-211-web-NOIR.png)\">\n      \n    <\/div>\n    <div class=\"banner__content\">\n      <p>DO YOU <strong>NEED <\/strong><strong>HELP<br \/>\n<\/strong>AND ARE YOU LOOKING FOR <strong>ASSISTANCE<br \/>\n<\/strong> FINDING A COMMUNITY AGENCY <strong>CLOSEBY<\/strong>?<\/p>\n    <\/div>\n    <div class=\"banner_link\">\n      <a class=\"btn_border_white\" href=\"https:\/\/www.211qc.ca\/\" target=\"_blank\" rel=\"noopener\">\n        Visit the 211 website      <\/a>\n      <a class=\"btn_border_white mobile_display\" href=\"tel:+211\">\n        Dial 211      <\/a>\n    <\/div>\n  <\/div>\n<\/section>\n\n\n\n<div style=\"height:100px\" aria-hidden=\"true\" class=\"wp-block-spacer\"><\/div>\n","protected":false},"excerpt":{"rendered":"<p>This directory presents all the community agencies that receive financial support from Centraide to take action against poverty and exclusion in the neighbourhoods, towns, and villages of Greater Montreal. To find agencies sort by name,&hellip;<\/p>\n","protected":false},"author":1,"featured_media":34435,"parent":0,"menu_order":86,"comment_status":"closed","ping_status":"closed","template":"","meta":{"_acf_changed":false,"_relevanssi_hide_post":"","_relevanssi_hide_content":"","_relevanssi_pin_for_all":"","_relevanssi_pin_keywords":"","_relevanssi_unpin_keywords":"","_relevanssi_related_keywords":"","_relevanssi_related_include_ids":"","_relevanssi_related_exclude_ids":"","_relevanssi_related_no_append":"","_relevanssi_related_not_related":"","_relevanssi_related_posts":"1","_relevanssi_noindex_reason":"","footnotes":""},"class_list":["post-871","page","type-page","status-publish","has-post-thumbnail","hentry"],"acf":[],"publishpress_future_workflow_manual_trigger":{"enabledWorkflows":[]},"_links":{"self":[{"href":"https:\/\/www.centraide-mtl.org\/en\/wp-json\/wp\/v2\/pages\/871","targetHints":{"allow":["GET"]}}],"collection":[{"href":"https:\/\/www.centraide-mtl.org\/en\/wp-json\/wp\/v2\/pages"}],"about":[{"href":"https:\/\/www.centraide-mtl.org\/en\/wp-json\/wp\/v2\/types\/page"}],"author":[{"embeddable":true,"href":"https:\/\/www.centraide-mtl.org\/en\/wp-json\/wp\/v2\/users\/1"}],"replies":[{"embeddable":true,"href":"https:\/\/www.centraide-mtl.org\/en\/wp-json\/wp\/v2\/comments?post=871"}],"version-history":[{"count":15,"href":"https:\/\/www.centraide-mtl.org\/en\/wp-json\/wp\/v2\/pages\/871\/revisions"}],"predecessor-version":[{"id":90626,"href":"https:\/\/www.centraide-mtl.org\/en\/wp-json\/wp\/v2\/pages\/871\/revisions\/90626"}],"wp:featuredmedia":[{"embeddable":true,"href":"https:\/\/www.centraide-mtl.org\/en\/wp-json\/wp\/v2\/media\/34435"}],"wp:attachment":[{"href":"https:\/\/www.centraide-mtl.org\/en\/wp-json\/wp\/v2\/media?parent=871"}],"curies":[{"name":"wp","href":"https:\/\/api.w.org\/{rel}","templated":true}]}}