{"id":80499,"date":"2025-04-04T14:19:27","date_gmt":"2025-04-04T18:19:27","guid":{"rendered":"https:\/\/www.centraide-mtl.org\/?page_id=80499"},"modified":"2025-06-09T15:24:36","modified_gmt":"2025-06-09T19:24:36","slug":"emergency-homelessness-assistance-fund","status":"publish","type":"page","link":"https:\/\/www.centraide-mtl.org\/en\/emergency-homelessness-assistance-fund\/","title":{"rendered":"Emergency Homelessness Assistance Fund"},"content":{"rendered":"\n<h2 class=\"block-stylised-title theme-block aligndefault\" id=\"block_cf5a38386784eb3dac445a3ba0023fe4\" style=\"text-align: center\">                            <span class=\"block-stylised-title__line block-stylised-title__line--big-thin\">Emergency Financial Support<\/span>\n                            <br>\n                  <span class=\"block-stylised-title__line block-stylised-title__line--small\"><b>For Community Agencies supporting the Homeless<\/b><\/span>\n      <\/h2>\n\n\n<div class=\"container\">\n<div class=\"wp-block-media-text is-stacked-on-mobile has-white-background-color has-background\" style=\"grid-template-columns:25% auto\"><figure class=\"wp-block-media-text__media\"><img decoding=\"async\" width=\"435\" height=\"329\" src=\"https:\/\/www.centraide-mtl.org\/wp-content\/uploads\/2025\/04\/image-2.png\" alt=\"\" class=\"wp-image-80480 size-full\" srcset=\"https:\/\/www.centraide-mtl.org\/wp-content\/uploads\/2025\/04\/image-2.png 435w, https:\/\/www.centraide-mtl.org\/wp-content\/uploads\/2025\/04\/image-2-300x227.png 300w\" sizes=\"(max-width: 435px) 100vw, 435px\" \/><\/figure><div class=\"wp-block-media-text__content\">\n<div style=\"height:32px\" aria-hidden=\"true\" class=\"wp-block-spacer\"><\/div>\n\n\n\n<h3 class=\"wp-block-heading is-style-little-title\"><strong><strong><strong><strong><strong><strong><strong>What is the Emergency Homelessness Assistance&nbsp;Fund?<\/strong><\/strong><\/strong><\/strong><\/strong><\/strong><\/strong><\/h3>\n\n\n\n<p>The Emergency Fund aims to assist community agencies working with the homeless population. This&nbsp;fund enables these agencies to continue their efforts in a context of increased needs. It is a response to an exceptional situation, requiring a rapid provision of resources to support those in need.<\/p>\n\n\n\n<div style=\"height:32px\" aria-hidden=\"true\" class=\"wp-block-spacer\"><\/div>\n<\/div><\/div>\n<\/div>\n\n\n<div style=\"height:5px\" aria-hidden=\"true\" class=\"wp-block-spacer\"><\/div>\n\n\n\n<h3 class=\"wp-block-heading is-style-little-title\"><strong><strong><strong>What is the amount of the Emergency Homelessness Assistance Fund?<\/strong><\/strong><\/strong><\/h3>\n\n\n\n<p>A Financial support of $8.5 million for Quebec from the Secr\u00e9tariat \u00e0 l&#8217;action communautaire autonome et aux initiatives sociales (SACAIS) as part of Fonds qu\u00e9b\u00e9cois d\u2019initiatives sociales (FQIS) &#8211; Minist\u00e8re de l&#8217;Emploi et de la Solidarit\u00e9 sociale. This amount is supplemented by an investment of $990,000 from Centraide of Greater Montreal to support agencies in its territory. The Centraide network across the province will be able to provide emergency assistance to community agencies most active in supporting people experiencing homelessness in Quebec. This aid will help address targeted needs and ensure funding for structuring projects over two years.<\/p>\n\n\n\n<div style=\"height:15px\" aria-hidden=\"true\" class=\"wp-block-spacer\"><\/div>\n\n\n\n<h3 class=\"wp-block-heading is-style-little-title\"><strong><strong><strong><strong>What are the eligibility criteria<\/strong> <strong>for<\/strong> financial support?<\/strong><\/strong><\/strong><\/h3>\n\n\n\n<div style=\"height:20px\" aria-hidden=\"true\" class=\"wp-block-spacer\"><\/div>\n\n\n<div class=\"wp-block-list\">\n<ul class=\"wp-block-list\">\n<li>Be a community agency funded by the Government of Qu\u00e9bec;<\/li>\n\n\n\n<li>Be significantly engaged with people experiencing homelessness and provide services;<\/li>\n\n\n\n<li>Be located in one of the targeted regions;<\/li>\n\n\n\n<li>Face high demand due to the increasing number of people experiencing homelessness, impacting the quality of support and services provided.<\/li>\n<\/ul>\n<\/div>\n\n\n<div style=\"height:15px\" aria-hidden=\"true\" class=\"wp-block-spacer\"><\/div>\n\n\n\n<h3 class=\"wp-block-heading is-style-little-title\"><strong><strong><strong><strong><strong>What types of activities or services can this financial support be used for?<\/strong><\/strong><\/strong><\/strong><\/strong><\/h3>\n\n\n\n  <section id=\"block_0c04a0c218a521d68ebb7610f2010cd5\"  class=\"block-accordions aligndefault\">\n          <div class=\"faq-item accordion\">\n        <button class=\"faq-item__header accordion-toggle\" aria-expanded=\"false\" aria-controls=\"faq-69e6c28683da5\">\n          <p class=\"faq-item__title\">Acquisition of essential goods<\/p>\n          <i class=\"icon icon-arrow-down\" aria-hidden=\"true\"><\/i>\n        <\/button>\n        <div class=\"faq-item__content accordion-content entry-content\" style=\"display:none;\" id=\"faq-69e6c28683da5\">\n          <div class=\"entry-content alignfull\">\n          \n                          <p>Purchasing basic necessities and strengthening the service continuum (clothing banks, hygiene products, meals, cold-weather equipment).<\/p>\n                                  <\/div>\n        <\/div>\n      <\/div>\n          <div class=\"faq-item accordion\">\n        <button class=\"faq-item__header accordion-toggle\" aria-expanded=\"false\" aria-controls=\"faq-69e6c28683e8e\">\n          <p class=\"faq-item__title\">Improvement of reception conditions<\/p>\n          <i class=\"icon icon-arrow-down\" aria-hidden=\"true\"><\/i>\n        <\/button>\n        <div class=\"faq-item__content accordion-content entry-content\" style=\"display:none;\" id=\"faq-69e6c28683e8e\">\n          <div class=\"entry-content alignfull\">\n          \n                          <p>Creating safe and suitable environments that meet the specific needs of certain populations, including youth, women, Indigenous communities, 2SLGBTQIA+ individuals, migrants with precarious status, and seniors.<\/p>\n                                  <\/div>\n        <\/div>\n      <\/div>\n          <div class=\"faq-item accordion\">\n        <button class=\"faq-item__header accordion-toggle\" aria-expanded=\"false\" aria-controls=\"faq-69e6c28683f0e\">\n          <p class=\"faq-item__title\">Increased capacity for shelter and services<\/p>\n          <i class=\"icon icon-arrow-down\" aria-hidden=\"true\"><\/i>\n        <\/button>\n        <div class=\"faq-item__content accordion-content entry-content\" style=\"display:none;\" id=\"faq-69e6c28683f0e\">\n          <div class=\"entry-content alignfull\">\n          \n                          <p>Expanding the number of available spaces, extending the opening hours of shelters, day centers, and street outreach services.<\/p>\n                                  <\/div>\n        <\/div>\n      <\/div>\n          <div class=\"faq-item accordion\">\n        <button class=\"faq-item__header accordion-toggle\" aria-expanded=\"false\" aria-controls=\"faq-69e6c28683f83\">\n          <p class=\"faq-item__title\">Enhanced field intervention<\/p>\n          <i class=\"icon icon-arrow-down\" aria-hidden=\"true\"><\/i>\n        <\/button>\n        <div class=\"faq-item__content accordion-content entry-content\" style=\"display:none;\" id=\"faq-69e6c28683f83\">\n          <div class=\"entry-content alignfull\">\n          \n                          <p>Increasing intervention hours both inside and outside of community resources.<\/p>\n                                  <\/div>\n        <\/div>\n      <\/div>\n          <div class=\"faq-item accordion\">\n        <button class=\"faq-item__header accordion-toggle\" aria-expanded=\"false\" aria-controls=\"faq-69e6c28683ff9\">\n          <p class=\"faq-item__title\">Support for human resources<\/p>\n          <i class=\"icon icon-arrow-down\" aria-hidden=\"true\"><\/i>\n        <\/button>\n        <div class=\"faq-item__content accordion-content entry-content\" style=\"display:none;\" id=\"faq-69e6c28683ff9\">\n          <div class=\"entry-content alignfull\">\n          \n                          <p>Retaining current staff and\/or hiring additional personnel to adequately meet the needs of individuals experiencing or at risk of homelessness.<\/p>\n                                  <\/div>\n        <\/div>\n      <\/div>\n          <div class=\"faq-item accordion\">\n        <button class=\"faq-item__header accordion-toggle\" aria-expanded=\"false\" aria-controls=\"faq-69e6c2868406f\">\n          <p class=\"faq-item__title\">Support for accessing social benefits<\/p>\n          <i class=\"icon icon-arrow-down\" aria-hidden=\"true\"><\/i>\n        <\/button>\n        <div class=\"faq-item__content accordion-content entry-content\" style=\"display:none;\" id=\"faq-69e6c2868406f\">\n          <div class=\"entry-content alignfull\">\n          \n                          <p>Supporting initiatives that aim to reduce non-take-up of social assistance, including help with filling out forms and accessing benefits.<\/p>\n                                  <\/div>\n        <\/div>\n      <\/div>\n          <div class=\"faq-item accordion\">\n        <button class=\"faq-item__header accordion-toggle\" aria-expanded=\"false\" aria-controls=\"faq-69e6c286840e5\">\n          <p class=\"faq-item__title\">Development of intervention practices<\/p>\n          <i class=\"icon icon-arrow-down\" aria-hidden=\"true\"><\/i>\n        <\/button>\n        <div class=\"faq-item__content accordion-content entry-content\" style=\"display:none;\" id=\"faq-69e6c286840e5\">\n          <div class=\"entry-content alignfull\">\n          \n                          <p>Supporting projects that aim to improve practices and foster innovation in the support provided to individuals experiencing homelessness.<\/p>\n                                  <\/div>\n        <\/div>\n      <\/div>\n      <\/section>\n  \n\n\n<div style=\"height:15px\" aria-hidden=\"true\" class=\"wp-block-spacer\"><\/div>\n\n\n\n<h3 class=\"wp-block-heading is-style-little-title\"><strong><strong><strong><strong>Is there a call for proposals to receive support from this emergency fund<\/strong>?<\/strong><\/strong><\/strong><\/h3>\n\n\n\n<p>No. Given the urgency of the situation, the measure is not being implemented through a call for proposals. Such an approach would have caused significant delays and would not have allowed for rapid support on the ground.<\/p>\n\n\n\n<div style=\"height:16px\" aria-hidden=\"true\" class=\"wp-block-spacer\"><\/div>\n\n\n\n<h3 class=\"wp-block-heading is-style-little-title\"><strong><strong><strong>Which community agencies are targeted by the emergency fund?<\/strong><\/strong><\/strong><\/h3>\n\n\n\n<p>To respond to this emergency context, key community agencies that support people experiencing homelessness have been identified and prioritized in collaboration with the relevant ministries, in order to deliver rapid emergency assistance that will have a meaningful impact on those affected.<\/p>\n\n\n\n<div style=\"height:16px\" aria-hidden=\"true\" class=\"wp-block-spacer\"><\/div>\n\n\n\n  <section id=\"block_9821ca701be694ef130b1eeb947c025c\"  class=\"block-accordions aligndefault\">\n          <div class=\"faq-item accordion\">\n        <button class=\"faq-item__header accordion-toggle\" aria-expanded=\"false\" aria-controls=\"faq-69e6c28685619\">\n          <p class=\"faq-item__title\">Centraide of Greater Montreal<\/p>\n          <i class=\"icon icon-arrow-down\" aria-hidden=\"true\"><\/i>\n        <\/button>\n        <div class=\"faq-item__content accordion-content entry-content\" style=\"display:none;\" id=\"faq-69e6c28685619\">\n          <div class=\"entry-content alignfull\">\n          \n                          <table border=\"1\" cellspacing=\"0\" cellpadding=\"8\" style=\"border-collapse: collapse;width: 100%\">\n<colgroup>\n<col>\n<col>\n<col style=\"width: 175px\">\n<col style=\"width: 175px\">\n<col style=\"width: 175px\">\n  <\/colgroup>\n<thead style=\"background-color: #da291c;color: white\">\n<tr>\n<th>Name of the agency<\/th>\n<th>Region<\/th>\n<th>Amount from SACAIS<\/th>\n<th>Amount from Centraide of Greater Montreal<\/th>\n<th>Total for 2 years<\/th>\n<\/tr>\n<\/thead>\n<tbody>\n<tr>\n<td>Accueil Bonneau<\/td>\n<td>Montr\u00e9al<\/td>\n<td>200 000,00\u00a0$<\/td>\n<td><\/td>\n<td>200 000,00\u00a0$<\/td>\n<\/tr>\n<tr>\n<td>Action Jeunesse Ouest de l&#8217;Ile<\/td>\n<td>Montr\u00e9al<\/td>\n<td><\/td>\n<td>50 000,00\u00a0$<\/td>\n<td>50 000,00\u00a0$<\/td>\n<\/tr>\n<tr>\n<td>Auberge communautaire du Sud-Ouest<\/td>\n<td>Montr\u00e9al<\/td>\n<td>150 000,00\u00a0$<\/td>\n<td><\/td>\n<td>150 000,00\u00a0$<\/td>\n<\/tr>\n<tr>\n<td>Bon Dieu dans la rue, organisation pour jeunes adultes<\/td>\n<td>Montr\u00e9al<\/td>\n<td>100 000,00\u00a0$<\/td>\n<td><\/td>\n<td>100 000,00\u00a0$<\/td>\n<\/tr>\n<tr>\n<td>Carrefour d&#8217;alimentation et de partage St-Barnab\u00e9 inc.<\/td>\n<td>Montr\u00e9al<\/td>\n<td>150 000,00\u00a0$<\/td>\n<td><\/td>\n<td>150 000,00\u00a0$<\/td>\n<\/tr>\n<tr>\n<td>Cuisine et Vie Collectives Saint Roch<\/td>\n<td>Montr\u00e9al<\/td>\n<td>100 000,00\u00a0$<\/td>\n<td><\/td>\n<td>100 000,00\u00a0$<\/td>\n<\/tr>\n<tr>\n<td>En Marge 12-17<\/td>\n<td>Montr\u00e9al<\/td>\n<td>75 000,00\u00a0$<\/td>\n<td>75 000,00\u00a0$<\/td>\n<td>150 000,00\u00a0$<\/td>\n<\/tr>\n<tr>\n<td>Fondation du refuge pour femmes Chez Doris<\/td>\n<td>Montr\u00e9al<\/td>\n<td>150 000,00\u00a0$<\/td>\n<td><\/td>\n<td>150 000,00\u00a0$<\/td>\n<\/tr>\n<tr>\n<td>Foyer du Monde<\/td>\n<td>Montr\u00e9al<\/td>\n<td>150 000,00\u00a0$<\/td>\n<td><\/td>\n<td>150 000,00\u00a0$<\/td>\n<\/tr>\n<tr>\n<td>H\u00e9bergement Jeunesse Le Tournant<\/td>\n<td>Montr\u00e9al<\/td>\n<td>152 000,00\u00a0$<\/td>\n<td><\/td>\n<td>152 000,00\u00a0$<\/td>\n<\/tr>\n<tr>\n<td>H\u00e9bergement La Casa Bernard-Hubert<\/td>\n<td>Mont\u00e9r\u00e9gie<\/td>\n<td>75 000,00\u00a0$<\/td>\n<td>75 000,00\u00a0$<\/td>\n<td>150 000,00\u00a0$<\/td>\n<\/tr>\n<tr>\n<td>H\u00e9berjeune de Parc Extension<\/td>\n<td>Montr\u00e9al<\/td>\n<td>150 000,00\u00a0$<\/td>\n<td><\/td>\n<td>150 000,00\u00a0$<\/td>\n<\/tr>\n<tr>\n<td>La Halte du coin<\/td>\n<td>Mont\u00e9r\u00e9gie<\/td>\n<td>75 000,00\u00a0$<\/td>\n<td>75 000,00\u00a0$<\/td>\n<td>150 000,00\u00a0$<\/td>\n<\/tr>\n<tr>\n<td>La Maison Marguerite de Montr\u00e9al<\/td>\n<td>Montr\u00e9al<\/td>\n<td>150 000,00\u00a0$<\/td>\n<td>70 000,00\u00a0$<\/td>\n<td>220 000,00\u00a0$<\/td>\n<\/tr>\n<tr>\n<td>L&#8217;Abri de la Rive-Sud<\/td>\n<td>Mont\u00e9r\u00e9gie<\/td>\n<td>150 000,00\u00a0$<\/td>\n<td><\/td>\n<td>150 000,00\u00a0$<\/td>\n<\/tr>\n<tr>\n<td>L&#8217;Antre-Jeunes de Mercier Est<\/td>\n<td>Montr\u00e9al<\/td>\n<td><\/td>\n<td>70 000,00\u00a0$<\/td>\n<td>70 000,00\u00a0$<\/td>\n<\/tr>\n<tr>\n<td>L&#8217;avant-garde en sant\u00e9 mentale<\/td>\n<td>Mont\u00e9r\u00e9gie<\/td>\n<td>150 000,00\u00a0$<\/td>\n<td><\/td>\n<td>150 000,00\u00a0$<\/td>\n<\/tr>\n<tr>\n<td>Le Pas de la rue<\/td>\n<td>Montr\u00e9al<\/td>\n<td>110 000,00\u00a0$<\/td>\n<td>40 000,00\u00a0$<\/td>\n<td>150 000,00\u00a0$<\/td>\n<\/tr>\n<tr>\n<td>Le Relais communautaire<\/td>\n<td>Laval<\/td>\n<td>200 000,00\u00a0$<\/td>\n<td><\/td>\n<td>200 000,00\u00a0$<\/td>\n<\/tr>\n<tr>\n<td>Maison Benoit Labre<\/td>\n<td>Montr\u00e9al<\/td>\n<td><\/td>\n<td>70 000,00\u00a0$<\/td>\n<td>70 000,00\u00a0$<\/td>\n<\/tr>\n<tr>\n<td>Maison des jeunes \u00c9quinoxe- Roussillon<\/td>\n<td>Mont\u00e9r\u00e9gie<\/td>\n<td><\/td>\n<td>75 000,00\u00a0$<\/td>\n<td>75 000,00\u00a0$<\/td>\n<\/tr>\n<tr>\n<td>Passe-moi la puck<\/td>\n<td>Mont\u00e9r\u00e9gie<\/td>\n<td>150 000,00\u00a0$<\/td>\n<td><\/td>\n<td>150 000,00\u00a0$<\/td>\n<\/tr>\n<tr>\n<td>Plein Milieu<\/td>\n<td>Montr\u00e9al<\/td>\n<td>75 000,00\u00a0$<\/td>\n<td>75 000,00\u00a0$<\/td>\n<td>150 000,00\u00a0$<\/td>\n<\/tr>\n<tr>\n<td>Projet ado communautaire en travail de rue (PACT de rue)\/L\u2019Abri de Villeray<\/td>\n<td>Montr\u00e9al<\/td>\n<td>150 000,00\u00a0$<\/td>\n<td>70 000,00\u00a0$<\/td>\n<td>220 000,00\u00a0$<\/td>\n<\/tr>\n<tr>\n<td>Projet autochtone du Qu\u00e9bec<\/td>\n<td>Montr\u00e9al<\/td>\n<td><\/td>\n<td>95 000,00\u00a0$<\/td>\n<td>95 000,00\u00a0$<\/td>\n<\/tr>\n<tr>\n<td>Refuge des jeunes<\/td>\n<td>Montr\u00e9al<\/td>\n<td>150 000,00\u00a0$<\/td>\n<td><\/td>\n<td>150 000,00\u00a0$<\/td>\n<\/tr>\n<tr>\n<td>Ricochet (H\u00e9bergement \u2013 Homes)<\/td>\n<td>Montr\u00e9al<\/td>\n<td>100 000,00\u00a0$<\/td>\n<td>75 000,00\u00a0$<\/td>\n<td>175 000,00\u00a0$<\/td>\n<\/tr>\n<tr>\n<td>ROIL &#8211; Refuge et Caf\u00e9 de rue<\/td>\n<td>Laval<\/td>\n<td>350 000,00\u00a0$<\/td>\n<td>75 000,00\u00a0$<\/td>\n<td>425 000,00\u00a0$<\/td>\n<\/tr>\n<tr>\n<td>Rue Action Pr\u00e9vention Jeunesse<\/td>\n<td>Montr\u00e9al<\/td>\n<td>100 000,00\u00a0$<\/td>\n<td><\/td>\n<td>100 000,00\u00a0$<\/td>\n<\/tr>\n<tr style=\"font-weight: bold\">\n<td>Total<\/td>\n<td><\/td>\n<td>3 362 000,00\u00a0$<\/td>\n<td>990 000,00\u00a0$<\/td>\n<td>4 352 000,00\u00a0$<\/td>\n<\/tr>\n<\/tbody>\n<\/table>\n                                  <\/div>\n        <\/div>\n      <\/div>\n          <div class=\"faq-item accordion\">\n        <button class=\"faq-item__header accordion-toggle\" aria-expanded=\"false\" aria-controls=\"faq-69e6c28685f6e\">\n          <p class=\"faq-item__title\">Centraide Duplessis<\/p>\n          <i class=\"icon icon-arrow-down\" aria-hidden=\"true\"><\/i>\n        <\/button>\n        <div class=\"faq-item__content accordion-content entry-content\" style=\"display:none;\" id=\"faq-69e6c28685f6e\">\n          <div class=\"entry-content alignfull\">\n          \n                          <p>(The list of agencies will be available shortly)<\/p>\n                                  <\/div>\n        <\/div>\n      <\/div>\n          <div class=\"faq-item accordion\">\n        <button class=\"faq-item__header accordion-toggle\" aria-expanded=\"false\" aria-controls=\"faq-69e6c28686003\">\n          <p class=\"faq-item__title\">Centraide Estrie<\/p>\n          <i class=\"icon icon-arrow-down\" aria-hidden=\"true\"><\/i>\n        <\/button>\n        <div class=\"faq-item__content accordion-content entry-content\" style=\"display:none;\" id=\"faq-69e6c28686003\">\n          <div class=\"entry-content alignfull\">\n          \n                          <p>(The list of agencies will be available shortly)<\/p>\n                                  <\/div>\n        <\/div>\n      <\/div>\n          <div class=\"faq-item accordion\">\n        <button class=\"faq-item__header accordion-toggle\" aria-expanded=\"false\" aria-controls=\"faq-69e6c286860c0\">\n          <p class=\"faq-item__title\">Centraide Gasp\u00e9sie-\u00celes-de-la-Madeleine<\/p>\n          <i class=\"icon icon-arrow-down\" aria-hidden=\"true\"><\/i>\n        <\/button>\n        <div class=\"faq-item__content accordion-content entry-content\" style=\"display:none;\" id=\"faq-69e6c286860c0\">\n          <div class=\"entry-content alignfull\">\n          \n                          <p>(The list of agencies will be available shortly)<\/p>\n                                  <\/div>\n        <\/div>\n      <\/div>\n          <div class=\"faq-item accordion\">\n        <button class=\"faq-item__header accordion-toggle\" aria-expanded=\"false\" aria-controls=\"faq-69e6c2868614b\">\n          <p class=\"faq-item__title\">Centraide Haute-C\u00f4te-Nord Manicouagan<\/p>\n          <i class=\"icon icon-arrow-down\" aria-hidden=\"true\"><\/i>\n        <\/button>\n        <div class=\"faq-item__content accordion-content entry-content\" style=\"display:none;\" id=\"faq-69e6c2868614b\">\n          <div class=\"entry-content alignfull\">\n          \n                          <p>(The list of agencies will be available shortly)<\/p>\n                                  <\/div>\n        <\/div>\n      <\/div>\n          <div class=\"faq-item accordion\">\n        <button class=\"faq-item__header accordion-toggle\" aria-expanded=\"false\" aria-controls=\"faq-69e6c286861b9\">\n          <p class=\"faq-item__title\">Centraide Laurentides<\/p>\n          <i class=\"icon icon-arrow-down\" aria-hidden=\"true\"><\/i>\n        <\/button>\n        <div class=\"faq-item__content accordion-content entry-content\" style=\"display:none;\" id=\"faq-69e6c286861b9\">\n          <div class=\"entry-content alignfull\">\n          \n                          <p>(The list of agencies will be available shortly)<\/p>\n                                  <\/div>\n        <\/div>\n      <\/div>\n          <div class=\"faq-item accordion\">\n        <button class=\"faq-item__header accordion-toggle\" aria-expanded=\"false\" aria-controls=\"faq-69e6c28686225\">\n          <p class=\"faq-item__title\">Centraide Outaouais<\/p>\n          <i class=\"icon icon-arrow-down\" aria-hidden=\"true\"><\/i>\n        <\/button>\n        <div class=\"faq-item__content accordion-content entry-content\" style=\"display:none;\" id=\"faq-69e6c28686225\">\n          <div class=\"entry-content alignfull\">\n          \n                          <p>(The list of agencies will be available shortly)<\/p>\n                                  <\/div>\n        <\/div>\n      <\/div>\n          <div class=\"faq-item accordion\">\n        <button class=\"faq-item__header accordion-toggle\" aria-expanded=\"false\" aria-controls=\"faq-69e6c28686290\">\n          <p class=\"faq-item__title\">Centraide Qu\u00e9bec Chaudi\u00e8re-Appalaches Bas-Saint-Laurent<\/p>\n          <i class=\"icon icon-arrow-down\" aria-hidden=\"true\"><\/i>\n        <\/button>\n        <div class=\"faq-item__content accordion-content entry-content\" style=\"display:none;\" id=\"faq-69e6c28686290\">\n          <div class=\"entry-content alignfull\">\n          \n                          <p>(The list of agencies will be available shortly)<\/p>\n                                  <\/div>\n        <\/div>\n      <\/div>\n          <div class=\"faq-item accordion\">\n        <button class=\"faq-item__header accordion-toggle\" aria-expanded=\"false\" aria-controls=\"faq-69e6c28686301\">\n          <p class=\"faq-item__title\">Centraide R\u00e9gions Centre-Ouest<\/p>\n          <i class=\"icon icon-arrow-down\" aria-hidden=\"true\"><\/i>\n        <\/button>\n        <div class=\"faq-item__content accordion-content entry-content\" style=\"display:none;\" id=\"faq-69e6c28686301\">\n          <div class=\"entry-content alignfull\">\n          \n                          <p>(The list of agencies will be available shortly)<\/p>\n                                  <\/div>\n        <\/div>\n      <\/div>\n          <div class=\"faq-item accordion\">\n        <button class=\"faq-item__header accordion-toggle\" aria-expanded=\"false\" aria-controls=\"faq-69e6c28686374\">\n          <p class=\"faq-item__title\">Centraide Richelieu-Yamaska<\/p>\n          <i class=\"icon icon-arrow-down\" aria-hidden=\"true\"><\/i>\n        <\/button>\n        <div class=\"faq-item__content accordion-content entry-content\" style=\"display:none;\" id=\"faq-69e6c28686374\">\n          <div class=\"entry-content alignfull\">\n          \n                          <p>(The list of agencies will be available shortly)<\/p>\n                                  <\/div>\n        <\/div>\n      <\/div>\n          <div class=\"faq-item accordion\">\n        <button class=\"faq-item__header accordion-toggle\" aria-expanded=\"false\" aria-controls=\"faq-69e6c286863e0\">\n          <p class=\"faq-item__title\">Centraide Saguenay\u2013Lac-Saint-Jean<\/p>\n          <i class=\"icon icon-arrow-down\" aria-hidden=\"true\"><\/i>\n        <\/button>\n        <div class=\"faq-item__content accordion-content entry-content\" style=\"display:none;\" id=\"faq-69e6c286863e0\">\n          <div class=\"entry-content alignfull\">\n          \n                          <p>(The list of agencies will be available shortly)<\/p>\n                                  <\/div>\n        <\/div>\n      <\/div>\n      <\/section>\n  \n\n\n<div style=\"height:40px\" aria-hidden=\"true\" class=\"wp-block-spacer\"><\/div>\n\n\n\n<div id=\"mail-banner\" class=\"mail-banner__wrapper\" style=\"background:url('https:\/\/www.centraide-mtl.org\/wp-content\/uploads\/2026\/03\/Banniere-inscription-infolettre.png');\">\n  <div class=\"mail-banner__info\">\n    <div class=\"mail-banner__info__title\">\n      Stay informed    <\/div>\n    <div class=\"mail-banner__info__subtitle\">\n      Subscribe to our newsletter    <\/div>\n  <\/div>\n  <div id=\"mail-banner__form\" class=\"mail-banner__form\">\n    \n  <h2 class=\"newsletter__title\">Stay informed about our news<\/h2>\n    \n<a id=\"gform_mimic_1\" class=\"newsletter__btn btn bannerNewsletter\" href=\"https:\/\/www.centraide-mtl.org\/en\/newsletter-subscription\/\">\n  Subscribe  <span class=\"icon icon-infolettre\" role=\"presentation\"><\/span>\n<\/a>\n\n  <\/div>\n<\/div>\n\n\n\n<div style=\"height:40px\" aria-hidden=\"true\" class=\"wp-block-spacer\"><\/div>\n","protected":false},"excerpt":{"rendered":"<p>What is the amount of the Emergency Homelessness Assistance Fund? A Financial support of $8.5 million for Quebec from the Secr\u00e9tariat \u00e0 l&#8217;action communautaire autonome et aux initiatives sociales (SACAIS) as part of Fonds qu\u00e9b\u00e9cois&hellip;<\/p>\n","protected":false},"author":5,"featured_media":80513,"parent":0,"menu_order":0,"comment_status":"closed","ping_status":"closed","template":"","meta":{"_acf_changed":false,"_relevanssi_hide_post":"","_relevanssi_hide_content":"","_relevanssi_pin_for_all":"","_relevanssi_pin_keywords":"","_relevanssi_unpin_keywords":"","_relevanssi_related_keywords":"","_relevanssi_related_include_ids":"","_relevanssi_related_exclude_ids":"","_relevanssi_related_no_append":"","_relevanssi_related_not_related":"","_relevanssi_related_posts":"","_relevanssi_noindex_reason":"","footnotes":""},"class_list":["post-80499","page","type-page","status-publish","has-post-thumbnail","hentry"],"acf":[],"publishpress_future_workflow_manual_trigger":{"enabledWorkflows":[]},"_links":{"self":[{"href":"https:\/\/www.centraide-mtl.org\/en\/wp-json\/wp\/v2\/pages\/80499","targetHints":{"allow":["GET"]}}],"collection":[{"href":"https:\/\/www.centraide-mtl.org\/en\/wp-json\/wp\/v2\/pages"}],"about":[{"href":"https:\/\/www.centraide-mtl.org\/en\/wp-json\/wp\/v2\/types\/page"}],"author":[{"embeddable":true,"href":"https:\/\/www.centraide-mtl.org\/en\/wp-json\/wp\/v2\/users\/5"}],"replies":[{"embeddable":true,"href":"https:\/\/www.centraide-mtl.org\/en\/wp-json\/wp\/v2\/comments?post=80499"}],"version-history":[{"count":21,"href":"https:\/\/www.centraide-mtl.org\/en\/wp-json\/wp\/v2\/pages\/80499\/revisions"}],"predecessor-version":[{"id":81387,"href":"https:\/\/www.centraide-mtl.org\/en\/wp-json\/wp\/v2\/pages\/80499\/revisions\/81387"}],"wp:featuredmedia":[{"embeddable":true,"href":"https:\/\/www.centraide-mtl.org\/en\/wp-json\/wp\/v2\/media\/80513"}],"wp:attachment":[{"href":"https:\/\/www.centraide-mtl.org\/en\/wp-json\/wp\/v2\/media?parent=80499"}],"curies":[{"name":"wp","href":"https:\/\/api.w.org\/{rel}","templated":true}]}}