{"id":744,"date":"2020-11-05T12:22:27","date_gmt":"2020-11-05T17:22:27","guid":{"rendered":"http:\/\/www.centraide-mtl.org\/?page_id=744"},"modified":"2026-04-16T14:26:27","modified_gmt":"2026-04-16T18:26:27","slug":"neighbourhood-and-social-development-tables","status":"publish","type":"page","link":"https:\/\/www.centraide-mtl.org\/en\/neighbourhood-and-social-development-tables\/","title":{"rendered":"Neighbourhood and social development tables"},"content":{"rendered":"\n<h2 class=\"block-stylised-title theme-block aligndefault\" id=\"block_78d38ccaa9dbe4a7fcbfc2298c11ffa4\" style=\"text-align: center\">                            <span class=\"block-stylised-title__line block-stylised-title__line--big-bold\">Energizing Greater Montreal<\/span>\n                            <br>\n                  <span class=\"block-stylised-title__line block-stylised-title__line--big-thin\">one neighbourhood at a time<\/span>\n      <\/h2>\n\n\n\n<div style=\"height:25px\" aria-hidden=\"true\" class=\"wp-block-spacer\"><\/div>\n\n\n\n<p>In 2006, Centraide of Greater Montreal, the Direction r\u00e9gionale de sant\u00e9 publique de Montr\u00e9al and the Ville de Montr\u00e9al partnered with the Coalition montr\u00e9alaise des Tables de quartier to create the Initiative montr\u00e9alaise de soutien au d\u00e9veloppement social local (IMSDSL). The aim of this initiative is to support and strengthen the concerted efforts of Montreal&#8217;s neighbourhood round tables.<\/p>\n\n\n\n<p>As part of this agreement, Centraide contributes to the neighbourhood tables in Montreal and to the Montreal Coalition of Neighbourhood Tables, which plays a key role in this effort.<\/p>\n\n\n\n<p>The IMSDSL is based on a Reference Framework, recently updated in 2024. This two-year update has consolidated partnerships and strengthened implementation of the initiative.<\/p>\n\n\n\n<div style=\"height:18px\" aria-hidden=\"true\" class=\"wp-block-spacer\"><\/div>\n\n\n\n<div class=\"wp-block-buttons is-content-justification-center is-layout-flex wp-container-core-buttons-is-layout-16018d1d wp-block-buttons-is-layout-flex\">\n<div class=\"wp-block-button\"><a class=\"wp-block-button__link wp-element-button\" href=\"https:\/\/www.centraide-mtl.org\/wp-content\/uploads\/2024\/12\/IMSDSL_Cadre-de-reference.pdf\" target=\"_blank\" rel=\"noreferrer noopener\">Discover the Reference Framework (In French only)<\/a><\/div>\n<\/div>\n\n\n\n<div style=\"height:72px\" aria-hidden=\"true\" class=\"wp-block-spacer\"><\/div>\n\n\n\n<h2 class=\"wp-block-heading is-style-little-title\">Social Development Tables in Laval and the South Shore<\/h2>\n\n\n\n<p>Centraide also supports local social development tables in Laval and on the South Shore. While they are not part of the Montreal agreement, these tables serve a similar purpose to Montreal\u2019s neighborhood tables: fostering local collaboration, engaging community stakeholders, and driving collective projects tailored to the needs of their communities.<\/p>\n\n\n\n<div style=\"height:24px\" aria-hidden=\"true\" class=\"wp-block-spacer\"><\/div>\n\n\n<section id=\"block_82002d6e266fc2f0502c719e4860c5fe\" class=\"media-text-alt theme-block aligndefault alignwide\">\n  \n  <div class=\"media-text-alt__wrapper img_right\">\n    <div class=\"media-text-alt__content entry-content\">\n      <h4 class=\"has-text-align-left\"><!-- wp:heading {\"level\":3,\"className\":\"is-style-little-title\"} --><\/h4>\n<h2 class=\"wp-block-heading is-style-little-title\">A model unique in the world, made in Montreal<\/h2>\n<h3 class=\"has-text-align-left\"><!-- \/wp:heading --> <!-- wp:paragraph --><\/h3>\n<p>These neighbourhood roundtables include as many stakeholders as possible from various backgrounds: residents first and foremost but also representatives from the community, cultural, economic, education, public security and municipal sectors.<\/p>\n<p>Together, they are implementing a variety of actions to improve living conditions for neighbourhood residents.<\/p>\n<p>In this video, author <strong>Danny Laferri\u00e8re<\/strong> explains how a neighbourhood roundtable works.<\/p>\n<!-- \/wp:paragraph -->              <div class=\"btn-media-text-alt\">\n          <a class=\"btn\" href=\"https:\/\/www.youtube.com\/watch?v=QyDGzRCIxH0\" target=\"_blank\" rel=\"noopener\">  Video of Neighbourhood Roundtables<\/a>\n        <\/div>\n          <\/div>\n    <div class=\"media-text-alt__img\">\n      <div class=\"media-text-alt__img__wrapper\">\n        <img decoding=\"async\" width=\"637\" height=\"316\" src=\"https:\/\/www.centraide-mtl.org\/wp-content\/uploads\/2020\/11\/Tables-locales.png\" class=\"attachment-large size-large\" alt=\"Banni\u00e8re mauve avec quartiers de Montr\u00e9al en blanc\" \/>      <\/div>\n    <\/div>\n  <\/div>\n\n<\/section>\n\n\n<section id=\"block_4f36230281797ac0109c428b46af9d86\" class=\"media-text-alt theme-block aligndefault alignwide\">\n  \n  <div class=\"media-text-alt__wrapper img_left\">\n    <div class=\"media-text-alt__content entry-content\">\n      <h2 class=\"wp-block-heading is-style-little-title\">Collective projects driven by neighbourhood roundtables<span class=\"EOP BCX0 SCXW78523223\" data-ccp-props=\"{&quot;201341983&quot;:0,&quot;335559739&quot;:0,&quot;335559740&quot;:240}\">\u00a0<\/span><\/h2>\n<p>The Esprit de quartier podcast highlights community projects driven by neighbourhood roundtables. Its four episodes explore highly topical themes: gentrification and urban development, food security, the environment, and community life. Through interviews with people from about ten initiatives in eight Montreal neighbourhoods, host <strong>Joakim Lemieux<\/strong> from the Coalition montr\u00e9alaise des Tables de quartier (CMTQ) invites the public to join her on reflecting about social inequalities in Montreal and about possible solutions.<\/p>\n<p>\u00a9Esprit de quartier est une production de la CMTQ et une r\u00e9alisation de Kastor Productions.<\/p>\n              <div class=\"btn-media-text-alt\">\n          <a class=\"btn\" href=\"https:\/\/espritdequartier.ca\/\" target=\"_blank\" rel=\"noopener\">  Esprit de quartier Podcast<\/a>\n        <\/div>\n          <\/div>\n    <div class=\"media-text-alt__img\">\n      <div class=\"media-text-alt__img__wrapper\">\n        <img decoding=\"async\" width=\"1024\" height=\"677\" src=\"https:\/\/www.centraide-mtl.org\/wp-content\/uploads\/2022\/03\/Esprit-de-quartier-balado-1024x677.jpg\" class=\"attachment-large size-large\" alt=\"Logo Esprit de quartier\" \/>      <\/div>\n    <\/div>\n  <\/div>\n\n<\/section>\n\n\n\n<div style=\"height:15px\" aria-hidden=\"true\" class=\"wp-block-spacer\"><\/div>\n\n\n\n<p class=\"has-text-align-center\">For more details, visit the <a href=\"http:\/\/www.tablesdequartiermontreal.org\/\" data-type=\"link\" data-id=\"http:\/\/www.tablesdequartiermontreal.org\/\" target=\"_blank\" rel=\"noreferrer noopener\">Coalition montr\u00e9alaise des Tables de quartier (CMTQ)<\/a> website.<br><\/p>\n\n\n\n<div class=\"wp-block-group\"><div class=\"wp-block-group__inner-container is-layout-flow wp-block-group-is-layout-flow\">\n<div style=\"height:15px\" aria-hidden=\"true\" class=\"wp-block-spacer\"><\/div>\n\n\n<div class=\"wp-block-image\">\n<figure class=\"aligncenter size-full is-resized\"><img decoding=\"async\" width=\"609\" height=\"85\" src=\"https:\/\/www.centraide-mtl.org\/wp-content\/uploads\/2022\/05\/Separateur_corpo_1-1.png\" alt=\"\" class=\"wp-image-44527\" style=\"object-fit:cover;width:386px;height:auto\" srcset=\"https:\/\/www.centraide-mtl.org\/wp-content\/uploads\/2022\/05\/Separateur_corpo_1-1.png 609w, https:\/\/www.centraide-mtl.org\/wp-content\/uploads\/2022\/05\/Separateur_corpo_1-1-300x42.png 300w\" sizes=\"(max-width: 609px) 100vw, 609px\" \/><\/figure><\/div><\/div><\/div>\n\n\n\n<div style=\"height:60px\" aria-hidden=\"true\" class=\"wp-block-spacer\"><\/div>\n\n\n\n<h2 class=\"wp-block-heading alignwide has-text-align-left is-style-little-title\"> <strong>Related pages:<\/strong><\/h2>\n\n\n<section id=\"block_95d40fa421a537d66b4473d47624afa2\" class=\"cta_box theme-block aligndefault alignwide\">\n      <div class=\"page-404__cta-box\">\n        <a href=\"https:\/\/www.centraide-mtl.org\/en\/integrated-territorial-approach\/\" target=\"_blank\" class=\"cta-box__item\" style=\"background-color:#a3a3a3\">\n      <div class=\"cta-box__item__header\">\n                  <div class=\"cta-box__item__header__icon__wrapper\">\n            <img decoding=\"async\" src=\"https:\/\/www.centraide-mtl.org\/wp-content\/uploads\/2023\/03\/ICONES-Mutualisation-3.png\" alt=\"Icone mains avec c\u0153ur\" width=\"250\" height=\"250\" class=\"cta-box__item__header__icon\">          <\/div>\n                <div class=\"cta-box__item__header__title\">\n        <span>Community<\/span> <span>development<\/span>        <\/div>\n      <\/div>\n      <div class=\"cta-box__item__footer\">\n        <div class=\"cta-box__item__footer__title\">\n          Integrated territorial approach        <\/div>\n      <\/div>\n    <\/a>\n        <a href=\"https:\/\/www.centraide-mtl.org\/en\/collective-impact-project\/\" target=\"_blank\" class=\"cta-box__item\" style=\"background-color:#809fbf\">\n      <div class=\"cta-box__item__header\">\n                  <div class=\"cta-box__item__header__icon__wrapper\">\n            <img decoding=\"async\" src=\"https:\/\/www.centraide-mtl.org\/wp-content\/uploads\/2023\/03\/ICONES-Mutualisation-4.png\" alt=\"Icone deux mains\" width=\"250\" height=\"250\" class=\"cta-box__item__header__icon\">          <\/div>\n                <div class=\"cta-box__item__header__title\">\n        <span>Community<\/span> <span>development<\/span>        <\/div>\n      <\/div>\n      <div class=\"cta-box__item__footer\">\n        <div class=\"cta-box__item__footer__title\">\n          Collective Impact Project \r\n        <\/div>\n      <\/div>\n    <\/a>\n        <a href=\"https:\/\/www.centraide-mtl.org\/en\/community-development\/\" target=\"_blank\" class=\"cta-box__item\" style=\"background-color:#353535\">\n      <div class=\"cta-box__item__header\">\n                  <div class=\"cta-box__item__header__icon__wrapper\">\n            <img decoding=\"async\" src=\"https:\/\/www.centraide-mtl.org\/wp-content\/uploads\/2023\/03\/ICONES-Mutualisation-2.png\" alt=\"Icone plusieurs mains Mutualisation\" width=\"250\" height=\"250\" class=\"cta-box__item__header__icon\">          <\/div>\n                <div class=\"cta-box__item__header__title\">\n        <span>Community<\/span> <span>development<\/span>        <\/div>\n      <\/div>\n      <div class=\"cta-box__item__footer\">\n        <div class=\"cta-box__item__footer__title\">\n          Home        <\/div>\n      <\/div>\n    <\/a>\n        <\/div>\n  <\/section>\n\n\n\n<div style=\"height:42px\" aria-hidden=\"true\" class=\"wp-block-spacer\"><\/div>\n","protected":false},"excerpt":{"rendered":"<p>In 2006, Centraide of Greater Montreal, the Direction r\u00e9gionale de sant\u00e9 publique de Montr\u00e9al and the Ville de Montr\u00e9al partnered with the Coalition montr\u00e9alaise des Tables de quartier to create the Initiative montr\u00e9alaise de soutien&hellip;<\/p>\n","protected":false},"author":1,"featured_media":65876,"parent":0,"menu_order":91,"comment_status":"closed","ping_status":"closed","template":"","meta":{"_acf_changed":false,"_relevanssi_hide_post":"","_relevanssi_hide_content":"","_relevanssi_pin_for_all":"","_relevanssi_pin_keywords":"","_relevanssi_unpin_keywords":"","_relevanssi_related_keywords":"","_relevanssi_related_include_ids":"","_relevanssi_related_exclude_ids":"","_relevanssi_related_no_append":"","_relevanssi_related_not_related":"","_relevanssi_related_posts":"1","_relevanssi_noindex_reason":"","footnotes":""},"class_list":["post-744","page","type-page","status-publish","has-post-thumbnail","hentry"],"acf":[],"publishpress_future_workflow_manual_trigger":{"enabledWorkflows":[]},"_links":{"self":[{"href":"https:\/\/www.centraide-mtl.org\/en\/wp-json\/wp\/v2\/pages\/744","targetHints":{"allow":["GET"]}}],"collection":[{"href":"https:\/\/www.centraide-mtl.org\/en\/wp-json\/wp\/v2\/pages"}],"about":[{"href":"https:\/\/www.centraide-mtl.org\/en\/wp-json\/wp\/v2\/types\/page"}],"author":[{"embeddable":true,"href":"https:\/\/www.centraide-mtl.org\/en\/wp-json\/wp\/v2\/users\/1"}],"replies":[{"embeddable":true,"href":"https:\/\/www.centraide-mtl.org\/en\/wp-json\/wp\/v2\/comments?post=744"}],"version-history":[{"count":31,"href":"https:\/\/www.centraide-mtl.org\/en\/wp-json\/wp\/v2\/pages\/744\/revisions"}],"predecessor-version":[{"id":103834,"href":"https:\/\/www.centraide-mtl.org\/en\/wp-json\/wp\/v2\/pages\/744\/revisions\/103834"}],"wp:featuredmedia":[{"embeddable":true,"href":"https:\/\/www.centraide-mtl.org\/en\/wp-json\/wp\/v2\/media\/65876"}],"wp:attachment":[{"href":"https:\/\/www.centraide-mtl.org\/en\/wp-json\/wp\/v2\/media?parent=744"}],"curies":[{"name":"wp","href":"https:\/\/api.w.org\/{rel}","templated":true}]}}