{"id":59265,"date":"2023-06-13T12:12:34","date_gmt":"2023-06-13T16:12:34","guid":{"rendered":"https:\/\/www.centraide-mtl.org\/?page_id=59265"},"modified":"2024-06-18T20:12:56","modified_gmt":"2024-06-19T00:12:56","slug":"audit-and-investment-committee","status":"publish","type":"page","link":"https:\/\/www.centraide-mtl.org\/en\/management-and-volunteers\/volunteers\/board-of-directors\/audit-and-investment-committee\/","title":{"rendered":"Audit and Investment Committee"},"content":{"rendered":"\n<p>The Audit and Investment Committee assists the Board of Directors in ensuring sound financial management of the corporation. The Committee also ensures the compliance of the corporation\u2019s financial statements.<\/p>\n\n\n\n<div style=\"height:21px\" aria-hidden=\"true\" class=\"wp-block-spacer\"><\/div>\n\n\n\n<h5 class=\"wp-block-heading\">Chairmanship of the Audit and Investment Committee&nbsp;&nbsp;<\/h5>\n\n\n<section id=\"block_9ce28b8b2d9f2281f97664fced0be549\" class=\"block-member  member alignfull theme-block\">\n  <div class=\"member__wrapper\">\n              <div class=\"member__item member__item__with__thumnbnail\">\n                  <div class=\"member__item__thumbnail\">\n            <div class=\"member__item__thumbnail__img\" >\n              <div class=\"member__item__thumbnail__img__wrapper\">\n                <img decoding=\"async\" src=\"https:\/\/www.centraide-mtl.org\/wp-content\/uploads\/2023\/06\/Marie-Helene-Noiseux-300x300.jpg\"\/>\n              <\/div>\n            <\/div>\n          <\/div>\n                              <h2 class=\"member__item__name\">Marie H\u00e9l\u00e8ne Noiseux*, PhD, ASC<\/h2>\n                      <span class=\"member__item__second-role\">Professor of Finance, School of Management, Universit\u00e9 du Qu\u00e9bec \u00e0 Montr\u00e9al <\/span>\n                   <\/div>\n        <\/div>\n \n<\/section>\n\n\n\n<h5 class=\"wp-block-heading\">Members of the Audit and Investment Committee&nbsp;&nbsp;<\/h5>\n\n\n<section id=\"block_1d6221a4b84091d04deda71c310430d1\" class=\"block-member  member alignfull theme-block\">\n  <div class=\"member__wrapper\">\n              <div class=\"member__item member__item__with__thumnbnail\">\n                  <div class=\"member__item__thumbnail\">\n            <div class=\"member__item__thumbnail__img\" >\n              <div class=\"member__item__thumbnail__img__wrapper\">\n                <img decoding=\"async\" src=\"https:\/\/www.centraide-mtl.org\/wp-content\/uploads\/2021\/08\/Marie-Claude_Guerard-300x300.jpg\"\/>\n              <\/div>\n            <\/div>\n          <\/div>\n                              <h2 class=\"member__item__name\">Marie-Claude Gu\u00e9rard<\/h2>\n                      <span class=\"member__item__second-role\">Directrice ex\u00e9cutive, Services administratifs, Autorit\u00e9 r\u00e9gionale de transport m\u00e9tropolitain<\/span>\n                   <\/div>\n              <div class=\"member__item member__item__with__thumnbnail\">\n                  <div class=\"member__item__thumbnail\">\n            <div class=\"member__item__thumbnail__img\" >\n              <div class=\"member__item__thumbnail__img__wrapper\">\n                <img decoding=\"async\" src=\"https:\/\/www.centraide-mtl.org\/wp-content\/uploads\/2023\/06\/Thierry-Nguyen-2025-300x300.jpg\"\/>\n              <\/div>\n            <\/div>\n          <\/div>\n                              <h2 class=\"member__item__name\">Thierry Nguyen<\/h2>\n                      <span class=\"member__item__second-role\">Managing Director and Head of Investment Banking for Quebec, Canaccord Genuity<\/span>\n                   <\/div>\n              <div class=\"member__item member__item__with__thumnbnail\">\n                  <div class=\"member__item__thumbnail\">\n            <div class=\"member__item__thumbnail__img\" >\n              <div class=\"member__item__thumbnail__img__wrapper\">\n                <img decoding=\"async\" src=\"https:\/\/www.centraide-mtl.org\/wp-content\/uploads\/2021\/06\/Andrea-Nicholls-web-300x300.jpg\"\/>\n              <\/div>\n            <\/div>\n          <\/div>\n                              <span class=\"member__item__main-role\">Secretary of the Board of Directors<\/span>\n                      <h2 class=\"member__item__name\">Andrea Nicholls*<\/h2>\n                      <span class=\"member__item__second-role\">Chief Financial Officer, Dentons Canada <\/span>\n                   <\/div>\n        <\/div>\n \n<\/section>\n","protected":false},"excerpt":{"rendered":"<p>The Audit and Investment Committee assists the Board of Directors in ensuring sound financial management of the corporation. The Committee also ensures the compliance of the corporation\u2019s financial statements. Chairmanship of the Audit and Investment&hellip;<\/p>\n","protected":false},"author":5,"featured_media":0,"parent":21312,"menu_order":115,"comment_status":"closed","ping_status":"closed","template":"","meta":{"_acf_changed":false,"_relevanssi_hide_post":"","_relevanssi_hide_content":"","_relevanssi_pin_for_all":"","_relevanssi_pin_keywords":"","_relevanssi_unpin_keywords":"","_relevanssi_related_keywords":"","_relevanssi_related_include_ids":"","_relevanssi_related_exclude_ids":"","_relevanssi_related_no_append":"","_relevanssi_related_not_related":"","_relevanssi_related_posts":"25536,28270,1166,20734,945,40797","_relevanssi_noindex_reason":"","footnotes":""},"class_list":["post-59265","page","type-page","status-publish","hentry"],"acf":[],"publishpress_future_workflow_manual_trigger":{"enabledWorkflows":[]},"_links":{"self":[{"href":"https:\/\/www.centraide-mtl.org\/en\/wp-json\/wp\/v2\/pages\/59265","targetHints":{"allow":["GET"]}}],"collection":[{"href":"https:\/\/www.centraide-mtl.org\/en\/wp-json\/wp\/v2\/pages"}],"about":[{"href":"https:\/\/www.centraide-mtl.org\/en\/wp-json\/wp\/v2\/types\/page"}],"author":[{"embeddable":true,"href":"https:\/\/www.centraide-mtl.org\/en\/wp-json\/wp\/v2\/users\/5"}],"replies":[{"embeddable":true,"href":"https:\/\/www.centraide-mtl.org\/en\/wp-json\/wp\/v2\/comments?post=59265"}],"version-history":[{"count":16,"href":"https:\/\/www.centraide-mtl.org\/en\/wp-json\/wp\/v2\/pages\/59265\/revisions"}],"predecessor-version":[{"id":72628,"href":"https:\/\/www.centraide-mtl.org\/en\/wp-json\/wp\/v2\/pages\/59265\/revisions\/72628"}],"up":[{"embeddable":true,"href":"https:\/\/www.centraide-mtl.org\/en\/wp-json\/wp\/v2\/pages\/21312"}],"wp:attachment":[{"href":"https:\/\/www.centraide-mtl.org\/en\/wp-json\/wp\/v2\/media?parent=59265"}],"curies":[{"name":"wp","href":"https:\/\/api.w.org\/{rel}","templated":true}]}}