{"id":52908,"date":"2022-12-02T11:03:46","date_gmt":"2022-12-02T16:03:46","guid":{"rendered":"https:\/\/www.centraide-mtl.org\/?page_id=52908"},"modified":"2023-08-17T13:40:37","modified_gmt":"2023-08-17T17:40:37","slug":"community-services-recovery-fund-csrf","status":"publish","type":"page","link":"https:\/\/www.centraide-mtl.org\/en\/community-services-recovery-fund-csrf\/","title":{"rendered":"Community Services Recovery Fund (CSRF)"},"content":{"rendered":"\n<div style=\"height:25px\" aria-hidden=\"true\" class=\"wp-block-spacer\"><\/div>\n\n\n<div class=\"wp-block-image\">\n<figure class=\"aligncenter size-full is-resized\"><img decoding=\"async\" src=\"https:\/\/www.centraide-mtl.org\/wp-content\/uploads\/2022\/12\/CSRF_U2.png\" alt=\"\" class=\"wp-image-53182\" width=\"599\" height=\"211\" srcset=\"https:\/\/www.centraide-mtl.org\/wp-content\/uploads\/2022\/12\/CSRF_U2.png 1920w, https:\/\/www.centraide-mtl.org\/wp-content\/uploads\/2022\/12\/CSRF_U2-300x106.png 300w, https:\/\/www.centraide-mtl.org\/wp-content\/uploads\/2022\/12\/CSRF_U2-1024x361.png 1024w, https:\/\/www.centraide-mtl.org\/wp-content\/uploads\/2022\/12\/CSRF_U2-768x270.png 768w, https:\/\/www.centraide-mtl.org\/wp-content\/uploads\/2022\/12\/CSRF_U2-1536x541.png 1536w\" sizes=\"(max-width: 599px) 100vw, 599px\" \/><\/figure><\/div>\n\n<div class=\"container\">\n<div class=\"wp-block-media-text alignwide has-media-on-the-right is-stacked-on-mobile\" style=\"grid-template-columns:auto 27%\"><div class=\"wp-block-media-text__content\">\n<h2 class=\"wp-block-heading has-text-align-left is-style-little-title\"><strong>A $400&nbsp;MILLION INVESTMENT<\/strong><\/h2>\n\n\n\n<p>From the beginning of the COVID-19 pandemic, community service organizations, including charities, non-profits and Indigenous governing bodies, across Canada have shown impressive stamina and creativity in their response to the diverse and increasingly challenging needs of their communities. &nbsp;<\/p>\n\n\n\n<p>The Government of Canada delivered the Community Services Recovery Fund through three National Funders \u2013 Canadian Red Cross, Community Foundations of Canada, and United Way Centraide Canada. The National Funders distributed $400&nbsp;million to support community service organizations as they adapt and modernize their organizations.&nbsp;<\/p>\n\n\n\n<p>Centraide of Greater Montreal funded <strong>120&nbsp;organizations<\/strong> for a total of <strong>$&nbsp;9,065,099<\/strong>. <\/p>\n\n\n\n<p>You will find the list of Fund recipients below:&nbsp;<\/p>\n<\/div><figure class=\"wp-block-media-text__media\"><img decoding=\"async\" width=\"1024\" height=\"683\" src=\"https:\/\/www.centraide-mtl.org\/wp-content\/uploads\/2022\/11\/15-1024x683.jpg\" alt=\"\" class=\"wp-image-52677 size-full\" srcset=\"https:\/\/www.centraide-mtl.org\/wp-content\/uploads\/2022\/11\/15-1024x683.jpg 1024w, https:\/\/www.centraide-mtl.org\/wp-content\/uploads\/2022\/11\/15-300x200.jpg 300w, https:\/\/www.centraide-mtl.org\/wp-content\/uploads\/2022\/11\/15-768x512.jpg 768w, https:\/\/www.centraide-mtl.org\/wp-content\/uploads\/2022\/11\/15-1536x1024.jpg 1536w, https:\/\/www.centraide-mtl.org\/wp-content\/uploads\/2022\/11\/15.jpg 1920w\" sizes=\"(max-width: 1024px) 100vw, 1024px\" \/><\/figure><\/div>\n<\/div>\n\n\n<div class=\"wp-block-columns is-layout-flex wp-container-core-columns-is-layout-9d6595d7 wp-block-columns-is-layout-flex\">\n<div class=\"wp-block-column is-layout-flow wp-block-column-is-layout-flow\">\n<p>ACEF Centre de Montr\u00e9al<\/p>\n\n\n\n<p>Action Autonomie le collectif pour la d\u00e9fense des droits en sant\u00e9 mentale de Montr\u00e9al<\/p>\n\n\n\n<p>Action Centre-Ville (Montr\u00e9al)<\/p>\n\n\n\n<p>Actions D\u00e9pendances<\/p>\n\n\n\n<p>Action-Services aux proches aidants de Longueuil<\/p>\n\n\n\n<p>ALTA (Association lavalloise pour le transport adapt\u00e9)<\/p>\n\n\n\n<p>Alternatives communautaires d&#8217;habitation et d&#8217;intervention milieu<\/p>\n\n\n\n<p>Association coop\u00e9rative d&#8217;\u00e9conomie familiale du Nord de Montr\u00e9al<\/p>\n\n\n\n<p>Association coop\u00e9rative d&#8217;\u00e9conomie familiale du Sud-Ouest de Montr\u00e9al<\/p>\n\n\n\n<p>Association d&#8217;Entraide Emma Effe<\/p>\n\n\n\n<p>Association d&#8217;entraide Le Cha\u00eenon<\/p>\n\n\n\n<p>Association du Qu\u00e9bec pour Enfants avec Probl\u00e8mes Auditifs Montr\u00e9al R\u00e9gional<\/p>\n\n\n\n<p>Atelier des lettres en alphab\u00e9tisation de Centre-Sud<\/p>\n\n\n\n<p>Biblioth\u00e8que et centre d&#8217;informatique Atwater \/ Atwater Library and Computer Centre<\/p>\n\n\n\n<p>Bienvenue \u00e0 Notre-Dame-de-Gr\u00e2ce<\/p>\n\n\n\n<p>C.E.L.A.M.<\/p>\n\n\n\n<p>Carrefour de ressources en interculturel<\/p>\n\n\n\n<p>Carrefour familial de Sainte-Julie<\/p>\n\n\n\n<p>Carrefour jeunesse-emploi Notre-Dame-de-Gr\u00e2ce<\/p>\n\n\n\n<p>Carrefour jeunesse-emploi Saint-Hubert<\/p>\n\n\n\n<p>Carrefour Saint-Eus\u00e8be de Montr\u00e9al<\/p>\n\n\n\n<p>Centre Communautaire Bon Courage de Place Benoit<\/p>\n\n\n\n<p>Centre Communautaire de l&#8217;Avenue Greene<\/p>\n\n\n\n<p>Centre Communautaire de loisirs Sainte-Catherine d&#8217;Alexandrie (CCLSCA)<\/p>\n\n\n\n<p>Centre d&#8217;action b\u00e9n\u00e9vole de Montr\u00e9al<\/p>\n\n\n\n<p>Centre d&#8217;aide \u00e0 la r\u00e9ussite et au d\u00e9veloppement (CARD)<\/p>\n\n\n\n<p>Centre d&#8217;apprentissage parall\u00e8le de Montreal (le CAP)<\/p>\n\n\n\n<p>Centre de b\u00e9n\u00e9volat Saint-Basile-le-Grand <\/p>\n\n\n\n<p>Centre de lutte contre l&#8217;oppression des genres<\/p>\n\n\n\n<p>Centre de Pr\u00e9vention et d\u2019Intervention pour Victimes d\u2019Agression Sexuelle (CPIVAS)<\/p>\n\n\n\n<p>Centre de ressources sur la non-violence (CRNV)<\/p>\n\n\n\n<p>Centre d&#8217;entraide du Marigot<\/p>\n\n\n\n<p>Centre des femmes d&#8217;ici et d&#8217;ailleurs<\/p>\n\n\n\n<p>Centre des Femmes West Island<\/p>\n\n\n\n<p>Centre du Plateau<\/p>\n\n\n\n<p>Comit\u00e9 de logement Rosemont<\/p>\n\n\n\n<p>Communaut\u00e9 Zerah Yakov<\/p>\n\n\n\n<p>Concertation en s\u00e9curit\u00e9 alimentaire de Saint-L\u00e9onard<\/p>\n\n\n\n<p>Coop\u00e9rative de solidarit\u00e9 Polliflora<\/p>\n\n\n\n<p>Corporation de d\u00e9veloppement communautaire de C\u00f4te-des-Neiges<\/p>\n\n\n\n<p>C\u00f4te-des-Neiges Black Community Association<\/p>\n\n\n\n<p>De Soi \u00e0 l&#8217;emploi<\/p>\n\n\n\n<p>D-Trois-Pierres<\/p>\n\n\n\n<p>D&#8217;un couvert \u00e0 l&#8217;autre<\/p>\n\n\n\n<p>\u00c9clusier du Haut-Richelieu<\/p>\n\n\n\n<p>\u00c9glise Nouvelle Vie de Longueuil<\/p>\n\n\n\n<p>Entraide Saint-Michel<\/p>\n\n\n\n<p>\u00c9v\u00e9nement Hoodstock<\/p>\n\n\n\n<p>Explorations, A McGill Project for Gifted Students<\/p>\n\n\n\n<p>F\u00e9d\u00e9ration r\u00e9gionale des OSBL d&#8217;habitation de la Mont\u00e9r\u00e9gie et de l&#8217;Estrie<\/p>\n\n\n\n<p>Finautonome<\/p>\n\n\n\n<p>Fondation des jeunes de la DPJ<\/p>\n\n\n\n<p>Groupe d&#8217;Entraide de Mercier-Ouest<\/p>\n\n\n\n<p>Groupe des aidants du Sud-Ouest<\/p>\n\n\n\n<p>GymnO Montr\u00e9al<\/p>\n\n\n\n<p>Hear Entendre Quebec<\/p>\n\n\n\n<p>Insertech Angus<\/p>\n\n\n\n<p>Jewish Public Library<\/p>\n\n\n\n<p>La Caf\u00e9t\u00e9ria communautaire MultiCaf<\/p>\n<\/div>\n\n\n\n<div class=\"wp-block-column is-layout-flow wp-block-column-is-layout-flow\">\n<p>La Cantine pour tous<\/p>\n\n\n\n<p>La Maison \u00c0 Petits Pas<\/p>\n\n\n\n<p>La Maison des Femmes Sourdes de Montr\u00e9al<\/p>\n\n\n\n<p>La Maison des Hommes Sourds<\/p>\n\n\n\n<p>La Maison des Petits Tournesols<\/p>\n\n\n\n<p>La Maison du Go\u00e9land de la Rive Sud<\/p>\n\n\n\n<p>La Porte ouverte Montr\u00e9al<\/p>\n\n\n\n<p>La Soci\u00e9t\u00e9 de musique Bharatiya, Bharatiya Sangeetha Sangham<\/p>\n\n\n\n<p>La Soci\u00e9t\u00e9 de Saint-Vincent de Paul de Montr\u00e9al<\/p>\n\n\n\n<p>L&#8217;Anonyme U.I.M.<\/p>\n\n\n\n<p>L&#8217;Archipel de l&#8217;avenir<\/p>\n\n\n\n<p>Le Bon Dieu dans la rue, Organisation pour jeunes adultes<\/p>\n\n\n\n<p>Le Centre du Vieux Moulin de LaSalle<\/p>\n\n\n\n<p>Le Collectif Bienvenue\/ The Welcome Collective<\/p>\n\n\n\n<p>Le Parados inc.<\/p>\n\n\n\n<p>Les Habitations l&#8217;Escalier de Montr\u00e9al<\/p>\n\n\n\n<p>L&#8217;\u00eelot &#8211; Centre de crise et de pr\u00e9vention du suicide de Laval<\/p>\n\n\n\n<p>MADA Community Center<\/p>\n\n\n\n<p>Maison des Familles de Verdun<\/p>\n\n\n\n<p>Maison des jeunes de Saint-Philippe <\/p>\n\n\n\n<p>Maison des Sourds<\/p>\n\n\n\n<p>Maison du d\u00e9veloppement durable<\/p>\n\n\n\n<p>Maison Jean Lapointe<\/p>\n\n\n\n<p>Maison La Virevolte<\/p>\n\n\n\n<p>Maison Plein Coeur<\/p>\n\n\n\n<p>Maison qu\u00e9b\u00e9coise du th\u00e9\u00e2tre pour l&#8217;enfance et la jeunesse<\/p>\n\n\n\n<p>Maison Saint Columba<\/p>\n\n\n\n<p>Montr\u00e9al &#8211; M\u00e9tropole en Sant\u00e9<\/p>\n\n\n\n<p>Mouvement Action-Ch\u00f4mage de Montr\u00e9al<\/p>\n\n\n\n<p>Oxy-Jeunes<\/p>\n\n\n\n<p>Partageons l&#8217;espoir (Qu\u00e9bec) \/ Share the Warmth (Quebec)<\/p>\n\n\n\n<p>Philo-Boxe<\/p>\n\n\n\n<p>Pr\u00e9vention Sud-Ouest<\/p>\n\n\n\n<p>Prise II (Programmation de revalorisation individuelle et sociale, \u00e9ducatif)<\/p>\n\n\n\n<p>Projet LOVE: Vivre sans violence Qu\u00e9bec<\/p>\n\n\n\n<p>Quebec Board of Black Educators<\/p>\n\n\n\n<p>Regroupement des aveugles et amblyopes du Montr\u00e9al m\u00e9tropolitain<\/p>\n\n\n\n<p>Regroupement des usagers du transport adapt\u00e9 et accessible de l\u2019\u00eele de Montr\u00e9al<\/p>\n\n\n\n<p>R\u00e9seau Habitation Femmes<\/p>\n\n\n\n<p>Resto Plateau<\/p>\n\n\n\n<p>R\u00c9ZO, sant\u00e9 et mieux-\u00eatre des hommes gais et bisexuels<\/p>\n\n\n\n<p>ruelle de l&#8217;avenir<\/p>\n\n\n\n<p>Sans Oublier le Sourire<\/p>\n\n\n\n<p>Santropol Roulant Inc.<\/p>\n\n\n\n<p>Service d&#8217;aide communautaire Anjou inc.<\/p>\n\n\n\n<p>Service populaire de psychoth\u00e9rapie<\/p>\n\n\n\n<p>Soci\u00e9t\u00e9 Alzheimer de Montr\u00e9al<\/p>\n\n\n\n<p>Soci\u00e9t\u00e9 Ressources-Loisirs de Pat &#8211; Pr\u00e9vention Pointe-de-l&#8217;\u00cele<\/p>\n\n\n\n<p>Solidarit\u00e9 Ahuntsic<\/p>\n\n\n\n<p>Solidarit\u00e9 de parents de personnes handicap\u00e9es<\/p>\n\n\n\n<p>South Shore Youth Organization<\/p>\n\n\n\n<p>Suivi communautaire Le Fil<\/p>\n\n\n\n<p>Table 5-12 ans de Rosemont<\/p>\n\n\n\n<p>Table de Quartier Lac St-Louis<\/p>\n\n\n\n<p>Table de quartier nord ouest de L&#8217;\u00cele-de-Montr\u00e9al<\/p>\n\n\n\n<p>The Batshaw Youth and Family Centres Foundation<\/p>\n\n\n\n<p>The Thomas More Institute for Adult Education<\/p>\n\n\n\n<p>Toujours ensemble<\/p>\n\n\n\n<p>Visual Arts Centre \/ Centre des arts visuels<\/p>\n\n\n\n<p>Voulez-Vous Productions<\/p>\n\n\n\n<p>West Island Mission<\/p>\n<\/div>\n<\/div>\n\n\n\n<div style=\"height:67px\" aria-hidden=\"true\" class=\"wp-block-spacer\"><\/div>\n\n\n\n<h5 class=\"wp-block-heading has-text-align-left is-style-little-title\"><strong>You would like to have more information?<\/strong><\/h5>\n\n\n\n<p class=\"has-text-align-left\">Contact us by email at <a href=\"mailto:frsc@centraide-mtl.org\">frsc@centraide-mtl.org<\/a>, or visit <a href=\"https:\/\/communityservicesrecoveryfund.ca\/\" target=\"_blank\" rel=\"noopener\">www.communityservicesrecoveryfund.ca<\/a>.<\/p>\n\n\n\n<div style=\"height:30px\" aria-hidden=\"true\" class=\"wp-block-spacer\"><\/div>\n\n\n<div class=\"wp-block-image\">\n<figure class=\"aligncenter size-full is-resized\"><img decoding=\"async\" src=\"https:\/\/www.centraide-mtl.org\/wp-content\/uploads\/2022\/12\/Funded-by-Government-of-Canada.png\" alt=\"\" class=\"wp-image-53185\" width=\"308\" height=\"47\" srcset=\"https:\/\/www.centraide-mtl.org\/wp-content\/uploads\/2022\/12\/Funded-by-Government-of-Canada.png 1230w, https:\/\/www.centraide-mtl.org\/wp-content\/uploads\/2022\/12\/Funded-by-Government-of-Canada-300x46.png 300w, https:\/\/www.centraide-mtl.org\/wp-content\/uploads\/2022\/12\/Funded-by-Government-of-Canada-1024x156.png 1024w, https:\/\/www.centraide-mtl.org\/wp-content\/uploads\/2022\/12\/Funded-by-Government-of-Canada-768x117.png 768w\" sizes=\"(max-width: 308px) 100vw, 308px\" \/><\/figure><\/div>","protected":false},"excerpt":{"rendered":"<p>A $400&nbsp;MILLION INVESTMENT From the beginning of the COVID-19 pandemic, community service organizations, including charities, non-profits and Indigenous governing bodies, across Canada have shown impressive stamina and creativity in their response to the diverse and&hellip;<\/p>\n","protected":false},"author":5,"featured_media":0,"parent":0,"menu_order":0,"comment_status":"closed","ping_status":"closed","template":"template-landing.php","meta":{"_acf_changed":false,"_relevanssi_hide_post":"","_relevanssi_hide_content":"","_relevanssi_pin_for_all":"","_relevanssi_pin_keywords":"","_relevanssi_unpin_keywords":"","_relevanssi_related_keywords":"","_relevanssi_related_include_ids":"","_relevanssi_related_exclude_ids":"","_relevanssi_related_no_append":"","_relevanssi_related_not_related":"","_relevanssi_related_posts":"21165,45170,1170,39227,21129,1114","_relevanssi_noindex_reason":"","footnotes":""},"class_list":["post-52908","page","type-page","status-publish","hentry"],"acf":[],"publishpress_future_workflow_manual_trigger":{"enabledWorkflows":[]},"_links":{"self":[{"href":"https:\/\/www.centraide-mtl.org\/en\/wp-json\/wp\/v2\/pages\/52908","targetHints":{"allow":["GET"]}}],"collection":[{"href":"https:\/\/www.centraide-mtl.org\/en\/wp-json\/wp\/v2\/pages"}],"about":[{"href":"https:\/\/www.centraide-mtl.org\/en\/wp-json\/wp\/v2\/types\/page"}],"author":[{"embeddable":true,"href":"https:\/\/www.centraide-mtl.org\/en\/wp-json\/wp\/v2\/users\/5"}],"replies":[{"embeddable":true,"href":"https:\/\/www.centraide-mtl.org\/en\/wp-json\/wp\/v2\/comments?post=52908"}],"version-history":[{"count":20,"href":"https:\/\/www.centraide-mtl.org\/en\/wp-json\/wp\/v2\/pages\/52908\/revisions"}],"predecessor-version":[{"id":60958,"href":"https:\/\/www.centraide-mtl.org\/en\/wp-json\/wp\/v2\/pages\/52908\/revisions\/60958"}],"wp:attachment":[{"href":"https:\/\/www.centraide-mtl.org\/en\/wp-json\/wp\/v2\/media?parent=52908"}],"curies":[{"name":"wp","href":"https:\/\/api.w.org\/{rel}","templated":true}]}}