{"id":21841,"date":"2021-01-15T16:57:47","date_gmt":"2021-01-15T21:57:47","guid":{"rendered":"http:\/\/www.centraide-mtl.org\/the-people-who-make-centraide\/volunteers\/board-of-directors\/comite-gouvernance-mise-en-candidature\/"},"modified":"2025-06-17T17:29:44","modified_gmt":"2025-06-17T21:29:44","slug":"governance-and-nominating-committee","status":"publish","type":"page","link":"https:\/\/www.centraide-mtl.org\/en\/management-and-volunteers\/volunteers\/board-of-directors\/governance-and-nominating-committee\/","title":{"rendered":"Governance and Nominating Committee"},"content":{"rendered":"\n<p>The Governance and Nominating Committee assists the Board of Directors in fulfilling its responsibilities for the development of governance practices and policies.<\/p>\n\n\n\n<div style=\"height:26px\" aria-hidden=\"true\" class=\"wp-block-spacer\"><\/div>\n\n\n\n<h5 class=\"wp-block-heading\">Chairmanship of the Governance and Nominating Committee<\/h5>\n\n\n<section id=\"block_572b9e98bfbd309bf143732e3253af61\" class=\"block-member  member alignfull theme-block\">\n  <div class=\"member__wrapper\">\n              <div class=\"member__item member__item__with__thumnbnail\">\n                  <div class=\"member__item__thumbnail\">\n            <div class=\"member__item__thumbnail__img\" >\n              <div class=\"member__item__thumbnail__img__wrapper\">\n                <img decoding=\"async\" src=\"https:\/\/www.centraide-mtl.org\/wp-content\/uploads\/2023\/03\/Cominar_MarieJosee_web-300x300.jpg\"\/>\n              <\/div>\n            <\/div>\n          <\/div>\n                              <h2 class=\"member__item__name\">Marie-Jos\u00e9e Lapierre*<\/h2>\n                      <span class=\"member__item__second-role\">Chief Legal Officer and Corporate Secretary, Cominar Real Estate Investment Trust<\/span>\n                   <\/div>\n        <\/div>\n \n<\/section>\n\n\n\n<h5 class=\"wp-block-heading\">Members of the Governance and Nominating Committee<\/h5>\n\n\n<section id=\"block_d4e1f8aaa80a7d1161b826c8e4df534b\" class=\"block-member  member alignfull theme-block\">\n  <div class=\"member__wrapper\">\n              <div class=\"member__item member__item__with__thumnbnail\">\n                  <div class=\"member__item__thumbnail\">\n            <div class=\"member__item__thumbnail__img\" >\n              <div class=\"member__item__thumbnail__img__wrapper\">\n                <img decoding=\"async\" src=\"https:\/\/www.centraide-mtl.org\/wp-content\/uploads\/2025\/06\/Loiselle_Renee_web-300x300.jpg\"\/>\n              <\/div>\n            <\/div>\n          <\/div>\n                              <h2 class=\"member__item__name\">Ren\u00e9e Loiselle<\/h2>\n                      <span class=\"member__item__second-role\">Partner, Norton Rose Fulbright Canada LLP<\/span>\n                   <\/div>\n              <div class=\"member__item member__item__with__thumnbnail\">\n                  <div class=\"member__item__thumbnail\">\n            <div class=\"member__item__thumbnail__img\" >\n              <div class=\"member__item__thumbnail__img__wrapper\">\n                <img decoding=\"async\" src=\"https:\/\/www.centraide-mtl.org\/wp-content\/uploads\/2023\/06\/Jessica-Olivier-Na.jpg\"\/>\n              <\/div>\n            <\/div>\n          <\/div>\n                              <h2 class=\"member__item__name\">Jessica Olivier-Nault<\/h2>\n                      <span class=\"member__item__second-role\">Director women\u2019s rights and pay equity, F\u00e9d\u00e9ration des travailleurs et travailleuses du Qu\u00e9bec<\/span>\n                   <\/div>\n              <div class=\"member__item member__item__with__thumnbnail\">\n                  <div class=\"member__item__thumbnail\">\n            <div class=\"member__item__thumbnail__img\" >\n              <div class=\"member__item__thumbnail__img__wrapper\">\n                <img decoding=\"async\" src=\"https:\/\/www.centraide-mtl.org\/wp-content\/uploads\/2021\/06\/Julie-Shugarman-web-300x300.jpg\"\/>\n              <\/div>\n            <\/div>\n          <\/div>\n                              <h2 class=\"member__item__name\">Julie Shugarman<\/h2>\n                      <span class=\"member__item__second-role\">Strategy consultant<\/span>\n                   <\/div>\n        <\/div>\n \n<\/section>\n\n\n\n<p><\/p>\n","protected":false},"excerpt":{"rendered":"<p>The Governance and Nominating Committee assists the Board of Directors in fulfilling its responsibilities for the development of governance practices and policies. Chairmanship of the Governance and Nominating Committee Members of the Governance and Nominating&hellip;<\/p>\n","protected":false},"author":13,"featured_media":0,"parent":21312,"menu_order":103,"comment_status":"closed","ping_status":"closed","template":"","meta":{"_acf_changed":false,"_relevanssi_hide_post":"","_relevanssi_hide_content":"","_relevanssi_pin_for_all":"","_relevanssi_pin_keywords":"","_relevanssi_unpin_keywords":"","_relevanssi_related_keywords":"","_relevanssi_related_include_ids":"","_relevanssi_related_exclude_ids":"","_relevanssi_related_no_append":"","_relevanssi_related_not_related":"","_relevanssi_related_posts":"327,577,532,927,815,474","_relevanssi_noindex_reason":"","footnotes":""},"class_list":["post-21841","page","type-page","status-publish","hentry"],"acf":[],"publishpress_future_workflow_manual_trigger":{"enabledWorkflows":[]},"_links":{"self":[{"href":"https:\/\/www.centraide-mtl.org\/en\/wp-json\/wp\/v2\/pages\/21841","targetHints":{"allow":["GET"]}}],"collection":[{"href":"https:\/\/www.centraide-mtl.org\/en\/wp-json\/wp\/v2\/pages"}],"about":[{"href":"https:\/\/www.centraide-mtl.org\/en\/wp-json\/wp\/v2\/types\/page"}],"author":[{"embeddable":true,"href":"https:\/\/www.centraide-mtl.org\/en\/wp-json\/wp\/v2\/users\/13"}],"replies":[{"embeddable":true,"href":"https:\/\/www.centraide-mtl.org\/en\/wp-json\/wp\/v2\/comments?post=21841"}],"version-history":[{"count":14,"href":"https:\/\/www.centraide-mtl.org\/en\/wp-json\/wp\/v2\/pages\/21841\/revisions"}],"predecessor-version":[{"id":81649,"href":"https:\/\/www.centraide-mtl.org\/en\/wp-json\/wp\/v2\/pages\/21841\/revisions\/81649"}],"up":[{"embeddable":true,"href":"https:\/\/www.centraide-mtl.org\/en\/wp-json\/wp\/v2\/pages\/21312"}],"wp:attachment":[{"href":"https:\/\/www.centraide-mtl.org\/en\/wp-json\/wp\/v2\/media?parent=21841"}],"curies":[{"name":"wp","href":"https:\/\/api.w.org\/{rel}","templated":true}]}}