{"id":21340,"date":"2020-12-02T23:09:05","date_gmt":"2020-12-03T04:09:05","guid":{"rendered":"http:\/\/www.centraide-mtl.org\/the-people-who-make-centraide\/equipe\/"},"modified":"2026-02-16T16:10:22","modified_gmt":"2026-02-16T21:10:22","slug":"management","status":"publish","type":"page","link":"https:\/\/www.centraide-mtl.org\/en\/management-and-volunteers\/management\/","title":{"rendered":"Management"},"content":{"rendered":"\n<p>Centraide\u2019s inspired and diverse permanent staff work tirelessly to contribute their best to social and community development in Greater Montreal.<\/p>\n\n\n\n<div style=\"height:20px\" aria-hidden=\"true\" class=\"wp-block-spacer\"><\/div>\n\n\n\n<h5 class=\"wp-block-heading is-style-little-title\" id=\"bio\">General Management<\/h5>\n\n\n<div class=\"container\">\n<div class=\"wp-block-media-text alignwide is-stacked-on-mobile\" style=\"grid-template-columns:27% auto\"><figure class=\"wp-block-media-text__media\"><img decoding=\"async\" width=\"305\" height=\"305\" src=\"https:\/\/www.centraide-mtl.org\/wp-content\/uploads\/2026\/02\/Tasha-Lackman-web.png\" alt=\"\" class=\"wp-image-102154 size-full\" srcset=\"https:\/\/www.centraide-mtl.org\/wp-content\/uploads\/2026\/02\/Tasha-Lackman-web.png 305w, https:\/\/www.centraide-mtl.org\/wp-content\/uploads\/2026\/02\/Tasha-Lackman-web-300x300.png 300w, https:\/\/www.centraide-mtl.org\/wp-content\/uploads\/2026\/02\/Tasha-Lackman-web-150x150.png 150w\" sizes=\"(max-width: 305px) 100vw, 305px\" \/><\/figure><div class=\"wp-block-media-text__content\">\n<h3 class=\"wp-block-heading is-style-little-title\"><strong>Tasha Lackman<\/strong><\/h3>\n\n\n\n<p class=\"has-orange-color has-text-color has-large-font-size\">President and Chief Executive Officer<\/p>\n\n\n\n<p class=\"has-large-font-size\">Tasha Lackman is the President and Chief Executive Officer of Centraide of Greater Montreal since February 2026. With more than 20 years of experience in the philanthropic, community, business, and academic sectors, she brings her leadership to the fight against poverty and social exclusion.<\/p>\n\n\n\n<p><a href=\"https:\/\/medias.centraide.org\/Docs\/Biographie_Tasha_Lackman_EN.pdf\" target=\"_blank\" rel=\"noreferrer noopener\">Download her biography<\/a><\/p>\n<\/div><\/div>\n<\/div>\n\n\n  <section id=\"block_ab1e42d4f47ff5962a99aaf51ff141c3\"  class=\"block-accordions aligndefault\">\n          <div class=\"faq-item accordion\">\n        <button class=\"faq-item__header accordion-toggle\" aria-expanded=\"false\" aria-controls=\"faq-69dbc5d4a38c1\">\n          <p class=\"faq-item__title\">Read Tasha Lackman&#039;s professional biography<\/p>\n          <i class=\"icon icon-arrow-down\" aria-hidden=\"true\"><\/i>\n        <\/button>\n        <div class=\"faq-item__content accordion-content entry-content\" style=\"display:none;\" id=\"faq-69dbc5d4a38c1\">\n          <div class=\"entry-content alignfull\">\n          \n                          <p>Tasha Lackman is the President and Chief Executive Officer of Centraide of Greater Montreal, a role she began in February 2026. She brings more than 20 years of experience in the philanthropic, community, business, and academic sectors to strengthen our collective capacity to fight poverty and social exclusion.<\/p>\n<p>Before joining Centraide, Tasha Lackman led The Depot Community Food Centre, guiding the agency hrough a major period of growth. Under her leadership, the agency strengthened its internal structures, diversified its funding sources, and doubled its revenue, allowing it to significantly expand its impact in the community.<\/p>\n<p>She also served as Vice-President, Philanthropy and Community at the Foundation of Greater Montr\u00e9al, where she helped develop a strategic plan rooted in principles of justice, diversity, and inclusion. During her tenure, she also fostered new, transformative philanthropic collaborations for the region.<\/p>\n<p>A lawyer by training, Tasha Lackman spent more than 10 years at Fasken, specializing in real estate financing and institutional partnerships. This experience deepened her expertise in governance, organizational development, and strategic management.<\/p>\n<p>Deeply engaged in the community, she has served on numerous boards and governance committees, including those of the Lufa Farms Foundation, Old Brewery Mission, the YMCAs of Qu\u00e9bec, Oxfam-Qu\u00e9bec, and the Foundation of Greater Montr\u00e9al.<\/p>\n<p>Recognized for her unifying leadership, Tasha Lackman is guided by a philosophy rooted in listening, clarity, and consistency. She advocates for trust-based philanthropy focused on systems change and impactful investment in the community, values that are fully aligned with Centraide of Greater Montreal\u2019s mission.<\/p>\n                                  <\/div>\n        <\/div>\n      <\/div>\n      <\/section>\n  \n\n\n<h5 class=\"wp-block-heading is-style-little-title\">Management team<\/h5>\n\n\n\n<div style=\"height:32px\" aria-hidden=\"true\" class=\"wp-block-spacer\"><\/div>\n\n\n<section id=\"block_982d91d7c76a8d3fd06f990e0ddc56e7\" class=\"block-member  member alignfull theme-block\">\n  <div class=\"member__wrapper\">\n              <div class=\"member__item member__item__with__thumnbnail\">\n                  <div class=\"member__item__thumbnail\">\n            <div class=\"member__item__thumbnail__img\" >\n              <div class=\"member__item__thumbnail__img__wrapper\">\n                <img decoding=\"async\" src=\"https:\/\/www.centraide-mtl.org\/wp-content\/uploads\/2020\/12\/Julie_Gagne_web-300x300.jpg\"\/>\n              <\/div>\n            <\/div>\n          <\/div>\n                              <h2 class=\"member__item__name\">Julie Gagn\u00e9<\/h2>\n                      <span class=\"member__item__second-role\">Vice President &#8211; Marketing and Technology<\/span>\n                   <\/div>\n              <div class=\"member__item member__item__with__thumnbnail\">\n                  <div class=\"member__item__thumbnail\">\n            <div class=\"member__item__thumbnail__img\" >\n              <div class=\"member__item__thumbnail__img__wrapper\">\n                <img decoding=\"async\" src=\"https:\/\/www.centraide-mtl.org\/wp-content\/uploads\/2021\/07\/Maud_Doualan_web-300x300.jpg\"\/>\n              <\/div>\n            <\/div>\n          <\/div>\n                              <h2 class=\"member__item__name\">Maud Doualan, CFRE<\/h2>\n                      <span class=\"member__item__second-role\">Vice President \u2013 Philanthropic Development<\/span>\n                   <\/div>\n              <div class=\"member__item member__item__with__thumnbnail\">\n                  <div class=\"member__item__thumbnail\">\n            <div class=\"member__item__thumbnail__img\" >\n              <div class=\"member__item__thumbnail__img__wrapper\">\n                <img decoding=\"async\" src=\"https:\/\/www.centraide-mtl.org\/wp-content\/uploads\/2020\/12\/Brigitte_Langevin_web-300x300.jpg\"\/>\n              <\/div>\n            <\/div>\n          <\/div>\n                              <h2 class=\"member__item__name\">Brigitte Langevin<\/h2>\n                      <span class=\"member__item__second-role\">Vice President &#8211; Operations and Organizational performance<\/span>\n                   <\/div>\n              <div class=\"member__item member__item__with__thumnbnail\">\n                  <div class=\"member__item__thumbnail\">\n            <div class=\"member__item__thumbnail__img\" >\n              <div class=\"member__item__thumbnail__img__wrapper\">\n                <img decoding=\"async\" src=\"https:\/\/www.centraide-mtl.org\/wp-content\/uploads\/2025\/01\/Felix-Antoire-Verronneau-1-300x300.jpg\"\/>\n              <\/div>\n            <\/div>\n          <\/div>\n                              <h2 class=\"member__item__name\">F\u00e9lix-Antoine V\u00e9ronneau<\/h2>\n                      <span class=\"member__item__second-role\">Vice President &#8211; Social Development<\/span>\n                   <\/div>\n        <\/div>\n \n<\/section>\n\n\n\n<div style=\"height:42px\" aria-hidden=\"true\" class=\"wp-block-spacer\"><\/div>\n\n\n\n<h3 class=\"wp-block-heading has-text-align-center is-style-little-title\">Do you want to join the Centraide team?<\/h3>\n\n\n\n<p class=\"has-text-align-center\">Discover the vacancies, or submit a spontaneous application!<\/p>\n\n\n\n<div class=\"wp-block-buttons is-horizontal is-content-justification-center is-layout-flex wp-container-core-buttons-is-layout-499968f5 wp-block-buttons-is-layout-flex\">\n<div class=\"wp-block-button is-style-fill\"><a class=\"wp-block-button__link no-border-radius wp-element-button\" href=\"https:\/\/www.centraide-mtl.org\/en\/careers\/\">Careers<\/a><\/div>\n<\/div>\n\n\n\n<div style=\"height:70px\" aria-hidden=\"true\" class=\"wp-block-spacer\"><\/div>\n\n\n\n<p><\/p>\n","protected":false},"excerpt":{"rendered":"<p>Centraide\u2019s inspired and diverse permanent staff work tirelessly to contribute their best to social and community development in Greater Montreal. General Management Tasha Lackman President and Chief Executive Officer Tasha Lackman is the President and&hellip;<\/p>\n","protected":false},"author":1,"featured_media":0,"parent":21309,"menu_order":1,"comment_status":"closed","ping_status":"closed","template":"","meta":{"_acf_changed":false,"_relevanssi_hide_post":"","_relevanssi_hide_content":"","_relevanssi_pin_for_all":"","_relevanssi_pin_keywords":"","_relevanssi_unpin_keywords":"","_relevanssi_related_keywords":"","_relevanssi_related_include_ids":"","_relevanssi_related_exclude_ids":"","_relevanssi_related_no_append":"","_relevanssi_related_not_related":"","_relevanssi_related_posts":"547,532,616,303,624,410","_relevanssi_noindex_reason":"","footnotes":""},"class_list":["post-21340","page","type-page","status-publish","hentry"],"acf":[],"publishpress_future_workflow_manual_trigger":{"enabledWorkflows":[]},"_links":{"self":[{"href":"https:\/\/www.centraide-mtl.org\/en\/wp-json\/wp\/v2\/pages\/21340","targetHints":{"allow":["GET"]}}],"collection":[{"href":"https:\/\/www.centraide-mtl.org\/en\/wp-json\/wp\/v2\/pages"}],"about":[{"href":"https:\/\/www.centraide-mtl.org\/en\/wp-json\/wp\/v2\/types\/page"}],"author":[{"embeddable":true,"href":"https:\/\/www.centraide-mtl.org\/en\/wp-json\/wp\/v2\/users\/1"}],"replies":[{"embeddable":true,"href":"https:\/\/www.centraide-mtl.org\/en\/wp-json\/wp\/v2\/comments?post=21340"}],"version-history":[{"count":43,"href":"https:\/\/www.centraide-mtl.org\/en\/wp-json\/wp\/v2\/pages\/21340\/revisions"}],"predecessor-version":[{"id":102285,"href":"https:\/\/www.centraide-mtl.org\/en\/wp-json\/wp\/v2\/pages\/21340\/revisions\/102285"}],"up":[{"embeddable":true,"href":"https:\/\/www.centraide-mtl.org\/en\/wp-json\/wp\/v2\/pages\/21309"}],"wp:attachment":[{"href":"https:\/\/www.centraide-mtl.org\/en\/wp-json\/wp\/v2\/media?parent=21340"}],"curies":[{"name":"wp","href":"https:\/\/api.w.org\/{rel}","templated":true}]}}