{"id":21336,"date":"2020-11-25T11:55:07","date_gmt":"2020-11-25T16:55:07","guid":{"rendered":"http:\/\/www.centraide-mtl.org\/the-people-who-make-centraide\/volunteers\/comite-investissement-developpement-social\/"},"modified":"2026-02-13T16:20:11","modified_gmt":"2026-02-13T21:20:11","slug":"social-development-investment-committee","status":"publish","type":"page","link":"https:\/\/www.centraide-mtl.org\/en\/management-and-volunteers\/volunteers\/social-development-investment-committee\/","title":{"rendered":"Social Development Investment Committee"},"content":{"rendered":"\n<p>Sensitive to the needs of the community and social issues in Greater Montreal, the volunteers on this committee are responsible for advising the board of directors and management on Centraide of Greater Montreal&#8217;s investments in support of its partner agencies.<\/p>\n\n\n\n<h5 class=\"wp-block-heading\">Chairmanship of the Investment Committee<\/h5>\n\n\n<section id=\"block_f84bd3120af460a2017e47aa3132dac4\" class=\"block-member  member alignfull theme-block\">\n  <div class=\"member__wrapper\">\n              <div class=\"member__item member__item__with__thumnbnail\">\n                  <div class=\"member__item__thumbnail\">\n            <div class=\"member__item__thumbnail__img\" >\n              <div class=\"member__item__thumbnail__img__wrapper\">\n                <img decoding=\"async\" src=\"https:\/\/www.centraide-mtl.org\/wp-content\/uploads\/2024\/06\/Jean-Marc_Chouinard-300x300.jpg\"\/>\n              <\/div>\n            <\/div>\n          <\/div>\n                              <h2 class=\"member__item__name\">Jean-Marc Chouinard*<\/h2>\n                      <span class=\"member__item__second-role\">Strategic management consultant<\/span>\n                   <\/div>\n        <\/div>\n \n<\/section>\n\n\n\n<h5 class=\"wp-block-heading\">Members of the Investment Committee<\/h5>\n\n\n<section id=\"block_7bd1dfd068dbc795ffdceba6e4c7c954\" class=\"block-member  member alignfull theme-block\">\n  <div class=\"member__wrapper\">\n              <div class=\"member__item \">\n                              <span class=\"member__item__main-role\">Vice-Chair of the Social Development Investment Committee<\/span>\n                      <h2 class=\"member__item__name\">Julie Shugarman<\/h2>\n                      <span class=\"member__item__second-role\">Strategy consultant<\/span>\n                   <\/div>\n              <div class=\"member__item \">\n                              <h2 class=\"member__item__name\">Manuela Cl\u00e9ment-Frencia<\/h2>\n                      <span class=\"member__item__second-role\">Strategy and Business Relationship Manager, Hydro-Qu\u00e9bec<\/span>\n                   <\/div>\n              <div class=\"member__item \">\n                              <h2 class=\"member__item__name\">Simon Gamache<\/h2>\n                      <span class=\"member__item__second-role\">Management and governance consultant<\/span>\n                   <\/div>\n              <div class=\"member__item \">\n                              <h2 class=\"member__item__name\">Eric Kingsley<\/h2>\n                      <span class=\"member__item__second-role\">Youth educator, CISSS de la Mont\u00e9r\u00e9gie-Est <\/span>\n                   <\/div>\n              <div class=\"member__item \">\n                              <h2 class=\"member__item__name\">Randy Legault-Rankin<\/h2>\n                      <span class=\"member__item__second-role\">Commissioner of Indigenous Relations at the City of Montreal<\/span>\n                   <\/div>\n              <div class=\"member__item \">\n                              <h2 class=\"member__item__name\">Jean-Fran\u00e7ois Marcil, CFA<\/h2>\n                      <span class=\"member__item__second-role\">Retired from Caisse de d\u00e9p\u00f4t et de placement du Qu\u00e9bec (CDPQ) <\/span>\n                   <\/div>\n              <div class=\"member__item \">\n                              <h2 class=\"member__item__name\">Jean-Beno\u00eet Gr\u00e9goire Rousseau<\/h2>\n                   <\/div>\n        <\/div>\n \n<\/section>\n\n\n\n<p>*Member of the executive committee<\/p>\n","protected":false},"excerpt":{"rendered":"<p>Sensitive to the needs of the community and social issues in Greater Montreal, the volunteers on this committee are responsible for advising the board of directors and management on Centraide of Greater Montreal&#8217;s investments in&hellip;<\/p>\n","protected":false},"author":1,"featured_media":0,"parent":21316,"menu_order":137,"comment_status":"closed","ping_status":"closed","template":"","meta":{"_acf_changed":false,"_relevanssi_hide_post":"","_relevanssi_hide_content":"","_relevanssi_pin_for_all":"","_relevanssi_pin_keywords":"","_relevanssi_unpin_keywords":"","_relevanssi_related_keywords":"","_relevanssi_related_include_ids":"","_relevanssi_related_exclude_ids":"","_relevanssi_related_no_append":"","_relevanssi_related_not_related":"","_relevanssi_related_posts":"547,634,358,572,612,616","_relevanssi_noindex_reason":"","footnotes":""},"class_list":["post-21336","page","type-page","status-publish","hentry"],"acf":[],"publishpress_future_workflow_manual_trigger":{"enabledWorkflows":[]},"_links":{"self":[{"href":"https:\/\/www.centraide-mtl.org\/en\/wp-json\/wp\/v2\/pages\/21336","targetHints":{"allow":["GET"]}}],"collection":[{"href":"https:\/\/www.centraide-mtl.org\/en\/wp-json\/wp\/v2\/pages"}],"about":[{"href":"https:\/\/www.centraide-mtl.org\/en\/wp-json\/wp\/v2\/types\/page"}],"author":[{"embeddable":true,"href":"https:\/\/www.centraide-mtl.org\/en\/wp-json\/wp\/v2\/users\/1"}],"replies":[{"embeddable":true,"href":"https:\/\/www.centraide-mtl.org\/en\/wp-json\/wp\/v2\/comments?post=21336"}],"version-history":[{"count":12,"href":"https:\/\/www.centraide-mtl.org\/en\/wp-json\/wp\/v2\/pages\/21336\/revisions"}],"predecessor-version":[{"id":102267,"href":"https:\/\/www.centraide-mtl.org\/en\/wp-json\/wp\/v2\/pages\/21336\/revisions\/102267"}],"up":[{"embeddable":true,"href":"https:\/\/www.centraide-mtl.org\/en\/wp-json\/wp\/v2\/pages\/21316"}],"wp:attachment":[{"href":"https:\/\/www.centraide-mtl.org\/en\/wp-json\/wp\/v2\/media?parent=21336"}],"curies":[{"name":"wp","href":"https:\/\/api.w.org\/{rel}","templated":true}]}}