{"id":21312,"date":"2020-12-02T23:07:20","date_gmt":"2020-12-03T04:07:20","guid":{"rendered":"http:\/\/www.centraide-mtl.org\/conseil-dadministration\/"},"modified":"2025-06-17T17:19:45","modified_gmt":"2025-06-17T21:19:45","slug":"board-of-directors","status":"publish","type":"page","link":"https:\/\/www.centraide-mtl.org\/en\/management-and-volunteers\/volunteers\/board-of-directors\/","title":{"rendered":"Board of Directors"},"content":{"rendered":"\n<p>Forward-thinking and daring, the volunteer members on the Board of Directors determine the overall direction for Centraide of Greater Montreal. Responsibility, integrity, and transparency guide their deliberation and decision-making process.<\/p>\n\n\n\n<h5 class=\"wp-block-heading\">Chairmanship of the Board of Directors Committee<\/h5>\n\n\n<section id=\"block_7913f976e2381c390f81cd9fa21c9265\" class=\"block-member  member alignfull theme-block\">\n  <div class=\"member__wrapper\">\n              <div class=\"member__item member__item__with__thumnbnail\">\n                  <div class=\"member__item__thumbnail\">\n            <div class=\"member__item__thumbnail__img\" >\n              <div class=\"member__item__thumbnail__img__wrapper\">\n                <img decoding=\"async\" src=\"https:\/\/www.centraide-mtl.org\/wp-content\/uploads\/2022\/01\/Gregoire_Baillargeon_web-300x300.jpg\"\/>\n              <\/div>\n            <\/div>\n          <\/div>\n                              <h2 class=\"member__item__name\">Gr\u00e9goire Baillargeon*<\/h2>\n                      <span class=\"member__item__second-role\">President, BMO Financial Group, Qu\u00e9bec &amp; Co-Head at BMO Capital Markets<\/span>\n                   <\/div>\n        <\/div>\n \n<\/section>\n\n\n\n<div style=\"height:17px\" aria-hidden=\"true\" class=\"wp-block-spacer\"><\/div>\n\n\n\n<h5 class=\"wp-block-heading is-style-little-title\">Members of the Board of Directors Committee<\/h5>\n\n\n\n<div style=\"height:14px\" aria-hidden=\"true\" class=\"wp-block-spacer\"><\/div>\n\n\n<section id=\"block_c4f063932658462ec9df371f650db3e8\" class=\"block-member  member alignfull theme-block\">\n  <div class=\"member__wrapper\">\n              <div class=\"member__item member__item__with__thumnbnail\">\n                  <div class=\"member__item__thumbnail\">\n            <div class=\"member__item__thumbnail__img\" >\n              <div class=\"member__item__thumbnail__img__wrapper\">\n                <img decoding=\"async\" src=\"https:\/\/www.centraide-mtl.org\/wp-content\/uploads\/2023\/06\/Marie-Helene-Noiseux-300x300.jpg\"\/>\n              <\/div>\n            <\/div>\n          <\/div>\n                              <span class=\"member__item__main-role\">Vice-Chair and Treasurer of the Board of Directors<\/span>\n                      <h2 class=\"member__item__name\">Marie H\u00e9l\u00e8ne Noiseux*, PhD, ASC<\/h2>\n                      <span class=\"member__item__second-role\">Professor of Finance, School of Management, Universit\u00e9 du Qu\u00e9bec \u00e0 Montr\u00e9al <\/span>\n                   <\/div>\n              <div class=\"member__item member__item__with__thumnbnail\">\n                  <div class=\"member__item__thumbnail\">\n            <div class=\"member__item__thumbnail__img\" >\n              <div class=\"member__item__thumbnail__img__wrapper\">\n                <img decoding=\"async\" src=\"https:\/\/www.centraide-mtl.org\/wp-content\/uploads\/2021\/06\/Andrea-Nicholls-web-300x300.jpg\"\/>\n              <\/div>\n            <\/div>\n          <\/div>\n                              <span class=\"member__item__main-role\">Secretary of the Board of Directors<\/span>\n                      <h2 class=\"member__item__name\">Andrea Nicholls*<\/h2>\n                      <span class=\"member__item__second-role\">Chief Financial Officer, Dentons Canada <\/span>\n                   <\/div>\n              <div class=\"member__item member__item__with__thumnbnail\">\n                  <div class=\"member__item__thumbnail\">\n            <div class=\"member__item__thumbnail__img\" >\n              <div class=\"member__item__thumbnail__img__wrapper\">\n                <img decoding=\"async\" src=\"https:\/\/www.centraide-mtl.org\/wp-content\/uploads\/2024\/06\/Nancy-Audette-300x300.jpg\"\/>\n              <\/div>\n            <\/div>\n          <\/div>\n                              <h2 class=\"member__item__name\">Nancy Audette<\/h2>\n                      <span class=\"member__item__second-role\">Senior Vice-President &amp; General Manager, Cogeco Connexion<\/span>\n                   <\/div>\n              <div class=\"member__item member__item__with__thumnbnail\">\n                  <div class=\"member__item__thumbnail\">\n            <div class=\"member__item__thumbnail__img\" >\n              <div class=\"member__item__thumbnail__img__wrapper\">\n                <img decoding=\"async\" src=\"https:\/\/www.centraide-mtl.org\/wp-content\/uploads\/2024\/06\/Luciano-Barin-Cruz-300x300.jpg\"\/>\n              <\/div>\n            <\/div>\n          <\/div>\n                              <h2 class=\"member__item__name\">Luciano Barin-Cruz<\/h2>\n                      <span class=\"member__item__second-role\">Director Sustainability Transition, HEC Montr\u00e9al, Director of P\u00f4le Ideos, HEC Montr\u00e9al, Full Professor <\/span>\n                   <\/div>\n              <div class=\"member__item member__item__with__thumnbnail\">\n                  <div class=\"member__item__thumbnail\">\n            <div class=\"member__item__thumbnail__img\" >\n              <div class=\"member__item__thumbnail__img__wrapper\">\n                <img decoding=\"async\" src=\"https:\/\/www.centraide-mtl.org\/wp-content\/uploads\/2021\/06\/Philippe-Beland-web-300x300.jpg\"\/>\n              <\/div>\n            <\/div>\n          <\/div>\n                              <h2 class=\"member__item__name\">Philippe B\u00e9land<\/h2>\n                      <span class=\"member__item__second-role\">Directeur Ressources humaines \u2013 Innovation, conception, exploitation et Technologies num\u00e9riques, Hydro-Qu\u00e9bec<\/span>\n                   <\/div>\n              <div class=\"member__item member__item__with__thumnbnail\">\n                  <div class=\"member__item__thumbnail\">\n            <div class=\"member__item__thumbnail__img\" >\n              <div class=\"member__item__thumbnail__img__wrapper\">\n                <img decoding=\"async\" src=\"https:\/\/www.centraide-mtl.org\/wp-content\/uploads\/2025\/06\/MmeAnne-MarieBoucher_305X305-300x300.png\"\/>\n              <\/div>\n            <\/div>\n          <\/div>\n                              <h2 class=\"member__item__name\">Anne-Marie Boucher<\/h2>\n                      <span class=\"member__item__second-role\">Lawyer, BCF and Corporate Director<\/span>\n                   <\/div>\n              <div class=\"member__item member__item__with__thumnbnail\">\n                  <div class=\"member__item__thumbnail\">\n            <div class=\"member__item__thumbnail__img\" >\n              <div class=\"member__item__thumbnail__img__wrapper\">\n                <img decoding=\"async\" src=\"https:\/\/www.centraide-mtl.org\/wp-content\/uploads\/2024\/06\/Jean-Marc_Chouinard-300x300.jpg\"\/>\n              <\/div>\n            <\/div>\n          <\/div>\n                              <h2 class=\"member__item__name\">Jean-Marc Chouinard*<\/h2>\n                      <span class=\"member__item__second-role\">Strategic management consultant<\/span>\n                   <\/div>\n              <div class=\"member__item member__item__with__thumnbnail\">\n                  <div class=\"member__item__thumbnail\">\n            <div class=\"member__item__thumbnail__img\" >\n              <div class=\"member__item__thumbnail__img__wrapper\">\n                <img decoding=\"async\" src=\"https:\/\/www.centraide-mtl.org\/wp-content\/uploads\/2021\/06\/Denis-Giangi-web-300x300.jpg\"\/>\n              <\/div>\n            <\/div>\n          <\/div>\n                              <h2 class=\"member__item__name\">Denis Giangi*<\/h2>\n                      <span class=\"member__item__second-role\">President, Rolls-Royce Canada Limited<\/span>\n                   <\/div>\n              <div class=\"member__item member__item__with__thumnbnail\">\n                  <div class=\"member__item__thumbnail\">\n            <div class=\"member__item__thumbnail__img\" >\n              <div class=\"member__item__thumbnail__img__wrapper\">\n                <img decoding=\"async\" src=\"https:\/\/www.centraide-mtl.org\/wp-content\/uploads\/2021\/08\/Marie-Claude_Guerard-300x300.jpg\"\/>\n              <\/div>\n            <\/div>\n          <\/div>\n                              <h2 class=\"member__item__name\">Marie-Claude Gu\u00e9rard<\/h2>\n                      <span class=\"member__item__second-role\">Directrice ex\u00e9cutive, Services administratifs, Autorit\u00e9 r\u00e9gionale de transport m\u00e9tropolitain<\/span>\n                   <\/div>\n              <div class=\"member__item member__item__with__thumnbnail\">\n                  <div class=\"member__item__thumbnail\">\n            <div class=\"member__item__thumbnail__img\" >\n              <div class=\"member__item__thumbnail__img__wrapper\">\n                <img decoding=\"async\" src=\"https:\/\/www.centraide-mtl.org\/wp-content\/uploads\/2022\/05\/Jean-Benoit-Gregoire-Rousseau_web-300x300.jpg\"\/>\n              <\/div>\n            <\/div>\n          <\/div>\n                              <h2 class=\"member__item__name\">Jean-Beno\u00eet Gr\u00e9goire Rousseau<\/h2>\n                      <span class=\"member__item__second-role\">Chief Operating Officer, Taking Root<\/span>\n                   <\/div>\n              <div class=\"member__item member__item__with__thumnbnail\">\n                  <div class=\"member__item__thumbnail\">\n            <div class=\"member__item__thumbnail__img\" >\n              <div class=\"member__item__thumbnail__img__wrapper\">\n                <img decoding=\"async\" src=\"https:\/\/www.centraide-mtl.org\/wp-content\/uploads\/2024\/06\/Eric-Lachance-web-300x300.png\"\/>\n              <\/div>\n            <\/div>\n          <\/div>\n                              <h2 class=\"member__item__name\">\u00c9ric Lachance<\/h2>\n                      <span class=\"member__item__second-role\">President and Chief Executive Officer, \u00c9nergir<\/span>\n                   <\/div>\n              <div class=\"member__item member__item__with__thumnbnail\">\n                  <div class=\"member__item__thumbnail\">\n            <div class=\"member__item__thumbnail__img\" >\n              <div class=\"member__item__thumbnail__img__wrapper\">\n                <img decoding=\"async\" src=\"https:\/\/www.centraide-mtl.org\/wp-content\/uploads\/2023\/03\/Cominar_MarieJosee_web-300x300.jpg\"\/>\n              <\/div>\n            <\/div>\n          <\/div>\n                              <h2 class=\"member__item__name\">Marie-Jos\u00e9e Lapierre*<\/h2>\n                      <span class=\"member__item__second-role\">Chief Legal Officer and Corporate Secretary, Cominar Real Estate Investment Trust<\/span>\n                   <\/div>\n              <div class=\"member__item member__item__with__thumnbnail\">\n                  <div class=\"member__item__thumbnail\">\n            <div class=\"member__item__thumbnail__img\" >\n              <div class=\"member__item__thumbnail__img__wrapper\">\n                <img decoding=\"async\" src=\"https:\/\/www.centraide-mtl.org\/wp-content\/uploads\/2023\/06\/Patrick-Lauzon-web-300x300.png\"\/>\n              <\/div>\n            <\/div>\n          <\/div>\n                              <h2 class=\"member__item__name\">Patrick Lauzon*<\/h2>\n                      <span class=\"member__item__second-role\">Managing Partner, Innov8 <\/span>\n                   <\/div>\n              <div class=\"member__item member__item__with__thumnbnail\">\n                  <div class=\"member__item__thumbnail\">\n            <div class=\"member__item__thumbnail__img\" >\n              <div class=\"member__item__thumbnail__img__wrapper\">\n                <img decoding=\"async\" src=\"https:\/\/www.centraide-mtl.org\/wp-content\/uploads\/2025\/06\/Maha_Lebbos_web-300x300.jpg\"\/>\n              <\/div>\n            <\/div>\n          <\/div>\n                              <h2 class=\"member__item__name\">Maha Lebbos<\/h2>\n                      <span class=\"member__item__second-role\">Vice President of Digital Transformation and IT Systems, Fondaction<\/span>\n                   <\/div>\n              <div class=\"member__item member__item__with__thumnbnail\">\n                  <div class=\"member__item__thumbnail\">\n            <div class=\"member__item__thumbnail__img\" >\n              <div class=\"member__item__thumbnail__img__wrapper\">\n                <img decoding=\"async\" src=\"https:\/\/www.centraide-mtl.org\/wp-content\/uploads\/2025\/06\/Loiselle_Renee_web-300x300.jpg\"\/>\n              <\/div>\n            <\/div>\n          <\/div>\n                              <h2 class=\"member__item__name\">Ren\u00e9e Loiselle<\/h2>\n                      <span class=\"member__item__second-role\">Partner, Norton Rose Fulbright Canada LLP<\/span>\n                   <\/div>\n              <div class=\"member__item member__item__with__thumnbnail\">\n                  <div class=\"member__item__thumbnail\">\n            <div class=\"member__item__thumbnail__img\" >\n              <div class=\"member__item__thumbnail__img__wrapper\">\n                <img decoding=\"async\" src=\"https:\/\/www.centraide-mtl.org\/wp-content\/uploads\/2023\/06\/Thierry-Nguyen-2025-300x300.jpg\"\/>\n              <\/div>\n            <\/div>\n          <\/div>\n                              <h2 class=\"member__item__name\">Thierry Nguyen<\/h2>\n                      <span class=\"member__item__second-role\">Managing Director and Head of Investment Banking for Quebec, Canaccord Genuity<\/span>\n                   <\/div>\n              <div class=\"member__item member__item__with__thumnbnail\">\n                  <div class=\"member__item__thumbnail\">\n            <div class=\"member__item__thumbnail__img\" >\n              <div class=\"member__item__thumbnail__img__wrapper\">\n                <img decoding=\"async\" src=\"https:\/\/www.centraide-mtl.org\/wp-content\/uploads\/2023\/06\/Jessica-Olivier-Na.jpg\"\/>\n              <\/div>\n            <\/div>\n          <\/div>\n                              <h2 class=\"member__item__name\">Jessica Olivier-Nault<\/h2>\n                      <span class=\"member__item__second-role\">Director women\u2019s rights and pay equity, F\u00e9d\u00e9ration des travailleurs et travailleuses du Qu\u00e9bec<\/span>\n                   <\/div>\n              <div class=\"member__item member__item__with__thumnbnail\">\n                  <div class=\"member__item__thumbnail\">\n            <div class=\"member__item__thumbnail__img\" >\n              <div class=\"member__item__thumbnail__img__wrapper\">\n                <img decoding=\"async\" src=\"https:\/\/www.centraide-mtl.org\/wp-content\/uploads\/2024\/06\/Saad-Saade-300x300.jpg\"\/>\n              <\/div>\n            <\/div>\n          <\/div>\n                              <h2 class=\"member__item__name\">Saad Saade*<\/h2>\n                      <span class=\"member__item__second-role\">Senior Vice President \u2013 Global Business Systems, WSP<\/span>\n                   <\/div>\n              <div class=\"member__item member__item__with__thumnbnail\">\n                  <div class=\"member__item__thumbnail\">\n            <div class=\"member__item__thumbnail__img\" >\n              <div class=\"member__item__thumbnail__img__wrapper\">\n                <img decoding=\"async\" src=\"https:\/\/www.centraide-mtl.org\/wp-content\/uploads\/2021\/06\/Julie-Shugarman-web-300x300.jpg\"\/>\n              <\/div>\n            <\/div>\n          <\/div>\n                              <h2 class=\"member__item__name\">Julie Shugarman<\/h2>\n                      <span class=\"member__item__second-role\">Strategy consultant<\/span>\n                   <\/div>\n        <\/div>\n \n<\/section>\n\n\n\n<p>*Member of the Executive Committee<\/p>\n\n\n\n<h5 class=\"wp-block-heading\">Committees of the Board of Directors<\/h5>\n\n\n\n<p>The committees of the Board of Directors oversee the recruitment of other volunteers, Centraide\u2019s finances and, in the case of ad hoc committees, certain issues which require Centraide\u2019s close attention.<\/p>\n\n\n<div class=\"wp-block-list\">\n<ul class=\"wp-block-list\">\n<li>Audit and Investment Committee<\/li>\n\n\n\n<li>Governance and Nominating Committee<\/li>\n\n\n\n<li>Human Resources Committee<\/li>\n\n\n\n<li>Technology, Data, Analytics and Donor Journey Committee<\/li>\n<\/ul>\n<\/div>\n\n\n<div style=\"height:70px\" aria-hidden=\"true\" class=\"wp-block-spacer\"><\/div>\n\n\n\n<p><\/p>\n","protected":false},"excerpt":{"rendered":"<p>Forward-thinking and daring, the volunteer members on the Board of Directors determine the overall direction for Centraide of Greater Montreal. Responsibility, integrity, and transparency guide their deliberation and decision-making process. Chairmanship of the Board of&hellip;<\/p>\n","protected":false},"author":1,"featured_media":0,"parent":21316,"menu_order":106,"comment_status":"closed","ping_status":"closed","template":"","meta":{"_acf_changed":false,"_relevanssi_hide_post":"","_relevanssi_hide_content":"","_relevanssi_pin_for_all":"","_relevanssi_pin_keywords":"","_relevanssi_unpin_keywords":"","_relevanssi_related_keywords":"","_relevanssi_related_include_ids":"","_relevanssi_related_exclude_ids":"","_relevanssi_related_no_append":"","_relevanssi_related_not_related":"","_relevanssi_related_posts":"532,547,628,428,624,815","_relevanssi_noindex_reason":"","footnotes":""},"class_list":["post-21312","page","type-page","status-publish","hentry"],"acf":[],"publishpress_future_workflow_manual_trigger":{"enabledWorkflows":[]},"_links":{"self":[{"href":"https:\/\/www.centraide-mtl.org\/en\/wp-json\/wp\/v2\/pages\/21312","targetHints":{"allow":["GET"]}}],"collection":[{"href":"https:\/\/www.centraide-mtl.org\/en\/wp-json\/wp\/v2\/pages"}],"about":[{"href":"https:\/\/www.centraide-mtl.org\/en\/wp-json\/wp\/v2\/types\/page"}],"author":[{"embeddable":true,"href":"https:\/\/www.centraide-mtl.org\/en\/wp-json\/wp\/v2\/users\/1"}],"replies":[{"embeddable":true,"href":"https:\/\/www.centraide-mtl.org\/en\/wp-json\/wp\/v2\/comments?post=21312"}],"version-history":[{"count":33,"href":"https:\/\/www.centraide-mtl.org\/en\/wp-json\/wp\/v2\/pages\/21312\/revisions"}],"predecessor-version":[{"id":81646,"href":"https:\/\/www.centraide-mtl.org\/en\/wp-json\/wp\/v2\/pages\/21312\/revisions\/81646"}],"up":[{"embeddable":true,"href":"https:\/\/www.centraide-mtl.org\/en\/wp-json\/wp\/v2\/pages\/21316"}],"wp:attachment":[{"href":"https:\/\/www.centraide-mtl.org\/en\/wp-json\/wp\/v2\/media?parent=21312"}],"curies":[{"name":"wp","href":"https:\/\/api.w.org\/{rel}","templated":true}]}}