{"id":21287,"date":"2020-11-10T11:42:27","date_gmt":"2020-11-10T16:42:27","guid":{"rendered":"http:\/\/www.centraide-mtl.org\/simpliquer\/"},"modified":"2024-07-29T10:51:22","modified_gmt":"2024-07-29T14:51:22","slug":"get-involved","status":"publish","type":"page","link":"https:\/\/www.centraide-mtl.org\/en\/get-involved\/","title":{"rendered":"Get involved"},"content":{"rendered":"\n<h2 class=\"block-stylised-title theme-block aligndefault\" id=\"block_714b67388e843b0871d26e3d44da02ed\" style=\"text-align: center\">                            <span class=\"block-stylised-title__line block-stylised-title__line--small\">Several options are here to help you<\/span>\n                            <br>\n                  <span class=\"block-stylised-title__line block-stylised-title__line--big-bold\">help Centraide<\/span>\n                <\/h2>\n\n\n\n<div style=\"height:20px\" aria-hidden=\"true\" class=\"wp-block-spacer\"><\/div>\n\n\n\n<p class=\"has-text-align-center is-style-default\">There are a myriad of good reasons and multiple ways to get involved with Centraide. Whether you make a donation, launching a campaign, becoming a Philanthropic Development Associate, or volunteering in your community, your commitment is invaluable. &nbsp;<\/p>\n\n\n<section id=\"block_82ee92cc71c6ffc1941a7c688e5612ea\" class=\"media-text-alt theme-block aligndefault alignwide\">\n  \n  <div class=\"media-text-alt__wrapper img_right\">\n    <div class=\"media-text-alt__content entry-content\">\n      <h2>Donate<\/h2>\n<p>Centraide offers several ways for you to donate, including personal donations, donations in memory or in honour of someone, planned donations, or donations made on behalf of your organization.<\/p>\n              <div class=\"btn-media-text-alt\">\n          <a class=\"btn\" href=\"https:\/\/www.centraide-mtl.org\/en\/get-involved\/ways-to-give\/\" target=\"\">  Learn more<\/a>\n        <\/div>\n          <\/div>\n    <div class=\"media-text-alt__img\">\n      <div class=\"media-text-alt__img__wrapper\">\n        <img decoding=\"async\" width=\"1024\" height=\"666\" src=\"https:\/\/www.centraide-mtl.org\/wp-content\/uploads\/2021\/03\/Facons-de-donner-1-e1616513668475-1024x666.jpg\" class=\"attachment-large size-large\" alt=\"\" \/>      <\/div>\n    <\/div>\n  <\/div>\n\n<\/section>\n\n\n\n<p><\/p>\n\n\n<section id=\"block_19e14626257faaf9a81e7522b3dc6809\" class=\"media-text-alt theme-block aligndefault alignwide\">\n  \n  <div class=\"media-text-alt__wrapper img_left\">\n    <div class=\"media-text-alt__content entry-content\">\n      <h2>Launch a campaign in your organization<\/h2>\n<p>Several organizations in Greater Montreal open their doors to Centraide workplace campaigns. Why not launch one at yours?<\/p>\n              <div class=\"btn-media-text-alt\">\n          <a class=\"btn\" href=\"http:\/\/centraide-mtl.org\/en\/get-involved\/launch-a-workplace-campaign\/\" target=\"\">  Learn more<\/a>\n        <\/div>\n          <\/div>\n    <div class=\"media-text-alt__img\">\n      <div class=\"media-text-alt__img__wrapper\">\n        <img decoding=\"async\" width=\"799\" height=\"534\" src=\"https:\/\/www.centraide-mtl.org\/wp-content\/uploads\/2021\/03\/Lancer-une-campagne-Centraide-vignette.jpg\" class=\"attachment-large size-large\" alt=\"Groupe de femmes en cuisine\" \/>      <\/div>\n    <\/div>\n  <\/div>\n\n<\/section>\n\n\n<section id=\"block_e8c63e02345f6dc95cec2b9f85d302fa\" class=\"media-text-alt theme-block aligndefault alignwide\">\n  \n  <div class=\"media-text-alt__wrapper img_right\">\n    <div class=\"media-text-alt__content entry-content\">\n      <h2>Become a Philanthropic Development Associate<\/h2>\n<p>Philantropic Development Associates provide a strong boost to organizers of Centraide workplace campaigns. Could you become one?<\/p>\n              <div class=\"btn-media-text-alt\">\n          <a class=\"btn\" href=\"https:\/\/www.centraide-mtl.org\/en\/get-involved\/become-a-philanthropic-development-associate\/\" target=\"_blank\">  Learn more<\/a>\n        <\/div>\n          <\/div>\n    <div class=\"media-text-alt__img\">\n      <div class=\"media-text-alt__img__wrapper\">\n        <img decoding=\"async\" width=\"799\" height=\"534\" src=\"https:\/\/www.centraide-mtl.org\/wp-content\/uploads\/2021\/03\/Representant-delegue-1.jpg\" class=\"attachment-large size-large\" alt=\"Groupe de d\u00e9l\u00e9gu\u00e9s d\u00e9veloppement philanthropique\" \/>      <\/div>\n    <\/div>\n  <\/div>\n\n<\/section>\n\n\n<section id=\"block_4c0622627e2c79742faaeac7fdccc341\" class=\"media-text-alt theme-block aligndefault alignwide\">\n  \n  <div class=\"media-text-alt__wrapper img_left\">\n    <div class=\"media-text-alt__content entry-content\">\n      <h2>Become a volunteer<\/h2>\n<p>The possibilities for volunteering with community agencies are endless. Choose a cause that is close to your heart. You will feel so good about it!<\/p>\n              <div class=\"btn-media-text-alt\">\n          <a class=\"btn\" href=\"http:\/\/centraide-mtl.org\/en\/get-involved\/become-a-volunteer\/\" target=\"\">  Learn more<\/a>\n        <\/div>\n          <\/div>\n    <div class=\"media-text-alt__img\">\n      <div class=\"media-text-alt__img__wrapper\">\n        <img decoding=\"async\" width=\"799\" height=\"534\" src=\"https:\/\/www.centraide-mtl.org\/wp-content\/uploads\/2021\/03\/Devenir-benevole.jpg\" class=\"attachment-large size-large\" alt=\"Groupe de b\u00e9n\u00e9voles\" \/>      <\/div>\n    <\/div>\n  <\/div>\n\n<\/section>\n","protected":false},"excerpt":{"rendered":"<p>There are a myriad of good reasons and multiple ways to get involved with Centraide. Whether you make a donation, launching a campaign, becoming a Philanthropic Development Associate, or volunteering in your community, your commitment&hellip;<\/p>\n","protected":false},"author":1,"featured_media":34453,"parent":0,"menu_order":0,"comment_status":"closed","ping_status":"closed","template":"","meta":{"_acf_changed":false,"_relevanssi_hide_post":"","_relevanssi_hide_content":"","_relevanssi_pin_for_all":"","_relevanssi_pin_keywords":"","_relevanssi_unpin_keywords":"","_relevanssi_related_keywords":"","_relevanssi_related_include_ids":"","_relevanssi_related_exclude_ids":"","_relevanssi_related_no_append":"","_relevanssi_related_not_related":"","_relevanssi_related_posts":"532,410,498,358,634,486","_relevanssi_noindex_reason":"","footnotes":""},"class_list":["post-21287","page","type-page","status-publish","has-post-thumbnail","hentry"],"acf":[],"publishpress_future_workflow_manual_trigger":{"enabledWorkflows":[]},"_links":{"self":[{"href":"https:\/\/www.centraide-mtl.org\/en\/wp-json\/wp\/v2\/pages\/21287","targetHints":{"allow":["GET"]}}],"collection":[{"href":"https:\/\/www.centraide-mtl.org\/en\/wp-json\/wp\/v2\/pages"}],"about":[{"href":"https:\/\/www.centraide-mtl.org\/en\/wp-json\/wp\/v2\/types\/page"}],"author":[{"embeddable":true,"href":"https:\/\/www.centraide-mtl.org\/en\/wp-json\/wp\/v2\/users\/1"}],"replies":[{"embeddable":true,"href":"https:\/\/www.centraide-mtl.org\/en\/wp-json\/wp\/v2\/comments?post=21287"}],"version-history":[{"count":14,"href":"https:\/\/www.centraide-mtl.org\/en\/wp-json\/wp\/v2\/pages\/21287\/revisions"}],"predecessor-version":[{"id":73246,"href":"https:\/\/www.centraide-mtl.org\/en\/wp-json\/wp\/v2\/pages\/21287\/revisions\/73246"}],"wp:featuredmedia":[{"embeddable":true,"href":"https:\/\/www.centraide-mtl.org\/en\/wp-json\/wp\/v2\/media\/34453"}],"wp:attachment":[{"href":"https:\/\/www.centraide-mtl.org\/en\/wp-json\/wp\/v2\/media?parent=21287"}],"curies":[{"name":"wp","href":"https:\/\/api.w.org\/{rel}","templated":true}]}}