{"id":1561,"date":"2020-11-05T12:26:46","date_gmt":"2020-11-05T17:26:46","guid":{"rendered":"http:\/\/www.centraide-mtl.org\/?page_id=1561"},"modified":"2022-10-05T16:01:50","modified_gmt":"2022-10-05T20:01:50","slug":"workplace-donors","status":"publish","type":"page","link":"https:\/\/www.centraide-mtl.org\/en\/workplace-donors\/","title":{"rendered":"Workplace donors"},"content":{"rendered":"\n<h2 class=\"block-stylised-title theme-block aligndefault\" id=\"block_d2c9e5e0a1fe64e99c01be9c5cb5efe8\" style=\"text-align: center\">                            <span class=\"block-stylised-title__line block-stylised-title__line--big-thin\">Our most loyal<\/span>\n                            <br>\n                  <span class=\"block-stylised-title__line block-stylised-title__line--big-bold\">partners<\/span>\n      <\/h2>\n\n\n\n<div style=\"height:50px\" aria-hidden=\"true\" class=\"wp-block-spacer\"><\/div>\n\n\n\n<p class=\"is-style-default\"><span class=\"has-inline-color has-black-color\">We work in concert with the largest companies and organizations in Greater Montreal, as well as their unions and employees, to create fundraising campaigns and win-win experiences. These collaborations result in positive benefits for all those involved, including organizations, donors, and Centraide.<\/span><\/p>\n\n\n\n<p>The remarkable commitment of companies, organizations, and their unions and workplaces translates into an overall contribution that represents approximately <strong>75% of Centraide\u2019s total annual fundraising<\/strong>.<\/p>\n\n\n\n<p>In addition to making major donations, companies and organizations run Centraide campaigns with employees in the workplace. The combined efforts of thousands of volunteers, organizers, and donors raise millions of dollars each year.<\/p>\n\n\n\n<p><strong><strong>Donate, but also get involved in your community<\/strong><\/strong><\/p>\n\n\n\n<p>Generous with both their time and money, employees at workplaces can take part in caring activities at community agencies to help with painting, renovating a youth centre, delivering meals to seniors and more. They get to know the individuals and families who receive support from a Centraide agency through more than 500 activities every year.<\/p>\n\n\n<div class=\"container\">\n<div class=\"wp-block-media-text is-stacked-on-mobile\" style=\"grid-template-columns:44% auto\"><figure class=\"wp-block-media-text__media\"><img decoding=\"async\" width=\"1024\" height=\"563\" src=\"https:\/\/www.centraide-mtl.org\/wp-content\/uploads\/2024\/06\/Jean-Sebastien-Patrice-Multicaf-1024x563.jpg\" alt=\"\" class=\"wp-image-72750 size-full\" srcset=\"https:\/\/www.centraide-mtl.org\/wp-content\/uploads\/2024\/06\/Jean-Sebastien-Patrice-Multicaf-1024x563.jpg 1024w, https:\/\/www.centraide-mtl.org\/wp-content\/uploads\/2024\/06\/Jean-Sebastien-Patrice-Multicaf-300x165.jpg 300w, https:\/\/www.centraide-mtl.org\/wp-content\/uploads\/2024\/06\/Jean-Sebastien-Patrice-Multicaf-768x422.jpg 768w, https:\/\/www.centraide-mtl.org\/wp-content\/uploads\/2024\/06\/Jean-Sebastien-Patrice-Multicaf-1536x844.jpg 1536w, https:\/\/www.centraide-mtl.org\/wp-content\/uploads\/2024\/06\/Jean-Sebastien-Patrice-Multicaf.jpg 1920w\" sizes=\"(max-width: 1024px) 100vw, 1024px\" \/><\/figure><div class=\"wp-block-media-text__content\">\n<h3 class=\"wp-block-heading is-style-little-title\"><strong><strong>An admirable mission<\/strong><\/strong><\/h3>\n\n\n\n<p>&#8221;In 2019, we welcomed a team of Hydro-Qu\u00e9bec employees and explained what MultiCaf could achieve thanks to Centraide. You could see the participants&#8217; understanding, respect and even admiration for our work. Three years later, some of these people volunteered at our Christmas meal dedicated to the vulnerable population of C\u00f4te-des-Neiges. That&#8217;s how important Centraide is to the community. Each person affected never sees communities in the same way again.&#8221;<\/p>\n\n\n\n<p class=\"has-text-align-right\"><strong>Jean-S\u00e9bastien Patrice<\/strong><br>Executive Director, Multicaf<\/p>\n<\/div><\/div>\n<\/div>\n\n\n<div style=\"height:86px\" aria-hidden=\"true\" class=\"wp-block-spacer\"><\/div>\n\n\n\n<h3 class=\"wp-block-heading is-style-little-title\"><strong>The biggest Centraide campaigns<\/strong><\/h3>\n\n\n\n<p>Together, <strong>the &#8220;Top 100&#8221; Campaigns were responsible for more than 60% of the result of the Centraide 2023 Campaign<\/strong>. Their generous support took several forms: by making a corporate donation, conducting an employee campaign, conducting a Leadership campaign, participating in the Philantropic Development Associate Program and donation of advertising space.<\/p>\n\n\n\n<div class=\"wp-block-columns no-padding is-layout-flex wp-container-core-columns-is-layout-9d6595d7 wp-block-columns-is-layout-flex\">\n<div class=\"wp-block-column is-layout-flow wp-block-column-is-layout-flow\"><section id=\"block_5d564a112503d77f2b3ea4db75faae33\" class=\"block-img-grey alignfull theme-block aligndefault \">\n\n<div class=\"block-img-grey__wrapper default\">\n      <div class=\"block-img-grey__img__wrapper\">\n      <div class=\"block-img-grey__img img_color\" >\n        <img decoding=\"async\" src=\"https:\/\/www.centraide-mtl.org\/wp-content\/uploads\/2021\/02\/logo-bmo-2.jpg\"\/>\n      <\/div>\n    <\/div>\n    \n  <div class=\"block-img-grey__info\">\n        \n          <h2 class=\"member__item__name\">BMO Financial Group<\/h2>\n        \n      <\/div>\n<\/div>\n<\/section>\n<\/div>\n\n\n\n<div class=\"wp-block-column is-layout-flow wp-block-column-is-layout-flow\"><section id=\"block_b5162d5e00147063bb0e8a7728e2c310\" class=\"block-img-grey alignfull theme-block aligndefault \">\n\n<div class=\"block-img-grey__wrapper default\">\n      <div class=\"block-img-grey__img__wrapper\">\n      <div class=\"block-img-grey__img img_color\" >\n        <img decoding=\"async\" src=\"https:\/\/www.centraide-mtl.org\/wp-content\/uploads\/2021\/02\/logo-bombardier-300x300.png\"\/>\n      <\/div>\n    <\/div>\n    \n  <div class=\"block-img-grey__info\">\n        \n          <h2 class=\"member__item__name\">Bombardier and J. Armand Bombardier Foundation<\/h2>\n        \n      <\/div>\n<\/div>\n<\/section>\n<\/div>\n\n\n\n<div class=\"wp-block-column is-layout-flow wp-block-column-is-layout-flow\"><section id=\"block_0fb4065a9dae57aee90b4f2d93a8e558\" class=\"block-img-grey alignfull theme-block aligndefault \">\n\n<div class=\"block-img-grey__wrapper default\">\n      <div class=\"block-img-grey__img__wrapper\">\n      <div class=\"block-img-grey__img img_color\" >\n        <img decoding=\"async\" src=\"https:\/\/www.centraide-mtl.org\/wp-content\/uploads\/2022\/07\/CAE_web.jpg\"\/>\n      <\/div>\n    <\/div>\n    \n  <div class=\"block-img-grey__info\">\n        \n          <h2 class=\"member__item__name\">CAE<\/h2>\n        \n      <\/div>\n<\/div>\n<\/section>\n<\/div>\n<\/div>\n\n\n\n<div class=\"wp-block-columns no-padding is-layout-flex wp-container-core-columns-is-layout-9d6595d7 wp-block-columns-is-layout-flex\">\n<div class=\"wp-block-column is-layout-flow wp-block-column-is-layout-flow\"><section id=\"block_c364b14f516df33026c24fd244b90018\" class=\"block-img-grey alignfull theme-block aligndefault \">\n\n<div class=\"block-img-grey__wrapper default\">\n      <div class=\"block-img-grey__img__wrapper\">\n      <div class=\"block-img-grey__img img_color\" >\n        <img decoding=\"async\" src=\"https:\/\/www.centraide-mtl.org\/wp-content\/uploads\/2021\/03\/Campagne-dEntraide-Gouvernement-du-Quebec-200x200-1.jpg\"\/>\n      <\/div>\n    <\/div>\n    \n  <div class=\"block-img-grey__info\">\n        \n          <h2 class=\"member__item__name\">Campagne d&#039;Entraide &#8211; Gouvernement du Qu\u00e9bec<\/h2>\n        \n      <\/div>\n<\/div>\n<\/section>\n<\/div>\n\n\n\n<div class=\"wp-block-column is-layout-flow wp-block-column-is-layout-flow\"><section id=\"block_caa2fdfb2113aadd6332e2b2414087ce\" class=\"block-img-grey alignfull theme-block aligndefault \">\n\n<div class=\"block-img-grey__wrapper default\">\n      <div class=\"block-img-grey__img__wrapper\">\n      <div class=\"block-img-grey__img img_color\" >\n        <img decoding=\"async\" src=\"https:\/\/www.centraide-mtl.org\/wp-content\/uploads\/2021\/03\/Caisse-de-depot-et-placement-du-Quebec-200x200-3.jpg\"\/>\n      <\/div>\n    <\/div>\n    \n  <div class=\"block-img-grey__info\">\n        \n          <h2 class=\"member__item__name\">CDPQ<\/h2>\n        \n      <\/div>\n<\/div>\n<\/section>\n<\/div>\n\n\n\n<div class=\"wp-block-column is-layout-flow wp-block-column-is-layout-flow\"><section id=\"block_cac69a4b2909cd35b337d14756c6da2f\" class=\"block-img-grey alignfull theme-block aligndefault \">\n\n<div class=\"block-img-grey__wrapper default\">\n      <div class=\"block-img-grey__img__wrapper\">\n      <div class=\"block-img-grey__img img_color\" >\n        <img decoding=\"async\" src=\"https:\/\/www.centraide-mtl.org\/wp-content\/uploads\/2022\/05\/CIBC_web-1.jpg\"\/>\n      <\/div>\n    <\/div>\n    \n  <div class=\"block-img-grey__info\">\n        \n          <h2 class=\"member__item__name\">CIBC<\/h2>\n        \n      <\/div>\n<\/div>\n<\/section>\n<\/div>\n<\/div>\n\n\n\n<div class=\"wp-block-columns no-padding is-layout-flex wp-container-core-columns-is-layout-9d6595d7 wp-block-columns-is-layout-flex\">\n<div class=\"wp-block-column is-layout-flow wp-block-column-is-layout-flow\"><section id=\"block_ed91b296d893ae06ab5461803b23c0a9\" class=\"block-img-grey alignfull theme-block aligndefault \">\n\n<div class=\"block-img-grey__wrapper default\">\n      <div class=\"block-img-grey__img__wrapper\">\n      <div class=\"block-img-grey__img img_color\" >\n        <img decoding=\"async\" src=\"https:\/\/www.centraide-mtl.org\/wp-content\/uploads\/2021\/03\/Ville-de-Montreal-200x200-1.jpg\"\/>\n      <\/div>\n    <\/div>\n    \n  <div class=\"block-img-grey__info\">\n        \n          <h2 class=\"member__item__name\">City of Montr\u00e9al<\/h2>\n        \n      <\/div>\n<\/div>\n<\/section>\n<\/div>\n\n\n\n<div class=\"wp-block-column is-layout-flow wp-block-column-is-layout-flow\"><section id=\"block_1ea208b2dd3cff7797bca5f6b65c82f1\" class=\"block-img-grey alignfull theme-block aligndefault \">\n\n<div class=\"block-img-grey__wrapper default\">\n      <div class=\"block-img-grey__img__wrapper\">\n      <div class=\"block-img-grey__img img_color\" >\n        <img decoding=\"async\" src=\"https:\/\/www.centraide-mtl.org\/wp-content\/uploads\/2021\/02\/desjardin-logo.jpg\"\/>\n      <\/div>\n    <\/div>\n    \n  <div class=\"block-img-grey__info\">\n        \n          <h2 class=\"member__item__name\">Desjardins Group<\/h2>\n        \n      <\/div>\n<\/div>\n<\/section>\n<\/div>\n\n\n\n<div class=\"wp-block-column is-layout-flow wp-block-column-is-layout-flow\"><section id=\"block_5e00d20d60cd320c77b259fec0b008f4\" class=\"block-img-grey alignfull theme-block aligndefault \">\n\n<div class=\"block-img-grey__wrapper default\">\n      <div class=\"block-img-grey__img__wrapper\">\n      <div class=\"block-img-grey__img img_color\" >\n        <img decoding=\"async\" src=\"https:\/\/www.centraide-mtl.org\/wp-content\/uploads\/2021\/03\/CCMTGC-EN-200x200-1.jpg\"\/>\n      <\/div>\n    <\/div>\n    \n  <div class=\"block-img-grey__info\">\n        \n          <h2 class=\"member__item__name\">Government of Canada Workplace Charitable Campaign<\/h2>\n        \n      <\/div>\n<\/div>\n<\/section>\n<\/div>\n<\/div>\n\n\n\n<div class=\"wp-block-columns no-padding is-layout-flex wp-container-core-columns-is-layout-9d6595d7 wp-block-columns-is-layout-flex\">\n<div class=\"wp-block-column is-layout-flow wp-block-column-is-layout-flow\"><section id=\"block_a2b81f115f7faa00b50602a61dae4b4a\" class=\"block-img-grey alignfull theme-block aligndefault \">\n\n<div class=\"block-img-grey__wrapper default\">\n      <div class=\"block-img-grey__img__wrapper\">\n      <div class=\"block-img-grey__img img_color\" >\n        <img decoding=\"async\" src=\"https:\/\/www.centraide-mtl.org\/wp-content\/uploads\/2021\/03\/Hydro-Quebec-200x200-1.jpg\"\/>\n      <\/div>\n    <\/div>\n    \n  <div class=\"block-img-grey__info\">\n        \n          <h2 class=\"member__item__name\">Hydro-Qu\u00e9bec<\/h2>\n        \n      <\/div>\n<\/div>\n<\/section>\n<\/div>\n\n\n\n<div class=\"wp-block-column is-layout-flow wp-block-column-is-layout-flow\"><section id=\"block_7f63db076eacbcb81a4aa0ae24433a4e\" class=\"block-img-grey alignfull theme-block aligndefault \">\n\n<div class=\"block-img-grey__wrapper default\">\n      <div class=\"block-img-grey__img__wrapper\">\n      <div class=\"block-img-grey__img img_color\" >\n        <img decoding=\"async\" src=\"https:\/\/www.centraide-mtl.org\/wp-content\/uploads\/2021\/02\/intact-logo.jpg\"\/>\n      <\/div>\n    <\/div>\n    \n  <div class=\"block-img-grey__info\">\n        \n          <h2 class=\"member__item__name\">Intact Financial Corporation<\/h2>\n        \n      <\/div>\n<\/div>\n<\/section>\n<\/div>\n\n\n\n<div class=\"wp-block-column is-layout-flow wp-block-column-is-layout-flow\"><section id=\"block_374f783c6d644afe0e3f2aa6b4a2db18\" class=\"block-img-grey alignfull theme-block aligndefault \">\n\n<div class=\"block-img-grey__wrapper default\">\n      <div class=\"block-img-grey__img__wrapper\">\n      <div class=\"block-img-grey__img img_color\" >\n        <img decoding=\"async\" src=\"https:\/\/www.centraide-mtl.org\/wp-content\/uploads\/2021\/03\/Metro-200x200-3.jpg\"\/>\n      <\/div>\n    <\/div>\n    \n  <div class=\"block-img-grey__info\">\n        \n          <h2 class=\"member__item__name\">METRO<\/h2>\n        \n      <\/div>\n<\/div>\n<\/section>\n<\/div>\n<\/div>\n\n\n\n<div class=\"wp-block-columns no-padding is-layout-flex wp-container-core-columns-is-layout-9d6595d7 wp-block-columns-is-layout-flex\">\n<div class=\"wp-block-column is-layout-flow wp-block-column-is-layout-flow\"><section id=\"block_76fd3c3f4ec5ac20b9ae22009250c766\" class=\"block-img-grey alignfull theme-block aligndefault \">\n\n<div class=\"block-img-grey__wrapper default\">\n      <div class=\"block-img-grey__img__wrapper\">\n      <div class=\"block-img-grey__img img_color\" >\n        <img decoding=\"async\" src=\"https:\/\/www.centraide-mtl.org\/wp-content\/uploads\/2021\/03\/National-Bank-200x200-1.jpg\"\/>\n      <\/div>\n    <\/div>\n    \n  <div class=\"block-img-grey__info\">\n        \n          <h2 class=\"member__item__name\">National Bank<\/h2>\n        \n      <\/div>\n<\/div>\n<\/section>\n<\/div>\n\n\n\n<div class=\"wp-block-column is-layout-flow wp-block-column-is-layout-flow\"><section id=\"block_0a2dd5c60423bdedb6c0286ade8f7f41\" class=\"block-img-grey alignfull theme-block aligndefault \">\n\n<div class=\"block-img-grey__wrapper default\">\n      <div class=\"block-img-grey__img__wrapper\">\n      <div class=\"block-img-grey__img img_color\" >\n        <img decoding=\"async\" src=\"https:\/\/www.centraide-mtl.org\/wp-content\/uploads\/2021\/03\/Power-corporation-du-Canada-200x200-1.jpg\"\/>\n      <\/div>\n    <\/div>\n    \n  <div class=\"block-img-grey__info\">\n        \n          <h2 class=\"member__item__name\">Power Corporation of Canada<\/h2>\n        \n      <\/div>\n<\/div>\n<\/section>\n<\/div>\n\n\n\n<div class=\"wp-block-column is-layout-flow wp-block-column-is-layout-flow\"><section id=\"block_bb14c1547cb334befb6987fd1effbd13\" class=\"block-img-grey alignfull theme-block aligndefault \">\n\n<div class=\"block-img-grey__wrapper default\">\n      <div class=\"block-img-grey__img__wrapper\">\n      <div class=\"block-img-grey__img img_color\" >\n        <img decoding=\"async\" src=\"https:\/\/www.centraide-mtl.org\/wp-content\/uploads\/2021\/03\/Pratt-Whitney-200x200-1.jpg\"\/>\n      <\/div>\n    <\/div>\n    \n  <div class=\"block-img-grey__info\">\n        \n          <h2 class=\"member__item__name\">Pratt &amp; Whitney Canada<\/h2>\n        \n      <\/div>\n<\/div>\n<\/section>\n<\/div>\n<\/div>\n\n\n\n<div class=\"wp-block-columns no-padding is-layout-flex wp-container-core-columns-is-layout-9d6595d7 wp-block-columns-is-layout-flex\">\n<div class=\"wp-block-column is-layout-flow wp-block-column-is-layout-flow\"><section id=\"block_ac6c28dfc6e5ef8ec767be8478c9406e\" class=\"block-img-grey alignfull theme-block aligndefault \">\n\n<div class=\"block-img-grey__wrapper default\">\n      <div class=\"block-img-grey__img__wrapper\">\n      <div class=\"block-img-grey__img img_color\" >\n        <img decoding=\"async\" src=\"https:\/\/www.centraide-mtl.org\/wp-content\/uploads\/2022\/05\/PwC_web.jpg\"\/>\n      <\/div>\n    <\/div>\n    \n  <div class=\"block-img-grey__info\">\n        \n          <h2 class=\"member__item__name\">PwC<\/h2>\n        \n      <\/div>\n<\/div>\n<\/section>\n<\/div>\n\n\n\n<div class=\"wp-block-column is-layout-flow wp-block-column-is-layout-flow\"><section id=\"block_1642d5a5ff67bc689c44600043799126\" class=\"block-img-grey alignfull theme-block aligndefault \">\n\n<div class=\"block-img-grey__wrapper default\">\n      <div class=\"block-img-grey__img__wrapper\">\n      <div class=\"block-img-grey__img img_color\" >\n        <img decoding=\"async\" src=\"https:\/\/www.centraide-mtl.org\/wp-content\/uploads\/2021\/03\/RBC-200x200-1.jpg\"\/>\n      <\/div>\n    <\/div>\n    \n  <div class=\"block-img-grey__info\">\n        \n          <h2 class=\"member__item__name\">RBC Royal Bank<\/h2>\n        \n      <\/div>\n<\/div>\n<\/section>\n<\/div>\n\n\n\n<div class=\"wp-block-column is-layout-flow wp-block-column-is-layout-flow\"><section id=\"block_1cd7234da7081539c86881167884a0c2\" class=\"block-img-grey alignfull theme-block aligndefault \">\n\n<div class=\"block-img-grey__wrapper default\">\n      <div class=\"block-img-grey__img__wrapper\">\n      <div class=\"block-img-grey__img img_color\" >\n        <img decoding=\"async\" src=\"https:\/\/www.centraide-mtl.org\/wp-content\/uploads\/2024\/06\/Rio_Tinto_web.jpg\"\/>\n      <\/div>\n    <\/div>\n    \n  <div class=\"block-img-grey__info\">\n        \n          <h2 class=\"member__item__name\">Rio Tinto<\/h2>\n        \n      <\/div>\n<\/div>\n<\/section>\n<\/div>\n<\/div>\n\n\n\n<div class=\"wp-block-columns no-padding is-layout-flex wp-container-core-columns-is-layout-9d6595d7 wp-block-columns-is-layout-flex\">\n<div class=\"wp-block-column is-layout-flow wp-block-column-is-layout-flow\"><section id=\"block_80aeedcd611f30aebd27b38e08bf6f72\" class=\"block-img-grey alignfull theme-block aligndefault \">\n\n<div class=\"block-img-grey__wrapper default\">\n      <div class=\"block-img-grey__img__wrapper\">\n      <div class=\"block-img-grey__img img_color\" >\n        <img decoding=\"async\" src=\"https:\/\/www.centraide-mtl.org\/wp-content\/uploads\/2021\/03\/Scotia-Bank-200x200-1.jpg\"\/>\n      <\/div>\n    <\/div>\n    \n  <div class=\"block-img-grey__info\">\n        \n          <h2 class=\"member__item__name\">Scotiabank<\/h2>\n        \n      <\/div>\n<\/div>\n<\/section>\n<\/div>\n\n\n\n<div class=\"wp-block-column is-layout-flow wp-block-column-is-layout-flow\"><section id=\"block_49b6eed0dd252a9d53cb5923602b66f8\" class=\"block-img-grey alignfull theme-block aligndefault \">\n\n<div class=\"block-img-grey__wrapper default\">\n      <div class=\"block-img-grey__img__wrapper\">\n      <div class=\"block-img-grey__img img_color\" >\n        <img decoding=\"async\" src=\"https:\/\/www.centraide-mtl.org\/wp-content\/uploads\/2021\/02\/TD-logo.jpg\"\/>\n      <\/div>\n    <\/div>\n    \n  <div class=\"block-img-grey__info\">\n        \n          <h2 class=\"member__item__name\">TD Bank Group<\/h2>\n        \n      <\/div>\n<\/div>\n<\/section>\n<\/div>\n\n\n\n<div class=\"wp-block-column is-layout-flow wp-block-column-is-layout-flow\"><\/div>\n<\/div>\n\n\n\n<div style=\"height:34px\" aria-hidden=\"true\" class=\"wp-block-spacer\"><\/div>\n\n\n\n<div class=\"wp-block-columns no-padding is-layout-flex wp-container-core-columns-is-layout-9d6595d7 wp-block-columns-is-layout-flex\">\n<div class=\"wp-block-column is-layout-flow wp-block-column-is-layout-flow\"><div class=\"wp-block-list\">\n<ul class=\"wp-block-list\">\n<li>Abbott Laboratories<\/li>\n\n\n\n<li>ADM &#8211; Montr\u00e9al Airport<\/li>\n\n\n\n<li>Agile MV<\/li>\n\n\n\n<li>ALSTOM<\/li>\n\n\n\n<li>ArcelorMittal Long Products Canada<\/li>\n\n\n\n<li>Atkins R\u00e9alis<\/li>\n\n\n\n<li>Axium Infrastructure<\/li>\n\n\n\n<li>AXOR<\/li>\n\n\n\n<li>BCF Business Lawyers<\/li>\n\n\n\n<li>Behaviour Interactive<\/li>\n\n\n\n<li>Bell<\/li>\n\n\n\n<li>Beneva<\/li>\n\n\n\n<li>Blake, Cassels &amp; Graydon<\/li>\n\n\n\n<li>BLG<\/li>\n\n\n\n<li>Broccolini Construction<\/li>\n\n\n\n<li>Canada Life<\/li>\n\n\n\n<li>Canam Group<\/li>\n\n\n\n<li>Carbonleo<\/li>\n\n\n\n<li>Ciena<\/li>\n\n\n\n<li>CIMA +<\/li>\n\n\n\n<li>Claridge<\/li>\n\n\n\n<li>CMC Electronics<\/li>\n\n\n\n<li>CN<\/li>\n\n\n\n<li>Cogeco<\/li>\n\n\n\n<li>Concordia University<\/li>\n\n\n\n<li>Costco Wholesale Canada<\/li>\n\n\n\n<li>Couche-Tard<\/li>\n\n\n\n<li>Coveo<\/li>\n<\/ul>\n<\/div>\n\n\n<p><\/p>\n<\/div>\n\n\n\n<div class=\"wp-block-column is-layout-flow wp-block-column-is-layout-flow\"><div class=\"wp-block-list\">\n<ul class=\"wp-block-list\">\n<li>Davies Ward Phillips &amp; Vineberg LLP<\/li>\n\n\n\n<li>Deloitte<\/li>\n\n\n\n<li>\u00c9nergir<\/li>\n\n\n\n<li>EY<\/li>\n\n\n\n<li>Fasken<\/li>\n\n\n\n<li>Fednav<\/li>\n\n\n\n<li>Fiera Capital Corporation<\/li>\n\n\n\n<li>FM Global<\/li>\n\n\n\n<li>Fonds de solidarit\u00e9 FTQ<\/li>\n\n\n\n<li>Gildan<\/li>\n\n\n\n<li>Google<\/li>\n\n\n\n<li>Groupe Dynamite<\/li>\n\n\n\n<li>Groupe Park Avenue<\/li>\n\n\n\n<li>Hatch<\/li>\n\n\n\n<li>HEC Montr\u00e9al<\/li>\n\n\n\n<li>H\u00e9roux-Devtek<\/li>\n\n\n\n<li>iA Financial Group<\/li>\n\n\n\n<li>IG Wealth Management<\/li>\n\n\n\n<li>Investissement Qu\u00e9bec<\/li>\n\n\n\n<li>Ivanho\u00e9 Cambridge<\/li>\n\n\n\n<li>Knight Therapeutics<\/li>\n\n\n\n<li>KPMG<\/li>\n\n\n\n<li>Lallemand<\/li>\n\n\n\n<li>Lavery<\/li>\n\n\n\n<li>Le Club de Hockey Canadien<\/li>\n\n\n\n<li>Levio<\/li>\n\n\n\n<li>Manulife<\/li>\n\n\n\n<li>Matrox<\/li>\n<\/ul>\n<\/div><\/div>\n\n\n\n<div class=\"wp-block-column is-layout-flow wp-block-column-is-layout-flow\"><div class=\"wp-block-list\">\n<ul class=\"wp-block-list\">\n<li>McCarthy T\u00e9trault<\/li>\n\n\n\n<li>McGill University<\/li>\n\n\n\n<li>McKesson Canada<\/li>\n\n\n\n<li>McKinsey<\/li>\n\n\n\n<li>Mercer &amp; Marsh Canada<\/li>\n\n\n\n<li>Norton Rose Fulbright<\/li>\n\n\n\n<li>Osler, Hoskin &amp; Harcourt LLP<\/li>\n\n\n\n<li>Pfizer Canada<\/li>\n\n\n\n<li>Pharmascience<\/li>\n\n\n\n<li>Pomerleau<\/li>\n\n\n\n<li>PSP Investments<\/li>\n\n\n\n<li>RGA Life Reinsurance Company of Canada<\/li>\n\n\n\n<li>Rolls-Royce Canada<\/li>\n\n\n\n<li>Sagard Holdings<\/li>\n\n\n\n<li>Saputo<\/li>\n\n\n\n<li>Soci\u00e9t\u00e9 de transport de Montr\u00e9al (STM)<\/li>\n\n\n\n<li>Stikeman Elliott LLP<\/li>\n\n\n\n<li>Sun Life Financial<\/li>\n\n\n\n<li>TC Transcontinental<\/li>\n\n\n\n<li>TFI International<\/li>\n\n\n\n<li>Universit\u00e9 de Montr\u00e9al<\/li>\n\n\n\n<li>Universit\u00e9 du Qu\u00e9bec \u00e0 Montr\u00e9al<\/li>\n\n\n\n<li>Valero Energy<\/li>\n\n\n\n<li>Ville de Laval<\/li>\n\n\n\n<li>Ville de Longueuil<\/li>\n\n\n\n<li>WSP<\/li>\n<\/ul>\n<\/div><\/div>\n<\/div>\n","protected":false},"excerpt":{"rendered":"<p>We work in concert with the largest companies and organizations in Greater Montreal, as well as their unions and employees, to create fundraising campaigns and win-win experiences. These collaborations result in positive benefits for all&hellip;<\/p>\n","protected":false},"author":1,"featured_media":44750,"parent":0,"menu_order":0,"comment_status":"closed","ping_status":"closed","template":"","meta":{"_acf_changed":false,"_relevanssi_hide_post":"","_relevanssi_hide_content":"","_relevanssi_pin_for_all":"","_relevanssi_pin_keywords":"","_relevanssi_unpin_keywords":"","_relevanssi_related_keywords":"","_relevanssi_related_include_ids":"","_relevanssi_related_exclude_ids":"","_relevanssi_related_no_append":"","_relevanssi_related_not_related":"","_relevanssi_related_posts":"1","_relevanssi_noindex_reason":"","footnotes":""},"class_list":["post-1561","page","type-page","status-publish","has-post-thumbnail","hentry"],"acf":[],"publishpress_future_workflow_manual_trigger":{"enabledWorkflows":[]},"_links":{"self":[{"href":"https:\/\/www.centraide-mtl.org\/en\/wp-json\/wp\/v2\/pages\/1561","targetHints":{"allow":["GET"]}}],"collection":[{"href":"https:\/\/www.centraide-mtl.org\/en\/wp-json\/wp\/v2\/pages"}],"about":[{"href":"https:\/\/www.centraide-mtl.org\/en\/wp-json\/wp\/v2\/types\/page"}],"author":[{"embeddable":true,"href":"https:\/\/www.centraide-mtl.org\/en\/wp-json\/wp\/v2\/users\/1"}],"replies":[{"embeddable":true,"href":"https:\/\/www.centraide-mtl.org\/en\/wp-json\/wp\/v2\/comments?post=1561"}],"version-history":[{"count":21,"href":"https:\/\/www.centraide-mtl.org\/en\/wp-json\/wp\/v2\/pages\/1561\/revisions"}],"predecessor-version":[{"id":72714,"href":"https:\/\/www.centraide-mtl.org\/en\/wp-json\/wp\/v2\/pages\/1561\/revisions\/72714"}],"wp:featuredmedia":[{"embeddable":true,"href":"https:\/\/www.centraide-mtl.org\/en\/wp-json\/wp\/v2\/media\/44750"}],"wp:attachment":[{"href":"https:\/\/www.centraide-mtl.org\/en\/wp-json\/wp\/v2\/media?parent=1561"}],"curies":[{"name":"wp","href":"https:\/\/api.w.org\/{rel}","templated":true}]}}