{"id":101873,"date":"2026-01-27T14:23:35","date_gmt":"2026-01-27T19:23:35","guid":{"rendered":"https:\/\/www.centraide-mtl.org\/?page_id=101873"},"modified":"2026-01-28T17:14:48","modified_gmt":"2026-01-28T22:14:48","slug":"initiative-immobiliere-communautaire-du-grand-montreal","status":"publish","type":"page","link":"https:\/\/www.centraide-mtl.org\/en\/initiative-immobiliere-communautaire-du-grand-montreal\/","title":{"rendered":"Initiative immobili\u00e8re communautaire du Grand Montr\u00e9al"},"content":{"rendered":"\n<h2 class=\"block-stylised-title theme-block aligndefault\" id=\"block_a2c3017fbfce7689c969b6e5ac516326\" style=\"text-align: center\">                            <span class=\"block-stylised-title__line block-stylised-title__line--big-thin\">A collective tool <\/span>\n                            <br>\n                  <span class=\"block-stylised-title__line block-stylised-title__line--small\"><b>to secure affordable community spaces<\/b><\/span>\n      <\/h2>\n\n\n<div class=\"container\">\n<div class=\"wp-block-media-text is-stacked-on-mobile has-white-background-color has-background\" style=\"grid-template-columns:44% auto\"><figure class=\"wp-block-media-text__media\"><img decoding=\"async\" width=\"1024\" height=\"666\" src=\"https:\/\/www.centraide-mtl.org\/wp-content\/uploads\/2026\/01\/Plein-Milieu-1024x666.jpg\" alt=\"\" class=\"wp-image-101865 size-full\" srcset=\"https:\/\/www.centraide-mtl.org\/wp-content\/uploads\/2026\/01\/Plein-Milieu-1024x666.jpg 1024w, https:\/\/www.centraide-mtl.org\/wp-content\/uploads\/2026\/01\/Plein-Milieu-300x195.jpg 300w, https:\/\/www.centraide-mtl.org\/wp-content\/uploads\/2026\/01\/Plein-Milieu-768x500.jpg 768w, https:\/\/www.centraide-mtl.org\/wp-content\/uploads\/2026\/01\/Plein-Milieu-1536x999.jpg 1536w, https:\/\/www.centraide-mtl.org\/wp-content\/uploads\/2026\/01\/Plein-Milieu.jpg 2048w\" sizes=\"(max-width: 1024px) 100vw, 1024px\" \/><\/figure><div class=\"wp-block-media-text__content\">\n<div style=\"height:22px\" aria-hidden=\"true\" class=\"wp-block-spacer\"><\/div>\n\n\n\n<h3 class=\"wp-block-heading is-style-little-title\"><strong><strong><strong><strong><strong>A cooperative response to the affordable space crisis<\/strong><\/strong><\/strong><\/strong><\/strong><\/h3>\n\n\n\n<p>The Initiative immobili\u00e8re communautaire du Grand&nbsp;Montr\u00e9al is a group&nbsp;of over 20&nbsp;public, community, philanthropic and financial partners who are addressing the affordable space crisis facing many community agencies in Greater&nbsp;Montreal.<\/p>\n\n\n\n<p><sub><strong>\u00a9<\/strong> Plein Milieu<\/sub><\/p>\n\n\n\n<div style=\"height:22px\" aria-hidden=\"true\" class=\"wp-block-spacer\"><\/div>\n<\/div><\/div>\n<\/div>\n\n\n<p>A collective effort initiated by Centraide of Greater Montreal, the Chantier de l&#8217;\u00e9conomie sociale, the Coalition montr\u00e9alaise des Tables de quartier (CMTQ), and the Lucie and Andr\u00e9 Chagnon Foundation, the Initiative seeks to create stable and affordable community spaces over the long term.<\/p>\n\n\n\n<p>It provides agencies with structured financial tools totalling $18.5 million to help them purchase, renovate or build their own facilities.<\/p>\n\n\n\n<div style=\"height:50px\" aria-hidden=\"true\" class=\"wp-block-spacer\"><\/div>\n\n\n\n<h3 class=\"wp-block-heading is-style-little-title\"><strong>Three financial levers to give the community<a> <\/a>a new lease on their missions <\/strong><a id=\"_msocom_1\"><\/a><\/h3>\n\n\n\n<div style=\"height:25px\" aria-hidden=\"true\" class=\"wp-block-spacer\"><\/div>\n\n\n<div class=\"wp-block-list\">\n<ol start=\"1\" class=\"wp-block-list\">\n<li><strong>Support loan program<\/strong>: This program provides professional and technical support to help agencies plan an acquisition, renovation or construction project.<br><\/li>\n\n\n\n<li><strong>Social acquisition fund<\/strong> : This fund allows agencies to quickly secure the purchase of a building or piece of land so that they have enough time to finalize the project\u2019s financial structure.<br><\/li>\n\n\n\n<li><strong>Social investment fund<\/strong>: This fund supports the long-term financing of community real estate projects through loans with favourable terms.<br><\/li>\n<\/ol>\n<\/div>\n\n\n<p>Together, these tools combine into a unique financing continuum that strengthens agencies\u2019 ability to act and supports their missions over the long term.<a id=\"_msocom_1\"><\/a><\/p>\n\n\n\n<div style=\"height:51px\" aria-hidden=\"true\" class=\"wp-block-spacer\"><\/div>\n\n\n\n<h3 class=\"wp-block-heading is-style-little-title\"><strong><strong><strong><strong><strong>Centraide: A bridge between partners<\/strong><\/strong><\/strong><\/strong><\/strong><\/h3>\n\n\n\n<p>Centraide of Greater Montreal played a central leadership role to launch and coordinate the Initiative immobili\u00e8re communautaire du Grand Montr\u00e9al.<\/p>\n\n\n\n<div style=\"height:10px\" aria-hidden=\"true\" class=\"wp-block-spacer\"><\/div>\n\n\n\n  <section id=\"block_bfc891e35ea83b11fc21f00c1b46bcbe\"  class=\"block-accordions aligndefault\">\n          <div class=\"faq-item accordion\">\n        <button class=\"faq-item__header accordion-toggle\" aria-expanded=\"false\" aria-controls=\"faq-6a04c88d2a8c4\">\n          <p class=\"faq-item__title\">Stakeholder organization<\/p>\n          <i class=\"icon icon-arrow-down\" aria-hidden=\"true\"><\/i>\n        <\/button>\n        <div class=\"faq-item__content accordion-content entry-content\" style=\"display:none;\" id=\"faq-6a04c88d2a8c4\">\n          <div class=\"entry-content alignfull\">\n          \n                          <p>In 2017, Centraide brought together initial partners from the community, financial and philanthropic sectors\u2014such as the Chantier de l&#8217;\u00e9conomie sociale, CMTQ, and Lucie and Andr\u00e9 Chagnon Foundation\u2014to jointly reflect on the affordable space crisis.<\/p>\n                                  <\/div>\n        <\/div>\n      <\/div>\n          <div class=\"faq-item accordion\">\n        <button class=\"faq-item__header accordion-toggle\" aria-expanded=\"false\" aria-controls=\"faq-6a04c88d2aa1f\">\n          <p class=\"faq-item__title\">Leadership and governance<\/p>\n          <i class=\"icon icon-arrow-down\" aria-hidden=\"true\"><\/i>\n        <\/button>\n        <div class=\"faq-item__content accordion-content entry-content\" style=\"display:none;\" id=\"faq-6a04c88d2aa1f\">\n          <div class=\"entry-content alignfull\">\n          \n                          <p>With the CMTQ, Centraide co-chaired the first two years of the Initiative to keep the process on par with the actual needs of community agencies.<\/p>\n                                  <\/div>\n        <\/div>\n      <\/div>\n          <div class=\"faq-item accordion\">\n        <button class=\"faq-item__header accordion-toggle\" aria-expanded=\"false\" aria-controls=\"faq-6a04c88d2aacf\">\n          <p class=\"faq-item__title\">Financial and strategic support<\/p>\n          <i class=\"icon icon-arrow-down\" aria-hidden=\"true\"><\/i>\n        <\/button>\n        <div class=\"faq-item__content accordion-content entry-content\" style=\"display:none;\" id=\"faq-6a04c88d2aacf\">\n          <div class=\"entry-content alignfull\">\n          \n                          <p>Centraide teamed up with the Lucie and Andr\u00e9 Chagnon Foundation, McConnell Foundation, and Mirella and Lino Saputo Foundation to fund the initial development phases of the Initiative, which included creating financial tools, establishing collaborative governance, and finding partner investors.<\/p>\n                                  <\/div>\n        <\/div>\n      <\/div>\n      <\/section>\n  \n\n\n<p>Centraide of Greater Montreal\u2019s commitment has aligned the region\u2019s key stakeholders around a common vision to ensure that stable, affordable spaces are available over the long term to benefit both agencies and the populations they support.<\/p>\n\n\n\n<div style=\"height:61px\" aria-hidden=\"true\" class=\"wp-block-spacer\"><\/div>\n\n\n\n<h3 class=\"wp-block-heading is-style-little-title\"><strong><strong><strong><strong><strong><strong>Concrete and lasting effects on the ground<\/strong><\/strong><\/strong><\/strong><\/strong><\/strong><\/h3>\n\n\n\n<p>The Initiative immobili\u00e8re communautaire du Grand Montr\u00e9al acts as an interface between the social and the financial.<\/p>\n\n\n\n<p>Its mission:<\/p>\n\n\n<div class=\"wp-block-list\">\n<ul class=\"wp-block-list\">\n<li>Preserve community spaces in neighbourhoods.<\/li>\n<\/ul>\n<\/div>\n\n<div class=\"wp-block-list\">\n<ul class=\"wp-block-list\">\n<li>Help agencies stay financially stable.<\/li>\n<\/ul>\n<\/div>\n\n<div class=\"wp-block-list\">\n<ul class=\"wp-block-list\">\n<li>Mutualize resources and spread out risk among social investors.<\/li>\n<\/ul>\n<\/div>\n\n<div class=\"wp-block-list\">\n<ul class=\"wp-block-list\">\n<li>Strengthen the Greater Montreal community ecosystem.<\/li>\n<\/ul>\n<\/div>\n\n\n<div style=\"height:15px\" aria-hidden=\"true\" class=\"wp-block-spacer\"><\/div>\n\n\n\n<div class=\"wp-block-group\"><div class=\"wp-block-group__inner-container is-layout-flow wp-block-group-is-layout-flow\">\n<div style=\"height:15px\" aria-hidden=\"true\" class=\"wp-block-spacer\"><\/div>\n\n\n<div class=\"wp-block-image\">\n<figure class=\"aligncenter size-full is-resized\"><img decoding=\"async\" width=\"609\" height=\"85\" src=\"https:\/\/www.centraide-mtl.org\/wp-content\/uploads\/2022\/05\/Separateur_corpo_1-1.png\" alt=\"\" class=\"wp-image-44527\" style=\"object-fit:cover;width:386px;height:auto\" srcset=\"https:\/\/www.centraide-mtl.org\/wp-content\/uploads\/2022\/05\/Separateur_corpo_1-1.png 609w, https:\/\/www.centraide-mtl.org\/wp-content\/uploads\/2022\/05\/Separateur_corpo_1-1-300x42.png 300w\" sizes=\"(max-width: 609px) 100vw, 609px\" \/><\/figure>\n<\/div><\/div><\/div>\n\n\n\n<h3 class=\"wp-block-heading is-style-little-title\"><strong><strong><strong>Learn more<\/strong><\/strong><\/strong><\/h3>\n\n\n\n<p>Visit the website of the Initiative immobili\u00e8re communautaire du Grand Montr\u00e9al: <a href=\"https:\/\/initiativeimmobiliere.ca?utm_source=chatgpt.com\" target=\"_blank\" rel=\"noreferrer noopener\">initiativeimmobiliere.ca<\/a><\/p>\n\n\n\n<div style=\"height:40px\" aria-hidden=\"true\" class=\"wp-block-spacer\"><\/div>\n\n\n\n<div id=\"mail-banner\" class=\"mail-banner__wrapper\" style=\"background:url('https:\/\/www.centraide-mtl.org\/wp-content\/uploads\/2026\/03\/Banniere-inscription-infolettre.png');\">\n  <div class=\"mail-banner__info\">\n    <div class=\"mail-banner__info__title\">\n      Stay informed    <\/div>\n    <div class=\"mail-banner__info__subtitle\">\n      Subscribe to our newsletter    <\/div>\n  <\/div>\n  <div id=\"mail-banner__form\" class=\"mail-banner__form\">\n    \n  <h2 class=\"newsletter__title\">Stay informed about our news<\/h2>\n    \n<a id=\"gform_mimic_1\" class=\"newsletter__btn btn bannerNewsletter\" href=\"https:\/\/www.centraide-mtl.org\/en\/newsletter-subscription\/\">\n  Subscribe  <span class=\"icon icon-infolettre\" role=\"presentation\"><\/span>\n<\/a>\n\n  <\/div>\n<\/div>\n","protected":false},"excerpt":{"rendered":"<p>A collective effort initiated by Centraide of Greater Montreal, the Chantier de l&#8217;\u00e9conomie sociale, the Coalition montr\u00e9alaise des Tables de quartier (CMTQ), and the Lucie and Andr\u00e9 Chagnon Foundation, the Initiative seeks to create stable&hellip;<\/p>\n","protected":false},"author":5,"featured_media":0,"parent":0,"menu_order":0,"comment_status":"closed","ping_status":"closed","template":"","meta":{"_acf_changed":false,"_relevanssi_hide_post":"","_relevanssi_hide_content":"","_relevanssi_pin_for_all":"","_relevanssi_pin_keywords":"","_relevanssi_unpin_keywords":"","_relevanssi_related_keywords":"","_relevanssi_related_include_ids":"","_relevanssi_related_exclude_ids":"","_relevanssi_related_no_append":"","_relevanssi_related_not_related":"","_relevanssi_related_posts":"","_relevanssi_noindex_reason":"","footnotes":""},"class_list":["post-101873","page","type-page","status-publish","hentry"],"acf":[],"publishpress_future_workflow_manual_trigger":{"enabledWorkflows":[]},"_links":{"self":[{"href":"https:\/\/www.centraide-mtl.org\/en\/wp-json\/wp\/v2\/pages\/101873","targetHints":{"allow":["GET"]}}],"collection":[{"href":"https:\/\/www.centraide-mtl.org\/en\/wp-json\/wp\/v2\/pages"}],"about":[{"href":"https:\/\/www.centraide-mtl.org\/en\/wp-json\/wp\/v2\/types\/page"}],"author":[{"embeddable":true,"href":"https:\/\/www.centraide-mtl.org\/en\/wp-json\/wp\/v2\/users\/5"}],"replies":[{"embeddable":true,"href":"https:\/\/www.centraide-mtl.org\/en\/wp-json\/wp\/v2\/comments?post=101873"}],"version-history":[{"count":9,"href":"https:\/\/www.centraide-mtl.org\/en\/wp-json\/wp\/v2\/pages\/101873\/revisions"}],"predecessor-version":[{"id":101905,"href":"https:\/\/www.centraide-mtl.org\/en\/wp-json\/wp\/v2\/pages\/101873\/revisions\/101905"}],"wp:attachment":[{"href":"https:\/\/www.centraide-mtl.org\/en\/wp-json\/wp\/v2\/media?parent=101873"}],"curies":[{"name":"wp","href":"https:\/\/api.w.org\/{rel}","templated":true}]}}