{"id":101732,"date":"2026-01-16T12:04:50","date_gmt":"2026-01-16T17:04:50","guid":{"rendered":"https:\/\/www.centraide-mtl.org\/?page_id=101732"},"modified":"2026-01-16T12:05:00","modified_gmt":"2026-01-16T17:05:00","slug":"youth-success-project","status":"publish","type":"page","link":"https:\/\/www.centraide-mtl.org\/en\/youth-success-project\/","title":{"rendered":"Youth Success Project"},"content":{"rendered":"\n<h2 class=\"block-stylised-title theme-block aligndefault\" id=\"block_28a469e02cc0d29ef45dcc321059b214\" style=\"text-align: center\">                            <span class=\"block-stylised-title__line block-stylised-title__line--big-thin\">A partnership to support<\/span>\n                            <br>\n                  <span class=\"block-stylised-title__line block-stylised-title__line--small\"><b>Quebec\u2019s youth and children<\/b><\/span>\n      <\/h2>\n\n\n\n<div style=\"height:14px\" aria-hidden=\"true\" class=\"wp-block-spacer\"><\/div>\n\n\n<div class=\"container\">\n<div class=\"wp-block-media-text is-stacked-on-mobile has-white-background-color has-background\" style=\"grid-template-columns:25% auto\"><figure class=\"wp-block-media-text__media\"><img decoding=\"async\" width=\"800\" height=\"600\" src=\"https:\/\/www.centraide-mtl.org\/wp-content\/uploads\/2026\/01\/Projet-Reussite-jeunesse.png\" alt=\"\" class=\"wp-image-101728 size-full\" srcset=\"https:\/\/www.centraide-mtl.org\/wp-content\/uploads\/2026\/01\/Projet-Reussite-jeunesse.png 800w, https:\/\/www.centraide-mtl.org\/wp-content\/uploads\/2026\/01\/Projet-Reussite-jeunesse-300x225.png 300w, https:\/\/www.centraide-mtl.org\/wp-content\/uploads\/2026\/01\/Projet-Reussite-jeunesse-768x576.png 768w\" sizes=\"(max-width: 800px) 100vw, 800px\" \/><\/figure><div class=\"wp-block-media-text__content\">\n<div style=\"height:22px\" aria-hidden=\"true\" class=\"wp-block-spacer\"><\/div>\n\n\n\n<h3 class=\"wp-block-heading is-style-little-title\"><strong><strong><strong><strong>What is the Youth Success Project?<\/strong><\/strong><\/strong><\/strong><\/h3>\n\n\n\n<p>The Youth Success Project is a collective initiative steered by the Centraides of Quebec in partnership with the <strong>Lucie and Andr\u00e9 Chagnon Foundation<\/strong>. Coordinated by Centraide of Greater Montreal, this project supports youth success by building the capacity of community agencies that help young people.<\/p>\n\n\n\n<p>Launched in 2021, the project initially addressed the pandemic\u2019s impacts\u2014such as isolation, anxiety, motivation loss, and food insecurity\u2014on young people and their families.<\/p>\n\n\n\n<p>When the second phase started in 2024, the project scope broadened to include the entire social and academic journey from early childhood to adulthood.<\/p>\n\n\n\n<div style=\"height:22px\" aria-hidden=\"true\" class=\"wp-block-spacer\"><\/div>\n<\/div><\/div>\n<\/div>\n\n\n<p class=\"is-style-little-title\"><strong><strong>Goals<\/strong><\/strong><\/p>\n\n\n\n<div style=\"height:13px\" aria-hidden=\"true\" class=\"wp-block-spacer\"><\/div>\n\n\n<div class=\"wp-block-list\">\n<ul class=\"wp-block-list\">\n<li>Build the capacity of youth agencies to provide ongoing support to young people and their families.<\/li>\n\n\n\n<li>Provide equitable support to young people across all Quebec regions.<\/li>\n\n\n\n<li>Support regional collective action and develop impactful medium-term visions to avoid duplicating specific projects.<\/li>\n<\/ul>\n<\/div>\n\n\n<div style=\"height:14px\" aria-hidden=\"true\" class=\"wp-block-spacer\"><\/div>\n\n\n\n<p class=\"is-style-little-title\"><strong><strong><strong>Scope and funding<\/strong><\/strong><\/strong><\/p>\n\n\n\n<p>The project has two phases:<\/p>\n\n\n\n<p><strong>2021-2024:<\/strong> Investment of $6.5 million, preceded by a $2.5-million emergency fund related to the pandemic.<\/p>\n\n\n\n<p><strong>2024-2027:<\/strong> Investment of $7.6 million, including approximately $2.5 million managed by Centraide of Greater Montreal for the metropolitan territory.<\/p>\n\n\n\n<p>The Centraides of Quebec are using these investments to support youth agencies, regional initiatives, and collective efforts to promote young people\u2019s academic perseverance, mental health, food security, and social inclusion.<\/p>\n\n\n\n<div style=\"height:36px\" aria-hidden=\"true\" class=\"wp-block-spacer\"><\/div>\n\n\n\n<p class=\"is-style-little-title\"><strong><strong><strong><strong>An impact felt in every region<\/strong><\/strong><\/strong><\/strong><\/p>\n\n\n\n<p>The Youth Success Project supports about ten initiatives that aim to improve young people\u2019s success and well-being.<\/p>\n\n\n\n<p>Below are some examples:<\/p>\n\n\n\n<p><strong><strong>\u270f\ufe0f<\/strong>\u00a0Academic perseverance:<\/strong> Parental support, summer learning camps, and support for school transitions.<\/p>\n\n\n\n<p>\ud83e\udde0 <strong>Mental health:<\/strong> Local outreach with teens, psychological support, and distress prevention.<\/p>\n\n\n\n<p>\ud83d\uded2 <strong>Food security:<\/strong> Collective cooking workshops and food assistance for families and young people at risk of homelessness.<\/p>\n\n\n\n<p><strong><strong>\ud83d\udc68\ud83c\udffb\u200d\ud83e\uddb1<\/strong>\u00a0Youth centres<\/strong>: Spaces where staff welcome and listen to teens, who can express themselves and develop their independence, confidence, and community involvement<\/p>\n\n\n\n<p>\ud83d\udce3 <strong>Community engagement:<\/strong> Capacity building at agencies and the development of lasting regional partnerships.<\/p>\n\n\n\n<div style=\"height:16px\" aria-hidden=\"true\" class=\"wp-block-spacer\"><\/div>\n\n\n\n<div class=\"wp-block-group\"><div class=\"wp-block-group__inner-container is-layout-flow wp-block-group-is-layout-flow\">\n<div style=\"height:15px\" aria-hidden=\"true\" class=\"wp-block-spacer\"><\/div>\n\n\n<div class=\"wp-block-image\">\n<figure class=\"aligncenter size-full is-resized\"><img decoding=\"async\" width=\"609\" height=\"85\" src=\"https:\/\/www.centraide-mtl.org\/wp-content\/uploads\/2022\/05\/Separateur_corpo_1-1.png\" alt=\"\" class=\"wp-image-44527\" style=\"object-fit:cover;width:386px;height:auto\" srcset=\"https:\/\/www.centraide-mtl.org\/wp-content\/uploads\/2022\/05\/Separateur_corpo_1-1.png 609w, https:\/\/www.centraide-mtl.org\/wp-content\/uploads\/2022\/05\/Separateur_corpo_1-1-300x42.png 300w\" sizes=\"(max-width: 609px) 100vw, 609px\" \/><\/figure>\n<\/div><\/div><\/div>\n\n\n\n<h3 class=\"wp-block-heading is-style-little-title\"><strong><strong><strong>Three projects supported in Greater Montreal<\/strong><\/strong><\/strong><\/h3>\n\n\n\n  <section id=\"block_562fabc7df0811e95d61da131504f346\"  class=\"block-accordions aligndefault\">\n          <div class=\"faq-item accordion\">\n        <button class=\"faq-item__header accordion-toggle\" aria-expanded=\"false\" aria-controls=\"faq-69f8abe15f1bc\">\n          <p class=\"faq-item__title\">Montreal &#8211; Maison des familles de LaSalle (MFL)<\/p>\n          <i class=\"icon icon-arrow-down\" aria-hidden=\"true\"><\/i>\n        <\/button>\n        <div class=\"faq-item__content accordion-content entry-content\" style=\"display:none;\" id=\"faq-69f8abe15f1bc\">\n          <div class=\"entry-content alignfull\">\n          \n                          <p>The Maison des familles de LaSalle (MFL) is an agency that welcomes, listens to, educates, and supports LaSalle families. It provides a warm and safe space that nurtures the well-being of families and the overall development of children aged 0 to 12.<\/p>\n<p>The MFL runs a variety of original, creative, and educational activities to give children and their parents rewarding experiences. Its main services include workshops for parents and their children aged 0 to 12, stimulation workshops for young children, school readiness activities, as well as meet-ups to help families build a network and connect with each other.<\/p>\n<p>The agency also runs a community drop-off day care centre that provides a space both for children to play and learn and for parents to get a much-needed break. This Monday-through-Thursday service supports families thanks to an environment that is adapted to the needs of children and their parents.<\/p>\n<p>The MFL emphasizes participation, mutual help, and connection to recognize and help parents in their role as the primary educators of their children. These activities not only build parenting skills but also help families interact so that each child can develop as well as possible.<\/p>\n<p>The MFL\u2019s recognized expertise makes it a key stakeholder in supporting neighbourhood families, as it gives them a welcoming space where young and old alike can grow, learn, and develop together.<\/p>\n                                  <\/div>\n        <\/div>\n      <\/div>\n          <div class=\"faq-item accordion\">\n        <button class=\"faq-item__header accordion-toggle\" aria-expanded=\"false\" aria-controls=\"faq-69f8abe15f38c\">\n          <p class=\"faq-item__title\">Laval &#8211; Maison des enfants le Dauphin de Laval<\/p>\n          <i class=\"icon icon-arrow-down\" aria-hidden=\"true\"><\/i>\n        <\/button>\n        <div class=\"faq-item__content accordion-content entry-content\" style=\"display:none;\" id=\"faq-69f8abe15f38c\">\n          <div class=\"entry-content alignfull\">\n          \n                          <p>The Maison des enfants le Dauphin de Laval (MED) is a community agency that works with Laval families and their children aged 0 to 12. This centre is a place for them to succeed, find friendships, and thrive.<\/p>\n<p>The MED stands out through its diverse activities and adapted approach for different age groups. It runs workshops for parents to help their children aged 0 to 5 develop their motor, cognitive, and social skills as they get ready to transition to school. The agency also organizes activities and workshops for children aged 6 to 12\u202fusing a unique approach that helps them develop a love of learning. Recognized by the F\u00e9d\u00e9ration qu\u00e9b\u00e9coise des organismes communautaires Famille, this approach encourages children to learn, builds their relationship with their parent or a significant adult, and reinforces their self-esteem.<\/p>\n<p>The agency is also known for its \u201cConfidences \u00e0 un Dauphin\u201d service, which lets Laval children express their joys and fears and ask questions. Children at the 37 partner primary schools can drop off their letters in a special mail box. Counsellors at the MED oversee this completely anonymous program and answer the children\u2019s letters with encouragement and tools to help them face their problems and to support their relationship with their parents. Every year, the MED receives and answers over 12,000 letters from Laval children.<\/p>\n                                  <\/div>\n        <\/div>\n      <\/div>\n          <div class=\"faq-item accordion\">\n        <button class=\"faq-item__header accordion-toggle\" aria-expanded=\"false\" aria-controls=\"faq-69f8abe15f505\">\n          <p class=\"faq-item__title\">South Shore &#8211; Maison des jeunes (MDJ) de Saint-R\u00e9mi (L\u2019Adomissile) <\/p>\n          <i class=\"icon icon-arrow-down\" aria-hidden=\"true\"><\/i>\n        <\/button>\n        <div class=\"faq-item__content accordion-content entry-content\" style=\"display:none;\" id=\"faq-69f8abe15f505\">\n          <div class=\"entry-content alignfull\">\n          \n                          <p>L\u2019Adomissile is the youth centre of La Maison des jeunes (MDJ) de Saint-R\u00e9mi in the MRC des Jardins-de-Napierville. There, young people can enjoy a variety of sports, arts, and social activities in a non-school context. In 2024-2025, nearly 250 young people went to the centre to develop their independence and discover new interests.<\/p>\n<p>In this vast and highly rural territory that has struggled to keep students in school, L\u2019Adomissile plays an essential role, particularly by providing homework assistance and helping students apply to CEGEP. To compensate for the lack of public transit, the agency bought two vehicles and made 1,280\u202ftrips to help young people access their activities.<\/p>\n<p>Youths in this territory are also encouraged to join an advisory committee that influences the agency\u2019s decisions, which allows them to develop their critical thinking, leadership skills, and ability to get involved in the community.<\/p>\n<p>In addition to this space, L\u2019Adomissile deploys a team of outreach workers in the 11 municipalities in the MRC to guide teens and young adults aged 12 to 24\u2014and sometimes up to age 35\u2014to the right resources. The team also promotes mediation with the family, the school, or other stakeholders and strives to reduce harm while making everyone aware of different problems.<\/p>\n<p>It is no surprise that schools, municipal institutions, and the CISSS regularly consult the youth centre for its expertise on young people\u2019s real experiences.<\/p>\n                                  <\/div>\n        <\/div>\n      <\/div>\n      <\/section>\n  \n\n\n<div style=\"height:36px\" aria-hidden=\"true\" class=\"wp-block-spacer\"><\/div>\n\n\n\n<h3 class=\"wp-block-heading is-style-little-title\">\ud83e\udd1d <strong><strong><strong>A lasting partnership<\/strong><\/strong><\/strong><\/h3>\n\n\n\n<p>The Youth Success Project stems from a vision shared by the Lucie and Andr\u00e9 Chagnon Foundation and the Centraides of Quebec that aims to let every child and young person in the province develop in a compassionate, supportive, and equitable environment.<\/p>\n\n\n\n<div style=\"height:40px\" aria-hidden=\"true\" class=\"wp-block-spacer\"><\/div>\n\n\n\n<div id=\"mail-banner\" class=\"mail-banner__wrapper\" style=\"background:url('https:\/\/www.centraide-mtl.org\/wp-content\/uploads\/2026\/03\/Banniere-inscription-infolettre.png');\">\n  <div class=\"mail-banner__info\">\n    <div class=\"mail-banner__info__title\">\n      Stay informed    <\/div>\n    <div class=\"mail-banner__info__subtitle\">\n      Subscribe to our newsletter    <\/div>\n  <\/div>\n  <div id=\"mail-banner__form\" class=\"mail-banner__form\">\n    \n  <h2 class=\"newsletter__title\">Stay informed about our news<\/h2>\n    \n<a id=\"gform_mimic_1\" class=\"newsletter__btn btn bannerNewsletter\" href=\"https:\/\/www.centraide-mtl.org\/en\/newsletter-subscription\/\">\n  Subscribe  <span class=\"icon icon-infolettre\" role=\"presentation\"><\/span>\n<\/a>\n\n  <\/div>\n<\/div>\n","protected":false},"excerpt":{"rendered":"<p>Goals Scope and funding The project has two phases: 2021-2024: Investment of $6.5 million, preceded by a $2.5-million emergency fund related to the pandemic. 2024-2027: Investment of $7.6 million, including approximately $2.5 million managed by&hellip;<\/p>\n","protected":false},"author":5,"featured_media":101719,"parent":0,"menu_order":0,"comment_status":"closed","ping_status":"closed","template":"","meta":{"_acf_changed":false,"_relevanssi_hide_post":"","_relevanssi_hide_content":"","_relevanssi_pin_for_all":"","_relevanssi_pin_keywords":"","_relevanssi_unpin_keywords":"","_relevanssi_related_keywords":"","_relevanssi_related_include_ids":"","_relevanssi_related_exclude_ids":"","_relevanssi_related_no_append":"","_relevanssi_related_not_related":"","_relevanssi_related_posts":"54729,945,41083,41207,28562,60113","_relevanssi_noindex_reason":"","footnotes":""},"class_list":["post-101732","page","type-page","status-publish","has-post-thumbnail","hentry"],"acf":[],"publishpress_future_workflow_manual_trigger":{"enabledWorkflows":[]},"_links":{"self":[{"href":"https:\/\/www.centraide-mtl.org\/en\/wp-json\/wp\/v2\/pages\/101732","targetHints":{"allow":["GET"]}}],"collection":[{"href":"https:\/\/www.centraide-mtl.org\/en\/wp-json\/wp\/v2\/pages"}],"about":[{"href":"https:\/\/www.centraide-mtl.org\/en\/wp-json\/wp\/v2\/types\/page"}],"author":[{"embeddable":true,"href":"https:\/\/www.centraide-mtl.org\/en\/wp-json\/wp\/v2\/users\/5"}],"replies":[{"embeddable":true,"href":"https:\/\/www.centraide-mtl.org\/en\/wp-json\/wp\/v2\/comments?post=101732"}],"version-history":[{"count":3,"href":"https:\/\/www.centraide-mtl.org\/en\/wp-json\/wp\/v2\/pages\/101732\/revisions"}],"predecessor-version":[{"id":103228,"href":"https:\/\/www.centraide-mtl.org\/en\/wp-json\/wp\/v2\/pages\/101732\/revisions\/103228"}],"wp:featuredmedia":[{"embeddable":true,"href":"https:\/\/www.centraide-mtl.org\/en\/wp-json\/wp\/v2\/media\/101719"}],"wp:attachment":[{"href":"https:\/\/www.centraide-mtl.org\/en\/wp-json\/wp\/v2\/media?parent=101732"}],"curies":[{"name":"wp","href":"https:\/\/api.w.org\/{rel}","templated":true}]}}